{"id":4505,"date":"2016-11-29T20:19:41","date_gmt":"2016-11-29T19:19:41","guid":{"rendered":"http:\/\/klubmamgdynia.pl\/index.php\/produkt\/smily-play-wesoly-statek-lodz-sorter-piramidka-4w1\/"},"modified":"2026-04-05T21:56:26","modified_gmt":"2026-04-05T19:56:26","slug":"smily-play-wesoly-statek-lodz-sorter-piramidka-4w1","status":"publish","type":"product","link":"http:\/\/klubmamgdynia.pl\/index.php\/produkt\/smily-play-wesoly-statek-lodz-sorter-piramidka-4w1\/","title":{"rendered":"Smily Play Weso\u0142y Statek \u0141\u00f3d\u017a Sorter Piramidka 4W1"},"content":{"rendered":"<p>WESO\u0141Y STATEK 4w1 DO CI\u0104GANIA MARKI SMILY PLAY\u00aeWeso\u0142y Statek 4w1 &#8211; idealny dla malucha ju\u017c od 12 miesi\u0105ca \u017cycia!Zadbaj o to, by Tw\u00f3j skarb bezpiecznie si\u0119 bawi\u0142 i rozwija\u0142 &#8211; podaruj mu Weso\u0142y Statek, renomowanej polskiej marki dzieci\u0119cej &#8211; Smily play\u00ae. Zabawka bardzo ucieszy Twojego malucha a ilo\u015b\u0107 element\u00f3w zapewni wspania\u0142\u0105 zabaw\u0119!\u2705 wyprodukowane przez polsk\u0105 mark\u0119 Smily Play &#8211; zaufa\u0142y nam tysi\u0105ce rodzic\u00f3w!\u2705 wykonany jest z atestowanych materia\u0142\u00f3w\u2705 ten model to wersja premium &#8211; z fantastycznej jako\u015bci materia\u0142u, wszystko po to, by Twoje dziecko by\u0142o bezpieczne!\u2705bezpieczne &#8211; posiada certyfikat CE, EN71-1, EN71-2, ENT1-3\u2705 idealny pomys\u0142 na prezent dla dziecka!Weso\u0142y Statek to zabawka 4w1 !sorter,piramidka,budowanie,statek do ci\u0105gni\u0119ciaStatek jest w r\u00f3\u017cnych kolorach sk\u0142ada si\u0119 z 6 element\u00f3w, kt\u00f3re mo\u017cna na sobie uk\u0142ada\u0107, tworz\u0105c statek. Podczas zabawy trzeba dopasowywa\u0107 i uk\u0142ada\u0107 elementy jeden na drugim, a \u017ceby doda\u0107 k\u00f3\u0142eczka dziecko musi znale\u017a\u0107 w\u0142a\u015bciwy kszta\u0142t. Po zamontowaniu statek mo\u017ce je\u017adzi\u0107. Do stateczka pod\u0142\u0105czony jest sznureczek, kt\u00f3ry umo\u017cliwia ci\u0105gni\u0119cie zabawki.Na pok\u0142adzie statku umieszczono 3 r\u00f3\u017cnorodne otwory do kt\u00f3rych mo\u017cna dopasowa\u0107 odpowiednich kszta\u0142t\u00f3w klocki.Weso\u0142y Statek pomaga \u0107wiczy\u0107:\u2022 Koncentracj\u0119\u2022 Cierpliwo\u015b\u0107\u2022 Ma\u0142\u0105 i du\u017c\u0105 motoryk\u0119\u2022 logiczne my\u015blenieZabawka z pewno\u015bci\u0105 przypadnie do gustu najm\u0142odszym. Wp\u0142ynie na rozw\u00f3j umiej\u0119tno\u015bci motorycznych i koordynacji oko-r\u0119ka, ucz\u0105c przy okazji w zabawny spos\u00f3b kolor\u00f3w i figur geometrycznych!Specyfikacja:kod produktu: SP82927Wiek: od 12 do 36 mWymiary produktu: szer. 28 cm., wys. 18 cm., g\u0142. 15 cm.Bezpiecze\u0144stwo: EN71-1, EN71-2, ENT1-3, EN62115Importer: Anek dla DzieciProdukt markowyKupuj\u0105c na tej aukcji, masz gwarancj\u0119, \u017ce otrzymasz produkt oryginalny!<\/p>\n<h2>Smily Play Weso\u0142y Statek \u0141\u00f3d\u017a Sorter Piramidka 4W1 Smily Play<\/h2>\n<p>gry dla m\u0142odzie\u017cy, kolorowanka ksi\u0119\u017cniczka, \u015bmieszne \u0142ama\u0144ce j\u0119zykowe, cytaty na dzie\u0144 edukacji narodowej, piosenka na dzie\u0144 mamy tekst, kuba imie, maski karnawa\u0142owe dla dzieci szablony, wystawy dla dzieci warszawa, zagatki, kolorowanki do druku peppa, szablony do wyklejania plastelin\u0105, dzie\u0144 matki w\u0142asnor\u0119czny prezent dla mamy od dziecka, zabawki na roczek, alfons<\/p>\n<p>yyyyy<\/p>\n<p>&nbsp;<\/p>\n","protected":false},"excerpt":{"rendered":"<p>WESO\u0141Y STATEK 4w1 DO CI\u0104GANIA MARKI SMILY PLAY\u00aeWeso\u0142y Statek 4w1 &#8211; idealny dla malucha ju\u017c od 12 miesi\u0105ca \u017cycia!Zadbaj o to, by Tw\u00f3j skarb bezpiecznie si\u0119 bawi\u0142 i rozwija\u0142 &#8211; podaruj mu Weso\u0142y Statek, renomowanej polskiej marki dzieci\u0119cej &#8211; Smily play\u00ae. Zabawka bardzo ucieszy Twojego malucha a ilo\u015b\u0107 element\u00f3w zapewni wspania\u0142\u0105 zabaw\u0119!\u2705 wyprodukowane przez polsk\u0105 [&hellip;]<\/p>\n","protected":false},"featured_media":4506,"comment_status":"closed","ping_status":"open","template":"","meta":[],"product_cat":[62,61],"product_tag":[611,840,736,601,710,733],"class_list":["post-4505","product","type-product","status-publish","has-post-thumbnail","hentry","product_cat-smily-play","product_cat-zabawki-edukacyjne-dla-niemowlat","product_tag-bajki-do-czytania-psi-patrol","product_tag-stare-bajki","product_tag-zabawki-na-roczek","product_tag-zagadki-co-to-jest","product_tag-zagadki-dla-dzieci-10-12-lat","product_tag-zarty-na-prima-aprilis"],"_links":{"self":[{"href":"http:\/\/klubmamgdynia.pl\/index.php\/wp-json\/wp\/v2\/product\/4505","targetHints":{"allow":["GET"]}}],"collection":[{"href":"http:\/\/klubmamgdynia.pl\/index.php\/wp-json\/wp\/v2\/product"}],"about":[{"href":"http:\/\/klubmamgdynia.pl\/index.php\/wp-json\/wp\/v2\/types\/product"}],"replies":[{"embeddable":true,"href":"http:\/\/klubmamgdynia.pl\/index.php\/wp-json\/wp\/v2\/comments?post=4505"}],"wp:featuredmedia":[{"embeddable":true,"href":"http:\/\/klubmamgdynia.pl\/index.php\/wp-json\/wp\/v2\/media\/4506"}],"wp:attachment":[{"href":"http:\/\/klubmamgdynia.pl\/index.php\/wp-json\/wp\/v2\/media?parent=4505"}],"wp:term":[{"taxonomy":"product_cat","embeddable":true,"href":"http:\/\/klubmamgdynia.pl\/index.php\/wp-json\/wp\/v2\/product_cat?post=4505"},{"taxonomy":"product_tag","embeddable":true,"href":"http:\/\/klubmamgdynia.pl\/index.php\/wp-json\/wp\/v2\/product_tag?post=4505"}],"curies":[{"name":"wp","href":"https:\/\/api.w.org\/{rel}","templated":true}]}}