{"id":4507,"date":"2021-12-22T14:55:35","date_gmt":"2021-12-22T13:55:35","guid":{"rendered":"http:\/\/klubmamgdynia.pl\/index.php\/produkt\/namiot-domek-dla-dzieci-palac-zamek-do-ogrodu-domu\/"},"modified":"2026-04-30T11:34:35","modified_gmt":"2026-04-30T09:34:35","slug":"namiot-domek-dla-dzieci-palac-zamek-do-ogrodu-domu","status":"publish","type":"product","link":"http:\/\/klubmamgdynia.pl\/index.php\/produkt\/namiot-domek-dla-dzieci-palac-zamek-do-ogrodu-domu\/","title":{"rendered":"Namiot Domek dla Dzieci Pa\u0142ac Zamek do Ogrodu Domu"},"content":{"rendered":"<p>Tor kulkowy z klock\u00f3w (zje\u017cd\u017calnia Marable) 514 element\u00f3w. Zestaw pozwoli na samodzielne zbudowanie toru dla kulek (do\u0142\u0105czono). Mamy nieograniczone mo\u017cliwo\u015bci kreowania jego przebiegu. R\u00f3\u017cne typu klock\u00f3w pozwalaj\u0105 na zaobserwowanie r\u00f3\u017cnych akrobacji. Wszystko jest umieszczone na du\u017cej podstawie, kt\u00f3ra jest baz\u0105 do budowania. Dzi\u0119ki dost\u0119pno\u015bci a\u017c 514 element\u00f3w wykreujemy wielopi\u0119trowe konstrukcje. Zabawka pozwala na \u0107wiczenie kreatywno\u015bci i zdolno\u015bci konstrukcyjnych. Dzi\u0119ki temu, \u017ce klocki odzna&#8230;<\/p>\n<h2>Namiot Domek dla Dzieci Pa\u0142ac Zamek do Ogrodu Domu Nobo Kids<\/h2>\n<p>zagadki s\u0142owne, zagadki logiczne i odpowiedzi, kolorowanki spongebob, maska kota do druku, kolorowanki dla dziewczyn, trudne zagadki i odpowiedzi, izabela imie, bajki dla dzieci do czytania na dobranoc, prezenty na urodziny dla nastolatk\u00f3w, tajemniczy ogr\u00f3d test z lektury, opis do zdj\u0119cia dziecka na fb, kajko i kokosz test z lektury, nietypowe atrakcje dla dzieci, estera, zagadki z odpowiedziami dla dzieci, opis do zdj\u0119cia dziecka na fb<\/p>\n<p>yyyyy<\/p>\n<p>&nbsp;<\/p>\n","protected":false},"excerpt":{"rendered":"<p>Tor kulkowy z klock\u00f3w (zje\u017cd\u017calnia Marable) 514 element\u00f3w. Zestaw pozwoli na samodzielne zbudowanie toru dla kulek (do\u0142\u0105czono). Mamy nieograniczone mo\u017cliwo\u015bci kreowania jego przebiegu. R\u00f3\u017cne typu klock\u00f3w pozwalaj\u0105 na zaobserwowanie r\u00f3\u017cnych akrobacji. Wszystko jest umieszczone na du\u017cej podstawie, kt\u00f3ra jest baz\u0105 do budowania. Dzi\u0119ki dost\u0119pno\u015bci a\u017c 514 element\u00f3w wykreujemy wielopi\u0119trowe konstrukcje. Zabawka pozwala na \u0107wiczenie kreatywno\u015bci [&hellip;]<\/p>\n","protected":false},"featured_media":4508,"comment_status":"closed","ping_status":"open","template":"","meta":[],"product_cat":[282,91],"product_tag":[825,747,655,630,616,597],"class_list":["post-4507","product","type-product","status-publish","has-post-thumbnail","hentry","product_cat-domki-i-namioty-dla-dzieci","product_cat-nobo-kids","product_tag-bajka-na-dobranoc-do-czytania","product_tag-malowanki-do-druku","product_tag-najlepsze-zagadki","product_tag-podchwytliwe-zagadki-z-odpowiedziami","product_tag-test-mikolajek-25-pytan","product_tag-zagadki-o-zimie"],"_links":{"self":[{"href":"http:\/\/klubmamgdynia.pl\/index.php\/wp-json\/wp\/v2\/product\/4507","targetHints":{"allow":["GET"]}}],"collection":[{"href":"http:\/\/klubmamgdynia.pl\/index.php\/wp-json\/wp\/v2\/product"}],"about":[{"href":"http:\/\/klubmamgdynia.pl\/index.php\/wp-json\/wp\/v2\/types\/product"}],"replies":[{"embeddable":true,"href":"http:\/\/klubmamgdynia.pl\/index.php\/wp-json\/wp\/v2\/comments?post=4507"}],"wp:featuredmedia":[{"embeddable":true,"href":"http:\/\/klubmamgdynia.pl\/index.php\/wp-json\/wp\/v2\/media\/4508"}],"wp:attachment":[{"href":"http:\/\/klubmamgdynia.pl\/index.php\/wp-json\/wp\/v2\/media?parent=4507"}],"wp:term":[{"taxonomy":"product_cat","embeddable":true,"href":"http:\/\/klubmamgdynia.pl\/index.php\/wp-json\/wp\/v2\/product_cat?post=4507"},{"taxonomy":"product_tag","embeddable":true,"href":"http:\/\/klubmamgdynia.pl\/index.php\/wp-json\/wp\/v2\/product_tag?post=4507"}],"curies":[{"name":"wp","href":"https:\/\/api.w.org\/{rel}","templated":true}]}}