{"id":4509,"date":"2018-03-28T20:07:41","date_gmt":"2018-03-28T18:07:41","guid":{"rendered":"http:\/\/klubmamgdynia.pl\/index.php\/produkt\/iso-zestaw-gigant-do-malowania-rysowania-walizka-farby\/"},"modified":"2026-05-01T16:24:13","modified_gmt":"2026-05-01T14:24:13","slug":"iso-zestaw-gigant-do-malowania-rysowania-walizka-farby","status":"publish","type":"product","link":"http:\/\/klubmamgdynia.pl\/index.php\/produkt\/iso-zestaw-gigant-do-malowania-rysowania-walizka-farby\/","title":{"rendered":"Iso Zestaw Gigant Do Malowania Rysowania Walizka Farby"},"content":{"rendered":"<p>ZESTAW MALARSKI W WALIZCE &#8211; 174 ELEMENTY174 ELEMENTY \u2013 przy pomocy ogromnego wyboru 54 pasteli olejnych, 34 kredek o\u0142\u00f3wkowych, 36 r\u00f3\u017cnego rodzaju farb (po 12szt. farb olejnych, akrylowych, akwarelowych), 42 flamastr\u00f3w, 2 o\u0142\u00f3wk\u00f3w, 4 p\u0119dzli, temper\u00f3wki oraz gumki z \u0142atwo\u015bci\u0105 stworzymy najbardziej wymy\u015blne, kreatywne i oryginalne prace.PRAKTYCZNA WALIZKA \u2013 ca\u0142o\u015b\u0107 umieszczona jest w eleganckiej, rozk\u0142adanej, dwupoziomowej, drewnianej walizce, co podwy\u017csza jej walory estetyczne, jak r\u00f3wnie\u017c wp\u0142ywa na trwa\u0142o\u015b\u0107; walizka posiada wytrzyma\u0142\u0105, wygodn\u0105, sk\u00f3rzan\u0105 r\u0105czk\u0119, dzi\u0119ki czemu transportowanie pe\u0142nej zawarto\u015bci jest proste i komfortowe; metalowe, mocne klamry gwarantuj\u0105, \u017ce podczas przenoszenia walizka b\u0119dzie szczelnie zamkni\u0119ta i nic si\u0119 z niej nie wysypie ani niczego nie zgubimy; po wyko\u0144czeniu pierwotnych przybor\u00f3w, mo\u017cna z powodzeniem zape\u0142ni\u0107 walizk\u0119 nowymi, w\u0142asnymi akcesoriami.SPECYFIKACJA\u2013 wymiary z\u0142o\u017conej walizki (d\u0142\/szer\/wys): 44,5\/31\/9,6cm, waga zestawu: 3,75kg.\u0141ATWY DOST\u0118P \u2013 osobne przegr\u00f3dki daj\u0105 \u0142atwy i szybki dost\u0119p do potrzebnych rzeczy, a tak\u017ce zapewniaj\u0105 ich ochron\u0119 oraz utrzymanie porz\u0105dku w walizce; bez k\u0142opotu zabierzemy j\u0105 ze sob\u0105, np. na uczelni\u0119, w plener czy te\u017c na prywatne zaj\u0119cia. Dwupoziomowa konstrukcja sprawia, \u017ce z \u0142atwo\u015bci\u0105 si\u0119gniesz po potrzebne akcesoria, a po z\u0142o\u017ceniu, zestaw sk\u0142ada si\u0119 w praktyczn\u0105 walizk\u0119.UNIWERSALNY \u2013 produkt nadaje si\u0119 do stosowania w jednakowym stopniu zar\u00f3wno przez osoby starsze, jak i m\u0142odsze, niezale\u017cnie od p\u0142ci; komplet polecany jest do indywidualnego u\u017cytku w domu, jak r\u00f3wnie\u017c znajdzie zastosowanie jako wyposa\u017cenie prywatnych szk\u00f3\u0142 oferuj\u0105cych kursy rysunku.SPECYFIKACJAwiek: powy\u017cej 3 roku \u017cyciakolor walizki: br\u0105zowymateria\u0142 walizki: drewno, metalwymiary z\u0142o\u017conej walizki (d\u0142\/szer\/wys): 44,5\/31\/9,6cmwaga zestawu: 3,75kgwaga z opakowaniem: 4,15kgW ZESTAWIE- drewniana walizka- 174 elementy do malowania i rysowania:54 olejowe kredki pastelowe42 flamastry34 kredki o\u0142\u00f3wkowe12 farb akwarelowych (wodnych) (12 ml)12 farb akrylowych (12 ml)12 farb olejnych (12 ml)2 p\u0119dzle okr\u0105g\u0142e (roz. 2 i 4)2 p\u0119dzle p\u0142askie (roz. 6 i 8)1 temper\u00f3wka1 o\u0142\u00f3wek o twardo\u015bci 2B1 o\u0142\u00f3wek o twardo\u015bci HB1 gumka do \u015bcierania \u201echlebowa\u201dGigantyczny zestaw do malowania i rysowania to wspania\u0142a rzecz na pocz\u0105tek artystycznej przygody dla hobbyst\u00f3w, jak r\u00f3wnie\u017c dla bardziej do\u015bwiadczonych plastyk\u00f3w. Komplet jest funkcjonalny i sk\u0142ada si\u0119 \u0142\u0105cznie z 174przydatnychcz\u0119\u015bci oraz praktycznej walizki. Du\u017ca ilo\u015b\u0107 element\u00f3w umo\u017cliwia praktyczne wykorzystanie i pozwoli realizowa\u0107 rozmaite, kreatywne pomys\u0142y.Przy pomocy ogromnego wyboru 54 pasteli olejnych, 34 kredek o\u0142\u00f3wkowych, 36 r\u00f3\u017cnego rodzaju farb, 42 flamastr\u00f3w, 2 o\u0142\u00f3wk\u00f3w, 4 p\u0119dzli, temper\u00f3wki oraz gumki z \u0142atwo\u015bci\u0105 stworzymy najbardziej wymy\u015blne i oryginalne prace. Przybory s\u0105 wykonane z materia\u0142\u00f3w dobrej jako\u015bci oraz maj\u0105 szerok\u0105, atrakcyjn\u0105 gam\u0119 kolorystyczn\u0105.Ca\u0142o\u015b\u0107 umieszczona jest w eleganckiej, rozk\u0142adanej, dwupoziomowej, drewnianej walizce co niew\u0105tpliwie podwy\u017csza jej walory estetyczne, jak r\u00f3wnie\u017c wp\u0142ywa na trwa\u0142o\u015b\u0107. Walizka posiada wytrzyma\u0142\u0105, sk\u00f3rzan\u0105 i wygodn\u0105 r\u0105czk\u0119, dzi\u0119ki czemu transportowanie pe\u0142nej zawarto\u015bci jest proste i komfortowe, a tak\u017ce zwi\u0119ksza satysfakcj\u0119 z u\u017cytkowania. Metalowe, mocne klamry gwarantuj\u0105, \u017ce podczas przenoszenia walizka b\u0119dzie szczelnie zamkni\u0119ta i \u017cadna rzecz si\u0119 z niej nie wysypie ani niczego nie zgubimy. Osobne przegr\u00f3dki daj\u0105 \u0142atwy i szybki dost\u0119p do potrzebnych rzeczy, a tak\u017ce zapewniaj\u0105 ich ochron\u0119 oraz utrzymanie porz\u0105dku w walizce. Bez k\u0142opotu zabierzemy j\u0105 ze sob\u0105, np. na uczelni\u0119, w plener czy te\u017c na prywatne zaj\u0119cia.Szeroki wachlarz wyboru z pewno\u015bci\u0105 wp\u0142ynie na zadowolenie ka\u017cdego u\u017cytkuj\u0105cego i pozwoli na d\u0142ugie, wielokrotne wykorzystywanie. Po wyko\u0144czeniu pierwotnych przybor\u00f3w, mo\u017cna z powodzeniem zape\u0142ni\u0107 walizk\u0119 nowymi, w\u0142asnymi akcesoriami. Produkt nadaje si\u0119 do stosowania w jednakowym stopniu zar\u00f3wno przez osoby starsze, jak i m\u0142odsze, niezale\u017cnie od p\u0142ci. Komplet polecany jest do indywidualnego u\u017cytku w domu, jak r\u00f3wnie\u017c znajdzie zastosowanie jako wyposa\u017cenie prywatnych szk\u00f3\u0142 oferuj\u0105cych kursy rysunku. Solidny i r\u00f3\u017cnorodny mega zestaw malarski sprawdzi si\u0119 \u015bwietnie jako prezent z wielu okazji i z pewno\u015bci\u0105 ucieszy obdarowanego!<\/p>\n<h2>Iso Zestaw Gigant Do Malowania Rysowania Walizka Farby Iso Trade<\/h2>\n<p>atrakcje dla dzieci wroc\u0142aw, zabawy miko\u0142ajkowe dla dzieci, bajka na dobranoc do czytania, kolorowanka lego friends, pierwsze urodziny prezent na roczek dla ch\u0142opca, testy ma\u0142y ksi\u0105\u017ce, darmowe kolorowanki do druku, maska batmana do druku, dyplomy do wydrukowania a4, wzory zaprosze\u0144 zaproszenie na urodziny szablon do druku<\/p>\n<p>yyyyy<\/p>\n<p>&nbsp;<\/p>\n","protected":false},"excerpt":{"rendered":"<p>ZESTAW MALARSKI W WALIZCE &#8211; 174 ELEMENTY174 ELEMENTY \u2013 przy pomocy ogromnego wyboru 54 pasteli olejnych, 34 kredek o\u0142\u00f3wkowych, 36 r\u00f3\u017cnego rodzaju farb (po 12szt. farb olejnych, akrylowych, akwarelowych), 42 flamastr\u00f3w, 2 o\u0142\u00f3wk\u00f3w, 4 p\u0119dzli, temper\u00f3wki oraz gumki z \u0142atwo\u015bci\u0105 stworzymy najbardziej wymy\u015blne, kreatywne i oryginalne prace.PRAKTYCZNA WALIZKA \u2013 ca\u0142o\u015b\u0107 umieszczona jest w eleganckiej, rozk\u0142adanej, [&hellip;]<\/p>\n","protected":false},"featured_media":4510,"comment_status":"closed","ping_status":"open","template":"","meta":[],"product_cat":[296,297],"product_tag":[716,583,780,636,712],"class_list":["post-4509","product","type-product","status-publish","has-post-thumbnail","hentry","product_cat-iso-trade","product_cat-szkolne-artykuly-plastyczne","product_tag-filmy-animowane-o-swietach","product_tag-kolysanki-dla-dzieci-tekst","product_tag-krecik-bajka","product_tag-teksty-kolysanek","product_tag-zagadki-o-zwierzetach"],"_links":{"self":[{"href":"http:\/\/klubmamgdynia.pl\/index.php\/wp-json\/wp\/v2\/product\/4509","targetHints":{"allow":["GET"]}}],"collection":[{"href":"http:\/\/klubmamgdynia.pl\/index.php\/wp-json\/wp\/v2\/product"}],"about":[{"href":"http:\/\/klubmamgdynia.pl\/index.php\/wp-json\/wp\/v2\/types\/product"}],"replies":[{"embeddable":true,"href":"http:\/\/klubmamgdynia.pl\/index.php\/wp-json\/wp\/v2\/comments?post=4509"}],"wp:featuredmedia":[{"embeddable":true,"href":"http:\/\/klubmamgdynia.pl\/index.php\/wp-json\/wp\/v2\/media\/4510"}],"wp:attachment":[{"href":"http:\/\/klubmamgdynia.pl\/index.php\/wp-json\/wp\/v2\/media?parent=4509"}],"wp:term":[{"taxonomy":"product_cat","embeddable":true,"href":"http:\/\/klubmamgdynia.pl\/index.php\/wp-json\/wp\/v2\/product_cat?post=4509"},{"taxonomy":"product_tag","embeddable":true,"href":"http:\/\/klubmamgdynia.pl\/index.php\/wp-json\/wp\/v2\/product_tag?post=4509"}],"curies":[{"name":"wp","href":"https:\/\/api.w.org\/{rel}","templated":true}]}}