{"id":451,"date":"2016-11-05T01:59:33","date_gmt":"2016-11-05T00:59:33","guid":{"rendered":"http:\/\/klubmamgdynia.pl\/index.php\/produkt\/baby-born-suknia-balowa-deluxe-43cm\/"},"modified":"2026-05-17T22:07:03","modified_gmt":"2026-05-17T20:07:03","slug":"baby-born-suknia-balowa-deluxe-43cm","status":"publish","type":"product","link":"http:\/\/klubmamgdynia.pl\/index.php\/produkt\/baby-born-suknia-balowa-deluxe-43cm\/","title":{"rendered":"Baby Born Suknia Balowa Deluxe 43Cm"},"content":{"rendered":"<p>Zapf BABY born\u00ae Suknia balowa                            <\/p>\n<p>Oryginalny str\u00f3j dla lalek BABY born. BABY born chcia\u0142by zagra\u0107 ksi\u0119\u017cniczk\u0119 na balu. Mia\u0142a ju\u017c na sobie \u015bwi\u0105teczn\u0105 sukienk\u0119 z niesamowit\u0105 tiulow\u0105 sp\u00f3dnic\u0105 w r\u00f3\u017cnych odcieniach r\u00f3\u017cu oraz pa\u0142\u0105k ze wst\u0105\u017ck\u0105 i gwiazdami.<\/p>\n<p>Jako buty do ta\u0144ca ma balerinki ze \u015blicznymi fioletowymi motylkami. Aby mie\u0107 wolne r\u0119ce podczas ta\u0144ca, mo\u017ce przymocowa\u0107 r\u00f3\u017cow\u0105 torebk\u0119 do sukni.                            <\/p>\n<p>Zapf Creation &#8211; Baby Born<br \/>\nBaby Born to urocza lalka, kt\u00f3ra ro\u015bnie razem z dziewczynk\u0105. Czasami Baby Born jest jak ma\u0142e dziecko, kt\u00f3re potrzebuje troskliwej opieki, a innym razem to towarzysz zabaw i najlepszy przyjaciel, kt\u00f3ry pod\u0105\u017ca za swoj\u0105 &#8222;mam\u0105&#8221;. W tym celu marka Zapf Creation stworzy\u0142a lalki tematyczne takie jak ksi\u0119\u017cniczka, lekarz czy baletnica, a tak\u017ce mn\u00f3stwo interaktywnych akcesori\u00f3w.<\/p>\n<h2>Baby Born Suknia Balowa Deluxe 43Cm BABY BORN<\/h2>\n<p>park ujazdowski, quizy dla dzieci, felix net i nika oraz gang niewidzialnych ludzi quiz, nauka literek do druku, smieszne zagadki, zagadki dla przedszkolak\u00f3w, m\u0105dra my\u015bl na dobranoc, kolorowanka traktor, rzadkie imiona japo\u0144skie, stolice europy quiz, bajka terapeutyczna o z\u0142o\u015bci pdf, test z lektury ten obcy, bajka o \u017cabie, konkurencje sportowe dla dzieci, co \u0142apie ale nie rzuca, gry dla nastolatk\u00f3w, po\u0142\u0105cz kropki do druku \u0142atwe, lol kolorowanki, zagadki dla dzieci 6 lat<\/p>\n<p>yyyyy<\/p>\n<p>&nbsp;<\/p>\n","protected":false},"excerpt":{"rendered":"<p>Zapf BABY born\u00ae Suknia balowa Oryginalny str\u00f3j dla lalek BABY born. BABY born chcia\u0142by zagra\u0107 ksi\u0119\u017cniczk\u0119 na balu. Mia\u0142a ju\u017c na sobie \u015bwi\u0105teczn\u0105 sukienk\u0119 z niesamowit\u0105 tiulow\u0105 sp\u00f3dnic\u0105 w r\u00f3\u017cnych odcieniach r\u00f3\u017cu oraz pa\u0142\u0105k ze wst\u0105\u017ck\u0105 i gwiazdami. Jako buty do ta\u0144ca ma balerinki ze \u015blicznymi fioletowymi motylkami. Aby mie\u0107 wolne r\u0119ce podczas ta\u0144ca, mo\u017ce [&hellip;]<\/p>\n","protected":false},"featured_media":452,"comment_status":"closed","ping_status":"open","template":"","meta":[],"product_cat":[176,50],"product_tag":[722,593,858,646,608],"class_list":["post-451","product","type-product","status-publish","has-post-thumbnail","hentry","product_cat-baby-born","product_cat-ubranka-i-buty-dla-lalek","product_tag-cytaty-o-przyjazni","product_tag-jak-narysowac-konia","product_tag-podchwytliwe-zagadki","product_tag-prezent-na-pierwsze-urodziny","product_tag-zagadki-i-odpowiedzi"],"_links":{"self":[{"href":"http:\/\/klubmamgdynia.pl\/index.php\/wp-json\/wp\/v2\/product\/451","targetHints":{"allow":["GET"]}}],"collection":[{"href":"http:\/\/klubmamgdynia.pl\/index.php\/wp-json\/wp\/v2\/product"}],"about":[{"href":"http:\/\/klubmamgdynia.pl\/index.php\/wp-json\/wp\/v2\/types\/product"}],"replies":[{"embeddable":true,"href":"http:\/\/klubmamgdynia.pl\/index.php\/wp-json\/wp\/v2\/comments?post=451"}],"wp:featuredmedia":[{"embeddable":true,"href":"http:\/\/klubmamgdynia.pl\/index.php\/wp-json\/wp\/v2\/media\/452"}],"wp:attachment":[{"href":"http:\/\/klubmamgdynia.pl\/index.php\/wp-json\/wp\/v2\/media?parent=451"}],"wp:term":[{"taxonomy":"product_cat","embeddable":true,"href":"http:\/\/klubmamgdynia.pl\/index.php\/wp-json\/wp\/v2\/product_cat?post=451"},{"taxonomy":"product_tag","embeddable":true,"href":"http:\/\/klubmamgdynia.pl\/index.php\/wp-json\/wp\/v2\/product_tag?post=451"}],"curies":[{"name":"wp","href":"https:\/\/api.w.org\/{rel}","templated":true}]}}