{"id":4511,"date":"2023-08-08T21:50:56","date_gmt":"2023-08-08T19:50:56","guid":{"rendered":"http:\/\/klubmamgdynia.pl\/?post_type=product&#038;p=4511"},"modified":"2026-05-02T17:22:28","modified_gmt":"2026-05-02T15:22:28","slug":"leantoys-pistolet-na-strzalki-piankowe-robot-2w1-maska","status":"publish","type":"product","link":"http:\/\/klubmamgdynia.pl\/index.php\/produkt\/leantoys-pistolet-na-strzalki-piankowe-robot-2w1-maska\/","title":{"rendered":"Leantoys Pistolet Na Strza\u0142ki Piankowe Robot 2W1 + Maska"},"content":{"rendered":"<p>Pistolet Robot na Strza\u0142ki piankowe z Mask\u0105 Zabawki imituj\u0105ce pistolety s\u0105 elementami, kt\u00f3re bardzo cz\u0119sto wyst\u0119puj\u0105 w zabawach ch\u0142opc\u00f3w. Urozmaicaj\u0105 one zabaw\u0119, r\u00f3wnocze\u015bnie pomagaj\u0105c w odegraniu r\u00f3\u017cnorodnych scenariuszy zabaw. S\u0105 to tak\u017ce elementy u\u0142atwiaj\u0105ce wczucie si\u0119 w rol\u0119 dzielnych wojownik\u00f3w i bohater\u00f3w rodem z film\u00f3w kryminalnych. Prezentowany karabin na naboje piankowe z pewno\u015bci\u0105 zajmie kilkuletnich ch\u0142opc\u00f3w na d\u0142ugie godziny, a tak\u017ce pozwoli im na zaaran\u017cowanie wielu, ciekawych zabaw, na kt\u00f3re pomys\u0142 podsunie im wyobra\u017ania.W zestawie znajduje si\u0119:- pistolet ,- Strza\u0142ki 6 sztuk-MaskaDzieci\u0119cy pistolet na piankow\u0105 amunicj\u0119 zosta\u0142 wykonany z atestowanego materia\u0142u, jakim jest plastik. Jego budowa przypomina konstrukcj\u0119 prawdziwej broni, jednak jest bardzo bezpieczna \u2014 nie posiada ostrych zako\u0144cze\u0144 i element\u00f3w. Obs\u0142uga zabawki jest bardzo prosta, jednak przynosi ogromn\u0105 frajd\u0119. Pistolet mo\u017cemy roz\u0142o\u017cy\u0107 na robota.Aby uruchomi\u0107 pistolet nale\u017cy umie\u015bci\u0107 strza\u0142ki w magazynku, naci\u0105gn\u0105\u0107, namierzy\u0107 cel i strzela\u0107. \u015awietna Zabawa gwarantowana.Pistolet przeznaczony jest dla wszystkich dzieci powy\u017cej 3. roku \u017cycia. Zosta\u0142 wykonany z atestowanych, bezpiecznych materia\u0142\u00f3w najwy\u017cszej jako\u015bci, dzi\u0119ki czemu oznaczony jest certyfikatem CE, a jego produkcja jest zgodna z norm\u0105 EN 71. Pistolet wraz z do\u0142\u0105czonymi do zestawu akcesoriami zapakowany jest w kolorowe, estetyczne pude\u0142ko.Wymiary pistoletu:26 cm x 19 cm\u015arednica maski: 20cmWymiary opakowania:44 cm x 27 cm x 9,5 cm<\/p>\n<h2>Leantoys Pistolet Na Strza\u0142ki Piankowe Robot 2W1 + Maska Lean Toys<\/h2>\n<p>miko\u0142ajek &#8211; test z odpowiedziami, wierszyki na \u015bmigus dyngus, proste zagadki logiczne, cytaty o przyjazni, test z lektury dzieci z bullerbyn, b\u0105k ptak, quizy za darmo, agroturystyka dla dzieci ze zwierz\u0119tami, dziewczynka z parku pytania i odpowiedzi, lokomotywa kolorowanka, kolorowanki andrzejki do wydruku, iwo imie, pu\u0142tusk atrakcje dla dzieci, jak rozmawia\u0107 z dzie\u0107mi o wojnie, carmen imi\u0119, tabliczka mno\u017cenia kolorowanki do wydruku, bajeczki na dobranoc, \u017cyczenia bo\u017ce narodzenie oryginalne, z\u0142ote my\u015bli o przyja\u017ani<\/p>\n<p>yyyyy<\/p>\n<p>&nbsp;<\/p>\n","protected":false},"excerpt":{"rendered":"<p>Pistolet Robot na Strza\u0142ki piankowe z Mask\u0105 Zabawki imituj\u0105ce pistolety s\u0105 elementami, kt\u00f3re bardzo cz\u0119sto wyst\u0119puj\u0105 w zabawach ch\u0142opc\u00f3w. Urozmaicaj\u0105 one zabaw\u0119, r\u00f3wnocze\u015bnie pomagaj\u0105c w odegraniu r\u00f3\u017cnorodnych scenariuszy zabaw. S\u0105 to tak\u017ce elementy u\u0142atwiaj\u0105ce wczucie si\u0119 w rol\u0119 dzielnych wojownik\u00f3w i bohater\u00f3w rodem z film\u00f3w kryminalnych. Prezentowany karabin na naboje piankowe z pewno\u015bci\u0105 zajmie kilkuletnich [&hellip;]<\/p>\n","protected":false},"featured_media":4512,"comment_status":"closed","ping_status":"open","template":"","meta":[],"product_cat":[73,40],"product_tag":[763,637,675,822,714],"class_list":["post-4511","product","type-product","status-publish","has-post-thumbnail","hentry","product_cat-lean-toys","product_cat-zabawki-militarne","product_tag-fabian","product_tag-niech-zyja-wakacje-tekst","product_tag-test-z-lektury-kajko-i-kokosz-szkola-latania","product_tag-wierszyki-o-wakacjach-krotkie","product_tag-zagadki-logiczne"],"_links":{"self":[{"href":"http:\/\/klubmamgdynia.pl\/index.php\/wp-json\/wp\/v2\/product\/4511","targetHints":{"allow":["GET"]}}],"collection":[{"href":"http:\/\/klubmamgdynia.pl\/index.php\/wp-json\/wp\/v2\/product"}],"about":[{"href":"http:\/\/klubmamgdynia.pl\/index.php\/wp-json\/wp\/v2\/types\/product"}],"replies":[{"embeddable":true,"href":"http:\/\/klubmamgdynia.pl\/index.php\/wp-json\/wp\/v2\/comments?post=4511"}],"wp:featuredmedia":[{"embeddable":true,"href":"http:\/\/klubmamgdynia.pl\/index.php\/wp-json\/wp\/v2\/media\/4512"}],"wp:attachment":[{"href":"http:\/\/klubmamgdynia.pl\/index.php\/wp-json\/wp\/v2\/media?parent=4511"}],"wp:term":[{"taxonomy":"product_cat","embeddable":true,"href":"http:\/\/klubmamgdynia.pl\/index.php\/wp-json\/wp\/v2\/product_cat?post=4511"},{"taxonomy":"product_tag","embeddable":true,"href":"http:\/\/klubmamgdynia.pl\/index.php\/wp-json\/wp\/v2\/product_tag?post=4511"}],"curies":[{"name":"wp","href":"https:\/\/api.w.org\/{rel}","templated":true}]}}