{"id":4515,"date":"2022-02-26T08:09:38","date_gmt":"2022-02-26T07:09:38","guid":{"rendered":"http:\/\/klubmamgdynia.pl\/index.php\/produkt\/little-dutch-bawelniany-recznik-ocean-white\/"},"modified":"2026-05-03T00:04:10","modified_gmt":"2026-05-02T22:04:10","slug":"little-dutch-bawelniany-recznik-ocean-white","status":"publish","type":"product","link":"http:\/\/klubmamgdynia.pl\/index.php\/produkt\/little-dutch-bawelniany-recznik-ocean-white\/","title":{"rendered":"Little Dutch Bawe\u0142niany R\u0119cznik Ocean White"},"content":{"rendered":"<p>R\u0119cznik wykonany zosta\u0142 z wysokogatunkowej 100% bawe\u0142ny.Posiadaj\u0105cej certyfikat OEKO-TEX.Wyj\u0105tkowo mi\u0119ciutki i delikatny dla sk\u00f3ry malucha.Posiada praktyczny bardzo wygodny i obszerny kapturek.R\u0119cznik z kolekcji Ocean White stanowi komplet z otulaczem, apaszk\u0105 i \u015bpiworkiem z tej samej kolekcji.Nale\u017cy pra\u0107 w temperaturze 30 stopni.Materia\u0142: 100% bawe\u0142na.Wymiary: 75 x 75 cm.<\/p>\n<h2>Little Dutch Bawe\u0142niany R\u0119cznik Ocean White Little Dutch<\/h2>\n<p>andrea, ninjago kolorowanki, dobranoc pch\u0142y na noc, wpad\u0142a bomba do piwnicy, quizy o miko\u0142ajku, \u015bmigus dyngus lany poniedzia\u0142ek zyczenia, zagadki o zawodach, bajka psi patrol do czytania, kiedy dzieci chodz\u0105 na halloween<\/p>\n<p>yyyyy<\/p>\n<p>&nbsp;<\/p>\n","protected":false},"excerpt":{"rendered":"<p>R\u0119cznik wykonany zosta\u0142 z wysokogatunkowej 100% bawe\u0142ny.Posiadaj\u0105cej certyfikat OEKO-TEX.Wyj\u0105tkowo mi\u0119ciutki i delikatny dla sk\u00f3ry malucha.Posiada praktyczny bardzo wygodny i obszerny kapturek.R\u0119cznik z kolekcji Ocean White stanowi komplet z otulaczem, apaszk\u0105 i \u015bpiworkiem z tej samej kolekcji.Nale\u017cy pra\u0107 w temperaturze 30 stopni.Materia\u0142: 100% bawe\u0142na.Wymiary: 75 x 75 cm. Little Dutch Bawe\u0142niany R\u0119cznik Ocean White Little Dutch [&hellip;]<\/p>\n","protected":false},"featured_media":4516,"comment_status":"closed","ping_status":"open","template":"","meta":[],"product_cat":[167,30],"product_tag":[837,844,618,584,739],"class_list":["post-4515","product","type-product","status-publish","has-post-thumbnail","hentry","product_cat-little-dutch","product_cat-reczniki-i-okrycia-kapielowe","product_tag-cicha-noc-po-angielsku","product_tag-co-kupic-na-roczek","product_tag-lato-lato-lato-czeka-tekst","product_tag-liwia","product_tag-prima-aprilis-w-szkole"],"_links":{"self":[{"href":"http:\/\/klubmamgdynia.pl\/index.php\/wp-json\/wp\/v2\/product\/4515","targetHints":{"allow":["GET"]}}],"collection":[{"href":"http:\/\/klubmamgdynia.pl\/index.php\/wp-json\/wp\/v2\/product"}],"about":[{"href":"http:\/\/klubmamgdynia.pl\/index.php\/wp-json\/wp\/v2\/types\/product"}],"replies":[{"embeddable":true,"href":"http:\/\/klubmamgdynia.pl\/index.php\/wp-json\/wp\/v2\/comments?post=4515"}],"wp:featuredmedia":[{"embeddable":true,"href":"http:\/\/klubmamgdynia.pl\/index.php\/wp-json\/wp\/v2\/media\/4516"}],"wp:attachment":[{"href":"http:\/\/klubmamgdynia.pl\/index.php\/wp-json\/wp\/v2\/media?parent=4515"}],"wp:term":[{"taxonomy":"product_cat","embeddable":true,"href":"http:\/\/klubmamgdynia.pl\/index.php\/wp-json\/wp\/v2\/product_cat?post=4515"},{"taxonomy":"product_tag","embeddable":true,"href":"http:\/\/klubmamgdynia.pl\/index.php\/wp-json\/wp\/v2\/product_tag?post=4515"}],"curies":[{"name":"wp","href":"https:\/\/api.w.org\/{rel}","templated":true}]}}