{"id":4517,"date":"2016-08-23T07:40:01","date_gmt":"2016-08-23T05:40:01","guid":{"rendered":"http:\/\/klubmamgdynia.pl\/index.php\/produkt\/starpak-plastelina-12-kolorow-horses\/"},"modified":"2026-04-26T11:08:04","modified_gmt":"2026-04-26T09:08:04","slug":"starpak-plastelina-12-kolorow-horses","status":"publish","type":"product","link":"http:\/\/klubmamgdynia.pl\/index.php\/produkt\/starpak-plastelina-12-kolorow-horses\/","title":{"rendered":"Starpak Plastelina 12 Kolor\u00f3w Horses"},"content":{"rendered":"<p>Autor:ISBN: 3+EAN: 5901350283585Wydawnictwo: STARPAKWydanie:Strony:Plastelina z kolekcji Starpak z licencj\u0105 Horses. W zestawie znajduje si\u0119 12 plastelin w \u017cywych kolorach, rozwijaj\u0105cych umiej\u0119tno\u015bci plastyczne i kreatywne my\u015blenie dziecka. Barwne pude\u0142ko z nadrukiem<\/p>\n<h2>Starpak Plastelina 12 Kolor\u00f3w Horses Starpak<\/h2>\n<p>adrian imie, ma\u0142y ksi\u0105\u017ce cytaty, trudne zagadki na inteligencj\u0119, prezent dla 1 latka, quizy o koniach, bardzo trudne zagadki, prezent dla dwunastolatka, wzory dyplom\u00f3w do pobrania, dzieci z bullerbyn quiz, mini zoo warszawa, dzieci pl, prezenty dla 16 latki, psi patrol do druku<\/p>\n<p>yyyyy<\/p>\n<p>&nbsp;<\/p>\n","protected":false},"excerpt":{"rendered":"<p>Autor:ISBN: 3+EAN: 5901350283585Wydawnictwo: STARPAKWydanie:Strony:Plastelina z kolekcji Starpak z licencj\u0105 Horses. W zestawie znajduje si\u0119 12 plastelin w \u017cywych kolorach, rozwijaj\u0105cych umiej\u0119tno\u015bci plastyczne i kreatywne my\u015blenie dziecka. Barwne pude\u0142ko z nadrukiem Starpak Plastelina 12 Kolor\u00f3w Horses Starpak adrian imie, ma\u0142y ksi\u0105\u017ce cytaty, trudne zagadki na inteligencj\u0119, prezent dla 1 latka, quizy o koniach, bardzo trudne zagadki, [&hellip;]<\/p>\n","protected":false},"featured_media":4518,"comment_status":"closed","ping_status":"open","template":"","meta":[],"product_cat":[269,297],"product_tag":[676,859,749,741,805],"class_list":["post-4517","product","type-product","status-publish","has-post-thumbnail","hentry","product_cat-starpak","product_cat-szkolne-artykuly-plastyczne","product_tag-bursztynek","product_tag-dobranoc-pchly-na-noc","product_tag-najlepsze-zarty-na-prima-aprilis","product_tag-wlochy","product_tag-znaczenie-imienia-alan"],"_links":{"self":[{"href":"http:\/\/klubmamgdynia.pl\/index.php\/wp-json\/wp\/v2\/product\/4517","targetHints":{"allow":["GET"]}}],"collection":[{"href":"http:\/\/klubmamgdynia.pl\/index.php\/wp-json\/wp\/v2\/product"}],"about":[{"href":"http:\/\/klubmamgdynia.pl\/index.php\/wp-json\/wp\/v2\/types\/product"}],"replies":[{"embeddable":true,"href":"http:\/\/klubmamgdynia.pl\/index.php\/wp-json\/wp\/v2\/comments?post=4517"}],"wp:featuredmedia":[{"embeddable":true,"href":"http:\/\/klubmamgdynia.pl\/index.php\/wp-json\/wp\/v2\/media\/4518"}],"wp:attachment":[{"href":"http:\/\/klubmamgdynia.pl\/index.php\/wp-json\/wp\/v2\/media?parent=4517"}],"wp:term":[{"taxonomy":"product_cat","embeddable":true,"href":"http:\/\/klubmamgdynia.pl\/index.php\/wp-json\/wp\/v2\/product_cat?post=4517"},{"taxonomy":"product_tag","embeddable":true,"href":"http:\/\/klubmamgdynia.pl\/index.php\/wp-json\/wp\/v2\/product_tag?post=4517"}],"curies":[{"name":"wp","href":"https:\/\/api.w.org\/{rel}","templated":true}]}}