{"id":4519,"date":"2024-10-08T21:48:02","date_gmt":"2024-10-08T19:48:02","guid":{"rendered":"http:\/\/klubmamgdynia.pl\/?post_type=product&#038;p=4519"},"modified":"2026-04-06T04:54:15","modified_gmt":"2026-04-06T02:54:15","slug":"mega-creative-banki-mydlane-psi-patrol-55-ml-36-szt-231278","status":"publish","type":"product","link":"http:\/\/klubmamgdynia.pl\/index.php\/produkt\/mega-creative-banki-mydlane-psi-patrol-55-ml-36-szt-231278\/","title":{"rendered":"Mega Creative Ba\u0144ki mydlane Psi Patrol 55 ml 36 szt. (231278)"},"content":{"rendered":"<p>Ba\u0144ki mydlane 60 ml, Psi PatrolBa\u0144ki mydlane pozytywnie przesz\u0142y testy pod k\u0105tem zawarto\u015bci substancji szkodliwych, nie wywo\u0142uj\u0105 alergii u dzieci.Wyprodukowane we W\u0142oszech.Pakowanie: 36 szt.\/displayInformacje o produkcieNr katalogowy 5693004Marka (Zabawki) Psi patrolObszar (zabawa na zewn\u0105trz) OgrodoweRodzaj (zabawa na zewn\u0105trz) Ba\u0144ki mydlaneKolor (wyliczeniowy) MixWymagania wiekowe od 3 latP\u0142e\u0107 (zabawki) Dziewczynki i ch\u0142opcyPozosta\u0142e parametryWymiary displaya: 23.5 x 23.5 x 12 cm<\/p>\n<h2>Mega Creative Ba\u0144ki mydlane Psi Patrol 55 ml 36 szt. (231278) Mega Creative<\/h2>\n<p>zagadki logiczne, god\u0142o polski do druku, prezent dla dziewczynki 7 lat, bajka terapeutyczna o z\u0142o\u015bci pdf, kiekrz, kr\u00f3tkie bajki na dobranoc do czytania, zabawy dla 6 latk\u00f3w, bruno, najrzadsze imiona<\/p>\n<p>yyyyy<\/p>\n<p>&nbsp;<\/p>\n","protected":false},"excerpt":{"rendered":"<p>Ba\u0144ki mydlane 60 ml, Psi PatrolBa\u0144ki mydlane pozytywnie przesz\u0142y testy pod k\u0105tem zawarto\u015bci substancji szkodliwych, nie wywo\u0142uj\u0105 alergii u dzieci.Wyprodukowane we W\u0142oszech.Pakowanie: 36 szt.\/displayInformacje o produkcieNr katalogowy 5693004Marka (Zabawki) Psi patrolObszar (zabawa na zewn\u0105trz) OgrodoweRodzaj (zabawa na zewn\u0105trz) Ba\u0144ki mydlaneKolor (wyliczeniowy) MixWymagania wiekowe od 3 latP\u0142e\u0107 (zabawki) Dziewczynki i ch\u0142opcyPozosta\u0142e parametryWymiary displaya: 23.5 x 23.5 [&hellip;]<\/p>\n","protected":false},"featured_media":4520,"comment_status":"closed","ping_status":"open","template":"","meta":[],"product_cat":[472,64],"product_tag":[763,810,596],"class_list":["post-4519","product","type-product","status-publish","has-post-thumbnail","hentry","product_cat-banki-mydlane","product_cat-mega-creative","product_tag-fabian","product_tag-nauka-zegara-do-druku","product_tag-pomysly-na-prima-aprilis"],"_links":{"self":[{"href":"http:\/\/klubmamgdynia.pl\/index.php\/wp-json\/wp\/v2\/product\/4519","targetHints":{"allow":["GET"]}}],"collection":[{"href":"http:\/\/klubmamgdynia.pl\/index.php\/wp-json\/wp\/v2\/product"}],"about":[{"href":"http:\/\/klubmamgdynia.pl\/index.php\/wp-json\/wp\/v2\/types\/product"}],"replies":[{"embeddable":true,"href":"http:\/\/klubmamgdynia.pl\/index.php\/wp-json\/wp\/v2\/comments?post=4519"}],"wp:featuredmedia":[{"embeddable":true,"href":"http:\/\/klubmamgdynia.pl\/index.php\/wp-json\/wp\/v2\/media\/4520"}],"wp:attachment":[{"href":"http:\/\/klubmamgdynia.pl\/index.php\/wp-json\/wp\/v2\/media?parent=4519"}],"wp:term":[{"taxonomy":"product_cat","embeddable":true,"href":"http:\/\/klubmamgdynia.pl\/index.php\/wp-json\/wp\/v2\/product_cat?post=4519"},{"taxonomy":"product_tag","embeddable":true,"href":"http:\/\/klubmamgdynia.pl\/index.php\/wp-json\/wp\/v2\/product_tag?post=4519"}],"curies":[{"name":"wp","href":"https:\/\/api.w.org\/{rel}","templated":true}]}}