{"id":4521,"date":"2015-07-25T21:34:26","date_gmt":"2015-07-25T19:34:26","guid":{"rendered":"http:\/\/klubmamgdynia.pl\/index.php\/produkt\/starpak-piornik-trzykomorowy-z-wyposazeniem-gold-485937\/"},"modified":"2026-04-05T23:48:51","modified_gmt":"2026-04-05T21:48:51","slug":"starpak-piornik-trzykomorowy-z-wyposazeniem-gold-485937","status":"publish","type":"product","link":"http:\/\/klubmamgdynia.pl\/index.php\/produkt\/starpak-piornik-trzykomorowy-z-wyposazeniem-gold-485937\/","title":{"rendered":"Starpak Pi\u00f3rnik Trzykomorowy Z Wyposa\u017ceniem Gold 485937"},"content":{"rendered":"<p>Pi\u00f3rnik Z Wyposa\u017ceniem 3 Zamki Gold Starpak 485937PRODUCENT: STARPAKEAN: 5904335822267cena za 1szt.w przypadku kilku wariant\u00f3w produktu &#8211; wysy\u0142ka losowaZalety produktu: 3 zamki, 35 element\u00f3w przybor\u00f3w szkolnych , odporny materia\u0142, mocny zamek b\u0142yskawiczny, trwa\u0142e uchwyty na przybory. Nowo\u015bci\u0105 w ofercie STARPAK jest pe\u0142ni wyposa\u017cony pi\u00f3rnik z m\u0142odzie\u017cow\u0105 z\u0142oto-czarn\u0105 grafik\u0105 z 4 klapkami i elastycznymi uchwytami na przybory szkolne zapinany na mocny zamek. W zestawie: 2 d\u0142ugopisy niebieski oraz czerwony, 2 o\u0142\u00f3wki, gumka do mazania, temper\u00f3wka, linijka 15 cm, 14 kolor\u00f3w kredek o\u0142\u00f3wkowych, 14 kolor\u00f3w flamastr\u00f3w. Ca\u0142y niezb\u0119dny komplet w jednym, dzi\u0119ki czemu oszcz\u0119dzimy czas i odpowiednio wyposa\u017cymy dziecko. Pi\u00f3rnik STARPAK jest odporny na uszkodzenia. Mo\u017cna go \u0142atwo roz\u0142o\u017cy\u0107 na p\u0142asko. Dost\u0119p do przybor\u00f3w jest wtedy bardzo \u0142atwy. Po z\u0142a\u017ceniu jest ma\u0142y i spokojnie zmie\u015bci si\u0119 w ka\u017cdym plecaku lub worku. Zapoznaj si\u0119 r\u00f3wnie\u017c z innymi produktami STARPAK z serii Gold. Wymiary\/waga: wymiary produktu wys.x szer. x g\u0142. cm : 6x13x19, roz\u0142o\u017cony szer. cm : 27 cm, waga produktu kg : 0,42 kg. Produkt jest wyrobem tekstylnym. Przeznaczony dla dzieci w wieku: 3 . Pi\u00f3rnik pakowany w folijk\u0119.<\/p>\n<h2>Starpak Pi\u00f3rnik Trzykomorowy Z Wyposa\u017ceniem Gold 485937 Starpak<\/h2>\n<p>kolorowanka spongebob, uk\u0142ad s\u0142oneczny kolorowanka, opowie\u015b\u0107 wigilijna test z odpowiedziami, weso\u0142e pisanki tekst, bajka do czytania na dobranoc, minecraft kolorowanki, kolorowanki do druku konie, b\u0105k ptak, rebusy i krzy\u017c\u00f3wki dla dzieci do druku, quiz felix net i nika oraz gang niewidzialnych ludzi, pierwszy obudzi\u0142 si\u0119 pierwiosnek tekst, kotki kolorowanka, kolorowanki minecraft, jak narysowa\u0107 sanie miko\u0142aja, imi\u0119 pola, znaczenie imiona alan, bajka do czytania o piesku, rozalia imie, kolorowanka my little pony<\/p>\n<p>yyyyy<\/p>\n<p>&nbsp;<\/p>\n","protected":false},"excerpt":{"rendered":"<p>Pi\u00f3rnik Z Wyposa\u017ceniem 3 Zamki Gold Starpak 485937PRODUCENT: STARPAKEAN: 5904335822267cena za 1szt.w przypadku kilku wariant\u00f3w produktu &#8211; wysy\u0142ka losowaZalety produktu: 3 zamki, 35 element\u00f3w przybor\u00f3w szkolnych , odporny materia\u0142, mocny zamek b\u0142yskawiczny, trwa\u0142e uchwyty na przybory. Nowo\u015bci\u0105 w ofercie STARPAK jest pe\u0142ni wyposa\u017cony pi\u00f3rnik z m\u0142odzie\u017cow\u0105 z\u0142oto-czarn\u0105 grafik\u0105 z 4 klapkami i elastycznymi uchwytami na [&hellip;]<\/p>\n","protected":false},"featured_media":4522,"comment_status":"closed","ping_status":"open","template":"","meta":[],"product_cat":[976,269],"product_tag":[622,585,729,756],"class_list":["post-4521","product","type-product","status-publish","has-post-thumbnail","hentry","product_cat-piorniki","product_cat-starpak","product_tag-fajne-zagadki","product_tag-kolorowanki-dla-chlopcow","product_tag-madre-bajki-dla-dzieci-do-czytania","product_tag-zaproszenie-na-urodziny-do-druku"],"_links":{"self":[{"href":"http:\/\/klubmamgdynia.pl\/index.php\/wp-json\/wp\/v2\/product\/4521","targetHints":{"allow":["GET"]}}],"collection":[{"href":"http:\/\/klubmamgdynia.pl\/index.php\/wp-json\/wp\/v2\/product"}],"about":[{"href":"http:\/\/klubmamgdynia.pl\/index.php\/wp-json\/wp\/v2\/types\/product"}],"replies":[{"embeddable":true,"href":"http:\/\/klubmamgdynia.pl\/index.php\/wp-json\/wp\/v2\/comments?post=4521"}],"wp:featuredmedia":[{"embeddable":true,"href":"http:\/\/klubmamgdynia.pl\/index.php\/wp-json\/wp\/v2\/media\/4522"}],"wp:attachment":[{"href":"http:\/\/klubmamgdynia.pl\/index.php\/wp-json\/wp\/v2\/media?parent=4521"}],"wp:term":[{"taxonomy":"product_cat","embeddable":true,"href":"http:\/\/klubmamgdynia.pl\/index.php\/wp-json\/wp\/v2\/product_cat?post=4521"},{"taxonomy":"product_tag","embeddable":true,"href":"http:\/\/klubmamgdynia.pl\/index.php\/wp-json\/wp\/v2\/product_tag?post=4521"}],"curies":[{"name":"wp","href":"https:\/\/api.w.org\/{rel}","templated":true}]}}