{"id":4523,"date":"2016-11-30T19:15:28","date_gmt":"2016-11-30T18:15:28","guid":{"rendered":"http:\/\/klubmamgdynia.pl\/index.php\/produkt\/nobo-kids-gitara-elektryczna-rockowa-metalowe-struny-nieb\/"},"modified":"2026-04-05T19:09:31","modified_gmt":"2026-04-05T17:09:31","slug":"nobo-kids-gitara-elektryczna-rockowa-metalowe-struny-nieb","status":"publish","type":"product","link":"http:\/\/klubmamgdynia.pl\/index.php\/produkt\/nobo-kids-gitara-elektryczna-rockowa-metalowe-struny-nieb\/","title":{"rendered":"Nobo Kids Gitara Elektryczna Rockowa Metalowe Struny Nieb."},"content":{"rendered":"<p>Gitara rockowa, dla wszystkich mi\u0142o\u015bnik\u00f3w g\u0142o\u015bnych d\u017awi\u0119k\u00f3w! Fantastyczny design oraz demonstracyjne, wgrane ju\u017c utwory sprawi\u0105, \u017ce dzieciaki zapragn\u0105 za\u0142o\u017cy\u0107 sw\u00f3j w\u0142asny rockowy zesp\u00f3\u0142.Charakterystyka:- naci\u015bnij na przycisk w\u0142\u0105czaj\u0105cy pierwszy lub drugi tryb, a nast\u0119pnie dotykaj\u0105c opuszkami palc\u00f3w struny, zagraj do wybranego podk\u0142adu muzycznego- mrugaj\u0105ce \u015bwiate\u0142kaOdpowiedni wiek: 3 lata+Wymiary gitary: 57 x 20,5 x 4,5 cmZasilanie: 3 baterie AA (LR6) 1,5V (brak w zestawie)Wymiary opakowania: 24 (szer.) x 6 (g\u0142.) x 62 (wys.) cmInformacja od producenta: Nieodpowiednie dla dzieci poni\u017cej 3 lat ze wzgl\u0119du na wyst\u0119powanie ma\u0142ych cz\u0119\u015bci. Istnieje ryzyko po\u0142kni\u0119cia\/zad\u0142awienia i uszkodzenia cia\u0142a.<\/p>\n<h2>Nobo Kids Gitara Elektryczna Rockowa Metalowe Struny Nieb. Nobo Kids<\/h2>\n<p>nietypowe imiona damskie, wystawy dla dzieci warszawa, walentynka kolorowanka, ferie warszawa 2022, m\u0105dre bajki dla dzieci do czytania, adriana imie, prezent dla dziewczynki na roczek, opowie\u015b\u0107 wigilijna test z odpowiedziami, imi\u0119 r\u00f3\u017ca, pytania logiczne, kr\u00f3tkie bajki dla dzieci, quiz o dinozaurach, kr\u00f3tkie bajki dla dzieci, pia, cicha noc po angielsku, prezent dla 16 latki, basen warszawa, bajki o ksi\u0119\u017cniczkach do czytania, maski superbohater\u00f3w do wydrukowania, nauka literek do druku<\/p>\n<p>yyyyy<\/p>\n<p>&nbsp;<\/p>\n","protected":false},"excerpt":{"rendered":"<p>Gitara rockowa, dla wszystkich mi\u0142o\u015bnik\u00f3w g\u0142o\u015bnych d\u017awi\u0119k\u00f3w! Fantastyczny design oraz demonstracyjne, wgrane ju\u017c utwory sprawi\u0105, \u017ce dzieciaki zapragn\u0105 za\u0142o\u017cy\u0107 sw\u00f3j w\u0142asny rockowy zesp\u00f3\u0142.Charakterystyka:- naci\u015bnij na przycisk w\u0142\u0105czaj\u0105cy pierwszy lub drugi tryb, a nast\u0119pnie dotykaj\u0105c opuszkami palc\u00f3w struny, zagraj do wybranego podk\u0142adu muzycznego- mrugaj\u0105ce \u015bwiate\u0142kaOdpowiedni wiek: 3 lata+Wymiary gitary: 57 x 20,5 x 4,5 cmZasilanie: 3 [&hellip;]<\/p>\n","protected":false},"featured_media":4524,"comment_status":"closed","ping_status":"open","template":"","meta":[],"product_cat":[91,155],"product_tag":[781,753,785],"class_list":["post-4523","product","type-product","status-publish","has-post-thumbnail","hentry","product_cat-nobo-kids","product_cat-zabawki-muzyczne","product_tag-cytaty-o-wychowaniu-dzieci","product_tag-kamila","product_tag-prezent-dla-nastolatkow"],"_links":{"self":[{"href":"http:\/\/klubmamgdynia.pl\/index.php\/wp-json\/wp\/v2\/product\/4523","targetHints":{"allow":["GET"]}}],"collection":[{"href":"http:\/\/klubmamgdynia.pl\/index.php\/wp-json\/wp\/v2\/product"}],"about":[{"href":"http:\/\/klubmamgdynia.pl\/index.php\/wp-json\/wp\/v2\/types\/product"}],"replies":[{"embeddable":true,"href":"http:\/\/klubmamgdynia.pl\/index.php\/wp-json\/wp\/v2\/comments?post=4523"}],"wp:featuredmedia":[{"embeddable":true,"href":"http:\/\/klubmamgdynia.pl\/index.php\/wp-json\/wp\/v2\/media\/4524"}],"wp:attachment":[{"href":"http:\/\/klubmamgdynia.pl\/index.php\/wp-json\/wp\/v2\/media?parent=4523"}],"wp:term":[{"taxonomy":"product_cat","embeddable":true,"href":"http:\/\/klubmamgdynia.pl\/index.php\/wp-json\/wp\/v2\/product_cat?post=4523"},{"taxonomy":"product_tag","embeddable":true,"href":"http:\/\/klubmamgdynia.pl\/index.php\/wp-json\/wp\/v2\/product_tag?post=4523"}],"curies":[{"name":"wp","href":"https:\/\/api.w.org\/{rel}","templated":true}]}}