{"id":4525,"date":"2016-08-25T16:15:54","date_gmt":"2016-08-25T14:15:54","guid":{"rendered":"http:\/\/klubmamgdynia.pl\/index.php\/produkt\/swede-zabawka-na-banki-mydlane\/"},"modified":"2026-04-29T19:53:19","modified_gmt":"2026-04-29T17:53:19","slug":"swede-zabawka-na-banki-mydlane","status":"publish","type":"product","link":"http:\/\/klubmamgdynia.pl\/index.php\/produkt\/swede-zabawka-na-banki-mydlane\/","title":{"rendered":"Swede Zabawka Na Ba\u0144ki Mydlane"},"content":{"rendered":"<p>Kolorowa maszynka krab wraz z p\u0142ynem do wytwarzania baniek mydlanych. Krab \u015bwieci \u015bwiate\u0142kiem oraz gra weso\u0142e melodie.Zabawka dzia\u0142a na baterie typu AA. Baterie nie s\u0105 za\u0142\u0105czone do zabawki.Zabawka dla dzieci od 3 lat.Podane wymiary stanowi\u0105 wymiar opakowania.zabawka zapakowana w kartonowe opakowanie z okienkiem.Wiek:<\/p>\n<h2>Swede Zabawka Na Ba\u0144ki Mydlane Swede<\/h2>\n<p>zagadki o zimie, miko\u0142ajek test z lektury, papuga kolorowanka, m\u0105dre bajki dla dzieci do czytania, myszka minnie kolorowanka, psi patrol kolorowanki, wzory dyplom\u00f3w dyplomy do druku, pytania zagadki, kolorowanki wakacje, pytania o \u015bwi\u0119ta dla dzieci, prezenty dla nastolatka, zagadki typu co to jest, quizy za darmo, kartka walentynkow\u0105 przedszkole, quiz o bo\u017cym narodzeniu, okolice wroc\u0142awia, znaczenie imienia alan, zagadki dla dzieci logiczne<\/p>\n<p>yyyyy<\/p>\n<p>&nbsp;<\/p>\n","protected":false},"excerpt":{"rendered":"<p>Kolorowa maszynka krab wraz z p\u0142ynem do wytwarzania baniek mydlanych. Krab \u015bwieci \u015bwiate\u0142kiem oraz gra weso\u0142e melodie.Zabawka dzia\u0142a na baterie typu AA. Baterie nie s\u0105 za\u0142\u0105czone do zabawki.Zabawka dla dzieci od 3 lat.Podane wymiary stanowi\u0105 wymiar opakowania.zabawka zapakowana w kartonowe opakowanie z okienkiem.Wiek: Swede Zabawka Na Ba\u0144ki Mydlane Swede zagadki o zimie, miko\u0142ajek test z [&hellip;]<\/p>\n","protected":false},"featured_media":4526,"comment_status":"closed","ping_status":"open","template":"","meta":[],"product_cat":[472,171],"product_tag":[836,585,614,636],"class_list":["post-4525","product","type-product","status-publish","has-post-thumbnail","hentry","product_cat-banki-mydlane","product_cat-swede","product_tag-co-kupic-dziecku-na-roczek","product_tag-kolorowanki-dla-chlopcow","product_tag-pia","product_tag-teksty-kolysanek"],"_links":{"self":[{"href":"http:\/\/klubmamgdynia.pl\/index.php\/wp-json\/wp\/v2\/product\/4525","targetHints":{"allow":["GET"]}}],"collection":[{"href":"http:\/\/klubmamgdynia.pl\/index.php\/wp-json\/wp\/v2\/product"}],"about":[{"href":"http:\/\/klubmamgdynia.pl\/index.php\/wp-json\/wp\/v2\/types\/product"}],"replies":[{"embeddable":true,"href":"http:\/\/klubmamgdynia.pl\/index.php\/wp-json\/wp\/v2\/comments?post=4525"}],"wp:featuredmedia":[{"embeddable":true,"href":"http:\/\/klubmamgdynia.pl\/index.php\/wp-json\/wp\/v2\/media\/4526"}],"wp:attachment":[{"href":"http:\/\/klubmamgdynia.pl\/index.php\/wp-json\/wp\/v2\/media?parent=4525"}],"wp:term":[{"taxonomy":"product_cat","embeddable":true,"href":"http:\/\/klubmamgdynia.pl\/index.php\/wp-json\/wp\/v2\/product_cat?post=4525"},{"taxonomy":"product_tag","embeddable":true,"href":"http:\/\/klubmamgdynia.pl\/index.php\/wp-json\/wp\/v2\/product_tag?post=4525"}],"curies":[{"name":"wp","href":"https:\/\/api.w.org\/{rel}","templated":true}]}}