{"id":4527,"date":"2010-12-07T08:49:50","date_gmt":"2010-12-07T07:49:50","guid":{"rendered":"http:\/\/klubmamgdynia.pl\/index.php\/produkt\/starpak-plastelina-12-kolorow-cuties-koty-429681\/"},"modified":"2026-04-03T21:35:13","modified_gmt":"2026-04-03T19:35:13","slug":"starpak-plastelina-12-kolorow-cuties-koty-429681","status":"publish","type":"product","link":"http:\/\/klubmamgdynia.pl\/index.php\/produkt\/starpak-plastelina-12-kolorow-cuties-koty-429681\/","title":{"rendered":"Starpak Plastelina 12 Kolor\u00f3w Cuties Koty 429681"},"content":{"rendered":"<p>Plastelina z kolekcji Starpak z licencj\u0105 Cuties. W zestawie znajduje si\u0119 12 plastelin w \u017cywych kolorach, rozwijaj\u0105cych umiej\u0119tno\u015bci plastyczne i kreatywne my\u015blenie dziecka. Barwne pude\u0142ko z nadrukiem Cuties zach\u0119ca do tw\u00f3rczej zabawy i u\u0142atwia przechowywanie. W trosce o najwy\u017csz\u0105 jako\u015b\u0107 i bezpiecze\u0144stwo plastelina jest produkowana w Polsce. Zapoznaj si\u0119 r\u00f3wnie\u017c z innymi produktami Starpak Plastelina przeznaczona dla dzieci w wieku 3 . Wymiary produktu wys.x szer. x g\u0142. cm 9,3&#215;19,7&#215;1,5.<\/p>\n<h2>Starpak Plastelina 12 Kolor\u00f3w Cuties Koty 429681 Starpak<\/h2>\n<p>bajki na dobranoc, cytaty ma\u0142y ksi\u0105\u017ce, quizy \u015bwi\u0105teczne bo\u017ce narodzenie, quiz z bajek<\/p>\n<p>yyyyy<\/p>\n<p>&nbsp;<\/p>\n","protected":false},"excerpt":{"rendered":"<p>Plastelina z kolekcji Starpak z licencj\u0105 Cuties. W zestawie znajduje si\u0119 12 plastelin w \u017cywych kolorach, rozwijaj\u0105cych umiej\u0119tno\u015bci plastyczne i kreatywne my\u015blenie dziecka. Barwne pude\u0142ko z nadrukiem Cuties zach\u0119ca do tw\u00f3rczej zabawy i u\u0142atwia przechowywanie. W trosce o najwy\u017csz\u0105 jako\u015b\u0107 i bezpiecze\u0144stwo plastelina jest produkowana w Polsce. Zapoznaj si\u0119 r\u00f3wnie\u017c z innymi produktami Starpak Plastelina [&hellip;]<\/p>\n","protected":false},"featured_media":4528,"comment_status":"closed","ping_status":"open","template":"","meta":[],"product_cat":[269,297],"product_tag":[844,865,657,677,684,850],"class_list":["post-4527","product","type-product","status-publish","has-post-thumbnail","hentry","product_cat-starpak","product_cat-szkolne-artykuly-plastyczne","product_tag-co-kupic-na-roczek","product_tag-cytaty-o-dzieciach","product_tag-lol-kolorowanka","product_tag-milosz-imie","product_tag-prezent-dla-dziewczynki-na-roczek","product_tag-wroclaw-atrakcje-dla-dzieci"],"_links":{"self":[{"href":"http:\/\/klubmamgdynia.pl\/index.php\/wp-json\/wp\/v2\/product\/4527","targetHints":{"allow":["GET"]}}],"collection":[{"href":"http:\/\/klubmamgdynia.pl\/index.php\/wp-json\/wp\/v2\/product"}],"about":[{"href":"http:\/\/klubmamgdynia.pl\/index.php\/wp-json\/wp\/v2\/types\/product"}],"replies":[{"embeddable":true,"href":"http:\/\/klubmamgdynia.pl\/index.php\/wp-json\/wp\/v2\/comments?post=4527"}],"wp:featuredmedia":[{"embeddable":true,"href":"http:\/\/klubmamgdynia.pl\/index.php\/wp-json\/wp\/v2\/media\/4528"}],"wp:attachment":[{"href":"http:\/\/klubmamgdynia.pl\/index.php\/wp-json\/wp\/v2\/media?parent=4527"}],"wp:term":[{"taxonomy":"product_cat","embeddable":true,"href":"http:\/\/klubmamgdynia.pl\/index.php\/wp-json\/wp\/v2\/product_cat?post=4527"},{"taxonomy":"product_tag","embeddable":true,"href":"http:\/\/klubmamgdynia.pl\/index.php\/wp-json\/wp\/v2\/product_tag?post=4527"}],"curies":[{"name":"wp","href":"https:\/\/api.w.org\/{rel}","templated":true}]}}