{"id":4529,"date":"2025-07-07T02:07:09","date_gmt":"2025-07-07T00:07:09","guid":{"rendered":"http:\/\/klubmamgdynia.pl\/?post_type=product&#038;p=4529"},"modified":"2026-04-05T10:34:01","modified_gmt":"2026-04-05T08:34:01","slug":"luxma-duzy-tramwaj-jezdzi-dzwieki-swiatla-baterie-1598-zielony","status":"publish","type":"product","link":"http:\/\/klubmamgdynia.pl\/index.php\/produkt\/luxma-duzy-tramwaj-jezdzi-dzwieki-swiatla-baterie-1598-zielony\/","title":{"rendered":"Luxma Du\u017cy Tramwaj Je\u017adzi D\u017awi\u0119ki \u015awiat\u0142a Baterie 1598 Zielony"},"content":{"rendered":"<p>DU\u017bY TRAMWAJ JE\u0179DZI D\u0179WI\u0118KI \u015aWIAT\u0141A baterie 1598ZRealne odwzorowanie prawdziwego tramwaju miejskiego!Wymiary opakowania: 52 x 20 x 9 cmWymiary tramwaju:  d\u0142. 46 x szer. 5,5 x wys. 10 cmWiek: 3+Baterie: 3 x AA (brak w zestawie)Zabawka posiada certyfikat CE, EN71.\u015awietny du\u017cy tramwaj, kt\u00f3ry jest odwzorowaniem prawdziwego miejskiego tramwaju.kolor: zielonyefekty: d\u017awi\u0119kowe i \u015bwietlnenap\u0119d: elektrycznyzasilanie: bateryjneD\u0179WI\u0118KI, \u015aWIAT\u0141A, JE\u0179DZI DO PRZODU I DO TY\u0141U!Tramwaj na g\u00f3rze posiada 4 guziki funkcyjne.Guzik z nutk\u0105 powoduje uruchomienie 4 r\u00f3\u017cnych melodii. Towarzysz\u0105 temu \u015bwiec\u0105ce kolorowe \u015bwiat\u0142a w \u015brodku tramwaju.Guziki ze strza\u0142kami prz\u00f3d-ty\u0142, powoduj\u0105 jazd\u0119 w danym kierunku, s\u0142ycha\u0107 przy tym charakterystyczne d\u017awi\u0119ki tramwaju. W tej sytuacji r\u00f3wnie\u017c migaj\u0105 \u015bwiate\u0142ka oraz \u015bwiat\u0142a z przodu w zale\u017cno\u015bci od tego, w kt\u00f3r\u0105 stron\u0119 jedzie tramwaj, poniewa\u017c tramwaj z obu stron ma kabiny maszynisty.Prostok\u0105tny przycisk uruchamia teksty w j\u0119zyku angielskim. W trakcie \u015bwiec\u0105 \u015bwiate\u0142ka.Na g\u00f3rze tramwaju znajduje si\u0119 g\u0142o\u015bnik.W czasie grania melodyjek w tramwaju \u015bwiec\u0105 \u015bwiate\u0142ka w \u015brodku.Tramwaj na dachu posiada ruchomy\/sk\u0142adany pantografRealne odwzorowanie prawdziwego tramwaju miejskiego !Wymiary opakowania: 52 x 20 x 9 cmWymiary tramwaju:  d\u0142. 46 x szer. 5,5 x wys. 10 cmWiek: 3+Baterie: 3 x AA (brak w zestawie)Zabawka zapakowana w \u0142adne kolorowe pude\u0142ko z okienkiem.IDEALNIE SPRAWDZI SI\u0118 NA PREZENT.<\/p>\n<h2>Luxma Du\u017cy Tramwaj Je\u017adzi D\u017awi\u0119ki \u015awiat\u0142a Baterie 1598 Zielony Luxma<\/h2>\n<p>ferie warszawa 2022, otto, zagadki z odpowiedziami dla dzieci, znaczenie imiona justyna, lilianna, pomys\u0142y na dzie\u0144 dziecka dla nastolatk\u00f3w, co kupi\u0107 dziewczynce na roczek, prezent dla 15 latki, kolorowanka pies, koty rysunki, pomys\u0142y na dzie\u0144 dziecka dla nastolatk\u00f3w, maski karnawa\u0142owe dla dzieci szablony<\/p>\n<p>yyyyy<\/p>\n<p>&nbsp;<\/p>\n","protected":false},"excerpt":{"rendered":"<p>DU\u017bY TRAMWAJ JE\u0179DZI D\u0179WI\u0118KI \u015aWIAT\u0141A baterie 1598ZRealne odwzorowanie prawdziwego tramwaju miejskiego!Wymiary opakowania: 52 x 20 x 9 cmWymiary tramwaju: d\u0142. 46 x szer. 5,5 x wys. 10 cmWiek: 3+Baterie: 3 x AA (brak w zestawie)Zabawka posiada certyfikat CE, EN71.\u015awietny du\u017cy tramwaj, kt\u00f3ry jest odwzorowaniem prawdziwego miejskiego tramwaju.kolor: zielonyefekty: d\u017awi\u0119kowe i \u015bwietlnenap\u0119d: elektrycznyzasilanie: bateryjneD\u0179WI\u0118KI, \u015aWIAT\u0141A, JE\u0179DZI [&hellip;]<\/p>\n","protected":false},"featured_media":4530,"comment_status":"closed","ping_status":"open","template":"","meta":[],"product_cat":[56,327],"product_tag":[827,850,782,788],"class_list":["post-4529","product","type-product","status-publish","has-post-thumbnail","hentry","product_cat-kolejki","product_cat-luxma","product_tag-bajki-dla-niemowlat","product_tag-wroclaw-atrakcje-dla-dzieci","product_tag-zagadki-dla-dzieci-z-odpowiedziami","product_tag-zagadki-krotkie"],"_links":{"self":[{"href":"http:\/\/klubmamgdynia.pl\/index.php\/wp-json\/wp\/v2\/product\/4529","targetHints":{"allow":["GET"]}}],"collection":[{"href":"http:\/\/klubmamgdynia.pl\/index.php\/wp-json\/wp\/v2\/product"}],"about":[{"href":"http:\/\/klubmamgdynia.pl\/index.php\/wp-json\/wp\/v2\/types\/product"}],"replies":[{"embeddable":true,"href":"http:\/\/klubmamgdynia.pl\/index.php\/wp-json\/wp\/v2\/comments?post=4529"}],"wp:featuredmedia":[{"embeddable":true,"href":"http:\/\/klubmamgdynia.pl\/index.php\/wp-json\/wp\/v2\/media\/4530"}],"wp:attachment":[{"href":"http:\/\/klubmamgdynia.pl\/index.php\/wp-json\/wp\/v2\/media?parent=4529"}],"wp:term":[{"taxonomy":"product_cat","embeddable":true,"href":"http:\/\/klubmamgdynia.pl\/index.php\/wp-json\/wp\/v2\/product_cat?post=4529"},{"taxonomy":"product_tag","embeddable":true,"href":"http:\/\/klubmamgdynia.pl\/index.php\/wp-json\/wp\/v2\/product_tag?post=4529"}],"curies":[{"name":"wp","href":"https:\/\/api.w.org\/{rel}","templated":true}]}}