{"id":4533,"date":"2021-06-04T20:27:29","date_gmt":"2021-06-04T18:27:29","guid":{"rendered":"http:\/\/klubmamgdynia.pl\/index.php\/produkt\/mattel-enchantimals-zwierzaki-ulubiency-flick-gjx24-glh36\/"},"modified":"2026-04-04T21:45:46","modified_gmt":"2026-04-04T19:45:46","slug":"mattel-enchantimals-zwierzaki-ulubiency-flick-gjx24-glh36","status":"publish","type":"product","link":"http:\/\/klubmamgdynia.pl\/index.php\/produkt\/mattel-enchantimals-zwierzaki-ulubiency-flick-gjx24-glh36\/","title":{"rendered":"Mattel Enchantimals Zwierzaki Ulubie\u0144cy Flick GJX24 GLH36"},"content":{"rendered":"<p>Witaj w \u015bwiecie Enchantimals, gdzie mo\u017cesz prze\u017cywa\u0107 weso\u0142e przygody w r\u00f3\u017cnych fantastycznych krainach! Wyrusz do Zaczarowanego Lasu, wpadnij do G\u0119stej D\u017cungli lub zanurz si\u0119 w Magicznych Wodach. Jest tak wiele do odkrycia! W ka\u017cdej z zaczarowanych krain czekaj\u0105 na Ciebie zwierz\u0105tka Enchantimals, kt\u00f3re ch\u0119tnie b\u0119d\u0105 Ci towarzyszy\u0107 we wszystkich przygodach.                            <\/p>\n<p>Dzieci mog\u0105 zebra\u0107 swoich ulubie\u0144c\u00f3w, teraz ze specjalnym brokatowym wyko\u0144czeniem i uroczymi minkami. Do wyboru jest paw Flap, jelonek Sprint, delfinek Largo, papu\u017cka Sheeny, tygrysek Tuft i wiele innych! Ka\u017cda z figurek Enchantimals ma dekoracj\u0119 symbolizuj\u0105c\u0105 rodzinn\u0105 krain\u0119. Zbierz wszystkie zwierz\u0105tka, aby stworzy\u0107 sw\u00f3j w\u0142asny magiczny \u015bwiat Enchantimals!                             <\/p>\n<p>Sprzedawane oddzielnie w zale\u017cno\u015bci od dost\u0119pno\u015bci. \u00a0Zawiera jedn\u0105 figurk\u0119 zwierz\u0105tka (ok. 3,81 \u2013 5,08 cm).<br \/>\nKolory i elementy dekoracyjne mog\u0105 si\u0119 r\u00f3\u017cni\u0107.                            <\/p>\n<p>            Mattel Enchantimals Zwierzaki Ulubie\u0144cy (Tuft) GJX24 GJX26<\/p>\n<p>            Mattel Enchantimals Zwierzaki Ulubie\u0144cy Twist GJX24 GLH37<\/p>\n<p>            Mattel Enchantimals Zwierzaki Ulubie\u0144cy Sprint GJX24 GLH34<\/p>\n<p>            Mattel Enchantimals Zwierzaki Ulubie\u0144cy Yawn GJX24 GLH40<\/p>\n<p>            Mattel Enchantimals Zwierzaki Ulubie\u0144cy Dab GJX24 GJX28<\/p>\n<p>            Mattel Enchantimals Zwierzaki Ulubie\u0144cy Largo GJX24 GLH44<\/p>\n<p>            Mattel Enchantimals Zwierzaki Ulubie\u0144cy Caper GJX24 GLH33<\/p>\n<p>            Mattel Enchantimals Zwierzaki Ulubie\u0144cy Snore GJX24 GLH39<\/p>\n<p>            Mattel Enchantimals Zwierzaki Ulubie\u0144cy Marisa GJX24 GLH46<\/p>\n<p>            Mattel Enchantimals Zwierzaki Ulubie\u0144cy Pointer GJX24 GHL41<\/p>\n<p>            Mattel Enchantimals Zwierzaki Ulubie\u0144cy Cackle GJX24 GLH45<\/p>\n<p>            Mattel Enchantimals Zwierzaki Ulubie\u0144cy Stumper GJX24 GLH38<\/p>\n<p>            Mattel Enchantimals Zwierzaki Ulubie\u0144cy Flap GJX24 GLH35<\/p>\n<p>            Mattel Enchantimals Zwierzaki Ulubie\u0144cy Pester GJX24 GLH42<\/p>\n<p>            Mattel Enchantimals Zwierzaki Ulubie\u0144cy Bounder GJX24 GLH43<\/p>\n<p>            Mattel Enchantimals Zwierzaki Ulubie\u0144cy Sheeny GJX24 GJX25<\/p>\n<p>            Mattel Enchantimals Zwierzaki Ulubie\u0144cy Flick GJX24 GLH36<\/p>\n<p>            Mattel  Enchantimals Ulubie\u0144cy Brokatowa Panda GJX24 GJX27<\/p>\n<h2>Mattel Enchantimals Zwierzaki Ulubie\u0144cy Flick GJX24 GLH36 Mattel<\/h2>\n<p>prezent dla 17 latka, maska wilka szablon, darmowe kolorowanki do druku, prezenty roczek, zaproszenia urodzinowe do druku<\/p>\n<p>yyyyy<\/p>\n<p>&nbsp;<\/p>\n","protected":false},"excerpt":{"rendered":"<p>Witaj w \u015bwiecie Enchantimals, gdzie mo\u017cesz prze\u017cywa\u0107 weso\u0142e przygody w r\u00f3\u017cnych fantastycznych krainach! Wyrusz do Zaczarowanego Lasu, wpadnij do G\u0119stej D\u017cungli lub zanurz si\u0119 w Magicznych Wodach. Jest tak wiele do odkrycia! W ka\u017cdej z zaczarowanych krain czekaj\u0105 na Ciebie zwierz\u0105tka Enchantimals, kt\u00f3re ch\u0119tnie b\u0119d\u0105 Ci towarzyszy\u0107 we wszystkich przygodach. Dzieci mog\u0105 zebra\u0107 swoich ulubie\u0144c\u00f3w, [&hellip;]<\/p>\n","protected":false},"featured_media":4534,"comment_status":"closed","ping_status":"open","template":"","meta":[],"product_cat":[65,289],"product_tag":[813,734,589,576],"class_list":["post-4533","product","type-product","status-publish","has-post-thumbnail","hentry","product_cat-lalki","product_cat-mattel","product_tag-krotkie-zagadki-matematyczne-z-odpowiedziami","product_tag-milan-imie","product_tag-prezent-dla-rocznego-dziecka","product_tag-trudne-zagadki"],"_links":{"self":[{"href":"http:\/\/klubmamgdynia.pl\/index.php\/wp-json\/wp\/v2\/product\/4533","targetHints":{"allow":["GET"]}}],"collection":[{"href":"http:\/\/klubmamgdynia.pl\/index.php\/wp-json\/wp\/v2\/product"}],"about":[{"href":"http:\/\/klubmamgdynia.pl\/index.php\/wp-json\/wp\/v2\/types\/product"}],"replies":[{"embeddable":true,"href":"http:\/\/klubmamgdynia.pl\/index.php\/wp-json\/wp\/v2\/comments?post=4533"}],"wp:featuredmedia":[{"embeddable":true,"href":"http:\/\/klubmamgdynia.pl\/index.php\/wp-json\/wp\/v2\/media\/4534"}],"wp:attachment":[{"href":"http:\/\/klubmamgdynia.pl\/index.php\/wp-json\/wp\/v2\/media?parent=4533"}],"wp:term":[{"taxonomy":"product_cat","embeddable":true,"href":"http:\/\/klubmamgdynia.pl\/index.php\/wp-json\/wp\/v2\/product_cat?post=4533"},{"taxonomy":"product_tag","embeddable":true,"href":"http:\/\/klubmamgdynia.pl\/index.php\/wp-json\/wp\/v2\/product_tag?post=4533"}],"curies":[{"name":"wp","href":"https:\/\/api.w.org\/{rel}","templated":true}]}}