{"id":4535,"date":"2018-09-16T01:33:30","date_gmt":"2018-09-15T23:33:30","guid":{"rendered":"http:\/\/klubmamgdynia.pl\/index.php\/produkt\/little-dutch-spiralka-sensoryczna-sailors-bay-ld8612\/"},"modified":"2026-04-12T16:50:02","modified_gmt":"2026-04-12T14:50:02","slug":"little-dutch-spiralka-sensoryczna-sailors-bay-ld8612","status":"publish","type":"product","link":"http:\/\/klubmamgdynia.pl\/index.php\/produkt\/little-dutch-spiralka-sensoryczna-sailors-bay-ld8612\/","title":{"rendered":"Little Dutch Spiralka Sensoryczna Sailors Bay Ld8612"},"content":{"rendered":"<p>Spiralka sensoryczna Little Dutch z kolekcji Sailors Bay. Spiralka sprawdzi si\u0119 idealnie jako zabawka dla malucha w \u0142\u00f3\u017ceczku, gondoli lub foteliku samochodowym. Pozwala stymulowa\u0107 koordynacj\u0119 wzrokow\u0105 malucha, pomaga mu poznawa\u0107 r\u00f3\u017cne faktury materia\u0142u oraz przez swoje r\u00f3\u017cnorodne kszta\u0142ty potrafi zaciekawi\u0107 go na d\u0142ugie godziny.<\/p>\n<h2>Little Dutch Spiralka Sensoryczna Sailors Bay Ld8612 Little Dutch<\/h2>\n<p>zaproszenie na urodziny do druku pdf, gry planszowe dla nastolatk\u00f3w, cytaty dzie\u0144 nauczyciela, imie kuba, szablon zaproszenia na urodziny do wydruku czarno bia\u0142e<\/p>\n<p>yyyyy<\/p>\n<p>&nbsp;<\/p>\n","protected":false},"excerpt":{"rendered":"<p>Spiralka sensoryczna Little Dutch z kolekcji Sailors Bay. Spiralka sprawdzi si\u0119 idealnie jako zabawka dla malucha w \u0142\u00f3\u017ceczku, gondoli lub foteliku samochodowym. Pozwala stymulowa\u0107 koordynacj\u0119 wzrokow\u0105 malucha, pomaga mu poznawa\u0107 r\u00f3\u017cne faktury materia\u0142u oraz przez swoje r\u00f3\u017cnorodne kszta\u0142ty potrafi zaciekawi\u0107 go na d\u0142ugie godziny. Little Dutch Spiralka Sensoryczna Sailors Bay Ld8612 Little Dutch zaproszenie na [&hellip;]<\/p>\n","protected":false},"featured_media":4536,"comment_status":"closed","ping_status":"open","template":"","meta":[],"product_cat":[167,26],"product_tag":[650,661,860,634],"class_list":["post-4535","product","type-product","status-publish","has-post-thumbnail","hentry","product_cat-little-dutch","product_cat-zabawki-do-wozka-lozeczka-i-fotelika","product_tag-choinka-z-bibuly","product_tag-swinka-peppa-kolorowanka","product_tag-zagadki-logiczne-dla-doroslych","product_tag-zagadki-wielkanocne-dla-dzieci"],"_links":{"self":[{"href":"http:\/\/klubmamgdynia.pl\/index.php\/wp-json\/wp\/v2\/product\/4535","targetHints":{"allow":["GET"]}}],"collection":[{"href":"http:\/\/klubmamgdynia.pl\/index.php\/wp-json\/wp\/v2\/product"}],"about":[{"href":"http:\/\/klubmamgdynia.pl\/index.php\/wp-json\/wp\/v2\/types\/product"}],"replies":[{"embeddable":true,"href":"http:\/\/klubmamgdynia.pl\/index.php\/wp-json\/wp\/v2\/comments?post=4535"}],"wp:featuredmedia":[{"embeddable":true,"href":"http:\/\/klubmamgdynia.pl\/index.php\/wp-json\/wp\/v2\/media\/4536"}],"wp:attachment":[{"href":"http:\/\/klubmamgdynia.pl\/index.php\/wp-json\/wp\/v2\/media?parent=4535"}],"wp:term":[{"taxonomy":"product_cat","embeddable":true,"href":"http:\/\/klubmamgdynia.pl\/index.php\/wp-json\/wp\/v2\/product_cat?post=4535"},{"taxonomy":"product_tag","embeddable":true,"href":"http:\/\/klubmamgdynia.pl\/index.php\/wp-json\/wp\/v2\/product_tag?post=4535"}],"curies":[{"name":"wp","href":"https:\/\/api.w.org\/{rel}","templated":true}]}}