{"id":4537,"date":"2021-06-20T02:25:05","date_gmt":"2021-06-20T00:25:05","guid":{"rendered":"http:\/\/klubmamgdynia.pl\/index.php\/produkt\/ikonka-piramida-piramidka-drewniana-wieza-sorter-teczowa-13cm\/"},"modified":"2026-04-04T03:01:06","modified_gmt":"2026-04-04T01:01:06","slug":"ikonka-piramida-piramidka-drewniana-wieza-sorter-teczowa-13cm","status":"publish","type":"product","link":"http:\/\/klubmamgdynia.pl\/index.php\/produkt\/ikonka-piramida-piramidka-drewniana-wieza-sorter-teczowa-13cm\/","title":{"rendered":"Ikonka Piramida Piramidka Drewniana Wie\u017ca Sorter T\u0119czowa 13Cm"},"content":{"rendered":"<p>Piramidka drewniana wie\u017ca sorter t\u0119czowa Kolorowa, drewniana piramidka &#8211; pierwszy sorter Twojego malucha. Zabawka sk\u0142ada si\u0119 z drewnianego dr\u0105\u017cka 6 kolorowych obr\u0119czy drewnianej kulki, kt\u00f3r\u0105 mo\u017cna umie\u015bci\u0107 na szczycie wie\u017cy. Drewniane zabawki, czy te\u017c pomoce, jak s\u0105 okre\u015blane w filozofii Montessori, zachwycaj\u0105 prostot\u0105, a jednocze\u015bnie pobudzaj\u0105 kreatywno\u015b\u0107. Zach\u0119caj\u0105 dzieci do rozwoju intelektualnego, oferuj\u0105c przy tym przyjemnie sp\u0119dzony czas. Kolorowa piramidka gwarantuje nie tylko zabaw\u0119, ale te\u017c wspiera rozw\u00f3j Twojego dziecka. Ustawianie wie\u017cy stymuluje obie p\u00f3\u0142kule m\u00f3zgu, uczy logicznego my\u015blenia i rozwi\u0105zywania problem\u00f3w, a jednocze\u015bnie rozwija tw\u00f3rcze my\u015blenie. Nak\u0142adanie obr\u0119czy na dr\u0105\u017cek rozwija zr\u0119czno\u015b\u0107 dziecka i wspiera jego integracje sensoryczn\u0105. Zabawka mo\u017ce r\u00f3wnie\u017c s\u0142u\u017cy\u0107 do nauki kolor\u00f3w. Uk\u0142adanka jest bezpieczna dla Twojego malucha. Kraw\u0119dzie zosta\u0142y oszlifowane, do pomalowania wszystkich element\u00f3w u\u017cyto bezpiecznych nietoksycznych farb. Drewniane zabawki to propozycja dla tych, kt\u00f3rzy chc\u0105 \u017cy\u0107 w zgodzie z ekologi\u0105 &#8211; powstaj\u0105 z naturalnych materia\u0142\u00f3w, s\u0105 trwa\u0142e i mog\u0105 s\u0142u\u017cy\u0107 kolejnym pokoleniom. Ponadto s\u0105 estetyczne, przyjemne dla oka i mi\u0142e w dotyku.Tworzywo: drewnoWymiary:Wysoko\u015b\u0107 piramidki (z podstaw\u0105): 13,5cmPodstawa: 6cm x 6cmwysoko\u015b\u0107 jednego kr\u0105\u017cka: 1,5cm\u015brednica kr\u0105\u017ck\u00f3w: fioletowy: 5,5cm granatowy: 5cm b\u0142\u0119kitny: 4,5cm zielony: 4cm \u017c\u00f3\u0142ty: 3,5cm pomara\u0144czowy: 3cmopakowanie foliowe: 6cm x 13,5cmEAN: 5903039713352Waga: 0.125 kg<\/p>\n<h2>Ikonka Piramida Piramidka Drewniana Wie\u017ca Sorter T\u0119czowa 13Cm Kontext<\/h2>\n<p>test z lektury felix net i nika oraz gang niewidzialnych ludzi, jak narysowa\u0107 cz\u0142owieka, cytaty o dzieciach, prezent dla roczniaka, po \u0142\u0105ce biega lato tekst, zimowe zagadki dla dzieci, andrea, gry planszowe dla nastolatk\u00f3w, znaczenie imienia milan, kolorowanki dla dzieci do druku, co na roczek, ewelina, domki nad morzem z atrakcjami dla dzieci, kr\u00f3tkie bajki dla dzieci do czytania, miko\u0142ajek test z lektury, jeremi imi\u0119, prezent roczek<\/p>\n<p>yyyyy<\/p>\n<p>&nbsp;<\/p>\n","protected":false},"excerpt":{"rendered":"<p>Piramidka drewniana wie\u017ca sorter t\u0119czowa Kolorowa, drewniana piramidka &#8211; pierwszy sorter Twojego malucha. Zabawka sk\u0142ada si\u0119 z drewnianego dr\u0105\u017cka 6 kolorowych obr\u0119czy drewnianej kulki, kt\u00f3r\u0105 mo\u017cna umie\u015bci\u0107 na szczycie wie\u017cy. Drewniane zabawki, czy te\u017c pomoce, jak s\u0105 okre\u015blane w filozofii Montessori, zachwycaj\u0105 prostot\u0105, a jednocze\u015bnie pobudzaj\u0105 kreatywno\u015b\u0107. Zach\u0119caj\u0105 dzieci do rozwoju intelektualnego, oferuj\u0105c przy tym [&hellip;]<\/p>\n","protected":false},"featured_media":4538,"comment_status":"closed","ping_status":"open","template":"","meta":[],"product_cat":[20,61],"product_tag":[705,651,736,693,607],"class_list":["post-4537","product","type-product","status-publish","has-post-thumbnail","hentry","product_cat-kontext","product_cat-zabawki-edukacyjne-dla-niemowlat","product_tag-prezent-na-roczek-dla-chlopca","product_tag-quizy-online","product_tag-zabawki-na-roczek","product_tag-zagadki-dla-doroslych","product_tag-zarty-na-prima-aprilis-dla-rodzicow"],"_links":{"self":[{"href":"http:\/\/klubmamgdynia.pl\/index.php\/wp-json\/wp\/v2\/product\/4537","targetHints":{"allow":["GET"]}}],"collection":[{"href":"http:\/\/klubmamgdynia.pl\/index.php\/wp-json\/wp\/v2\/product"}],"about":[{"href":"http:\/\/klubmamgdynia.pl\/index.php\/wp-json\/wp\/v2\/types\/product"}],"replies":[{"embeddable":true,"href":"http:\/\/klubmamgdynia.pl\/index.php\/wp-json\/wp\/v2\/comments?post=4537"}],"wp:featuredmedia":[{"embeddable":true,"href":"http:\/\/klubmamgdynia.pl\/index.php\/wp-json\/wp\/v2\/media\/4538"}],"wp:attachment":[{"href":"http:\/\/klubmamgdynia.pl\/index.php\/wp-json\/wp\/v2\/media?parent=4537"}],"wp:term":[{"taxonomy":"product_cat","embeddable":true,"href":"http:\/\/klubmamgdynia.pl\/index.php\/wp-json\/wp\/v2\/product_cat?post=4537"},{"taxonomy":"product_tag","embeddable":true,"href":"http:\/\/klubmamgdynia.pl\/index.php\/wp-json\/wp\/v2\/product_tag?post=4537"}],"curies":[{"name":"wp","href":"https:\/\/api.w.org\/{rel}","templated":true}]}}