{"id":4539,"date":"2024-08-15T04:01:08","date_gmt":"2024-08-15T02:01:08","guid":{"rendered":"http:\/\/klubmamgdynia.pl\/?post_type=product&#038;p=4539"},"modified":"2026-04-03T21:40:32","modified_gmt":"2026-04-03T19:40:32","slug":"maileg-miniature-closet-anthracite-miniaturowa-szafa-antracyt","status":"publish","type":"product","link":"http:\/\/klubmamgdynia.pl\/index.php\/produkt\/maileg-miniature-closet-anthracite-miniaturowa-szafa-antracyt\/","title":{"rendered":"Maileg Miniature Closet Anthracite Miniaturowa Szafa Antracyt"},"content":{"rendered":"<p>Miniature closet &#8211; AnthraciteMiniaturowa szafa AntracytWysoko\u015b\u0107 w cm: 23<\/p>\n<h2>Maileg Miniature Closet Anthracite Miniaturowa Szafa Antracyt Maileg<\/h2>\n<p>test z lektury magiczne drzewo czerwone krzes\u0142o, quiz dla dzieci, jak narysowa\u0107 kr\u00f3lika, bajka o emocjach, \u0142atwe zagadki, choinka z bibu\u0142y, quiz online, kotek kolorowanka do druku, poczytaj mi wiersz, zyczenia walentynkowe dla dzieci, prezent dla jedenastolatki, pomys\u0142 na prezent na roczek, narodziny dziecka cytaty, konkurs dla dzieci, zagadki na inteligencj\u0119 z odpowiedziami, mama cytaty, jak narysowa\u0107 kota, nasza zima z\u0142a tekst<\/p>\n<p>yyyyy<\/p>\n<p>&nbsp;<\/p>\n","protected":false},"excerpt":{"rendered":"<p>Miniature closet &#8211; AnthraciteMiniaturowa szafa AntracytWysoko\u015b\u0107 w cm: 23 Maileg Miniature Closet Anthracite Miniaturowa Szafa Antracyt Maileg test z lektury magiczne drzewo czerwone krzes\u0142o, quiz dla dzieci, jak narysowa\u0107 kr\u00f3lika, bajka o emocjach, \u0142atwe zagadki, choinka z bibu\u0142y, quiz online, kotek kolorowanka do druku, poczytaj mi wiersz, zyczenia walentynkowe dla dzieci, prezent dla jedenastolatki, pomys\u0142 [&hellip;]<\/p>\n","protected":false},"featured_media":4540,"comment_status":"closed","ping_status":"open","template":"","meta":[],"product_cat":[172,947],"product_tag":[802,768,795,822],"class_list":["post-4539","product","type-product","status-publish","has-post-thumbnail","hentry","product_cat-akcesoria-dla-lalek","product_cat-maileg","product_tag-co-kupic-dziewczynce-na-roczek","product_tag-krotkie-zagadki-logiczne","product_tag-mini-zoo-warszawa","product_tag-wierszyki-o-wakacjach-krotkie"],"_links":{"self":[{"href":"http:\/\/klubmamgdynia.pl\/index.php\/wp-json\/wp\/v2\/product\/4539","targetHints":{"allow":["GET"]}}],"collection":[{"href":"http:\/\/klubmamgdynia.pl\/index.php\/wp-json\/wp\/v2\/product"}],"about":[{"href":"http:\/\/klubmamgdynia.pl\/index.php\/wp-json\/wp\/v2\/types\/product"}],"replies":[{"embeddable":true,"href":"http:\/\/klubmamgdynia.pl\/index.php\/wp-json\/wp\/v2\/comments?post=4539"}],"wp:featuredmedia":[{"embeddable":true,"href":"http:\/\/klubmamgdynia.pl\/index.php\/wp-json\/wp\/v2\/media\/4540"}],"wp:attachment":[{"href":"http:\/\/klubmamgdynia.pl\/index.php\/wp-json\/wp\/v2\/media?parent=4539"}],"wp:term":[{"taxonomy":"product_cat","embeddable":true,"href":"http:\/\/klubmamgdynia.pl\/index.php\/wp-json\/wp\/v2\/product_cat?post=4539"},{"taxonomy":"product_tag","embeddable":true,"href":"http:\/\/klubmamgdynia.pl\/index.php\/wp-json\/wp\/v2\/product_tag?post=4539"}],"curies":[{"name":"wp","href":"https:\/\/api.w.org\/{rel}","templated":true}]}}