{"id":4541,"date":"2015-01-16T02:54:33","date_gmt":"2015-01-16T01:54:33","guid":{"rendered":"http:\/\/klubmamgdynia.pl\/index.php\/produkt\/leantoys-quad-na-akumulator-xmx612-bialy\/"},"modified":"2026-04-04T02:14:04","modified_gmt":"2026-04-04T00:14:04","slug":"leantoys-quad-na-akumulator-xmx612-bialy","status":"publish","type":"product","link":"http:\/\/klubmamgdynia.pl\/index.php\/produkt\/leantoys-quad-na-akumulator-xmx612-bialy\/","title":{"rendered":"Leantoys Quad Na Akumulator Xmx612 Bia\u0142y"},"content":{"rendered":"<p>Informacje o produkcieModel Quad XMX612Kolor Bia\u0142ySilnik 1x35WAkumulator 6V7AhSkrzynia Bieg\u00f3w 2 biegi (prz\u00f3d\/ty\u0142)Wymiary Pojazdu 72cm x 40cm x 46cmMasa W\u0142asna 4,6kgMax. Obci\u0105\u017cenie 30kgCzas \u0141adowania 8 godzinCzas Dzia\u0142ania do 2 godzinHamulec Automatyczny po zwolnieniu peda\u0142u gazuPasy Bezpiecze\u0144stwa \u2715Otwierane Drzwi \u2715Kluczyki \u2715Fotele PlastikoweKo\u0142a Plastikowe z gumow\u0105 opask\u0105<\/p>\n<h2>Leantoys Quad Na Akumulator Xmx612 Bia\u0142y Lean Toys<\/h2>\n<p>mi\u0142osz imi\u0119, kolorowanki do druku konie, miriam imi\u0119, kiedy dzieci chodz\u0105 na halloween<\/p>\n<p>yyyyy<\/p>\n<p>&nbsp;<\/p>\n","protected":false},"excerpt":{"rendered":"<p>Informacje o produkcieModel Quad XMX612Kolor Bia\u0142ySilnik 1x35WAkumulator 6V7AhSkrzynia Bieg\u00f3w 2 biegi (prz\u00f3d\/ty\u0142)Wymiary Pojazdu 72cm x 40cm x 46cmMasa W\u0142asna 4,6kgMax. Obci\u0105\u017cenie 30kgCzas \u0141adowania 8 godzinCzas Dzia\u0142ania do 2 godzinHamulec Automatyczny po zwolnieniu peda\u0142u gazuPasy Bezpiecze\u0144stwa \u2715Otwierane Drzwi \u2715Kluczyki \u2715Fotele PlastikoweKo\u0142a Plastikowe z gumow\u0105 opask\u0105 Leantoys Quad Na Akumulator Xmx612 Bia\u0142y Lean Toys mi\u0142osz imi\u0119, kolorowanki [&hellip;]<\/p>\n","protected":false},"featured_media":4542,"comment_status":"closed","ping_status":"open","template":"","meta":[],"product_cat":[37,73],"product_tag":[837,656,589,647],"class_list":["post-4541","product","type-product","status-publish","has-post-thumbnail","hentry","product_cat-jeepy-i-quady","product_cat-lean-toys","product_tag-cicha-noc-po-angielsku","product_tag-kolorowanki-lol","product_tag-prezent-dla-rocznego-dziecka","product_tag-warszawa-z-dzieckiem"],"_links":{"self":[{"href":"http:\/\/klubmamgdynia.pl\/index.php\/wp-json\/wp\/v2\/product\/4541","targetHints":{"allow":["GET"]}}],"collection":[{"href":"http:\/\/klubmamgdynia.pl\/index.php\/wp-json\/wp\/v2\/product"}],"about":[{"href":"http:\/\/klubmamgdynia.pl\/index.php\/wp-json\/wp\/v2\/types\/product"}],"replies":[{"embeddable":true,"href":"http:\/\/klubmamgdynia.pl\/index.php\/wp-json\/wp\/v2\/comments?post=4541"}],"wp:featuredmedia":[{"embeddable":true,"href":"http:\/\/klubmamgdynia.pl\/index.php\/wp-json\/wp\/v2\/media\/4542"}],"wp:attachment":[{"href":"http:\/\/klubmamgdynia.pl\/index.php\/wp-json\/wp\/v2\/media?parent=4541"}],"wp:term":[{"taxonomy":"product_cat","embeddable":true,"href":"http:\/\/klubmamgdynia.pl\/index.php\/wp-json\/wp\/v2\/product_cat?post=4541"},{"taxonomy":"product_tag","embeddable":true,"href":"http:\/\/klubmamgdynia.pl\/index.php\/wp-json\/wp\/v2\/product_tag?post=4541"}],"curies":[{"name":"wp","href":"https:\/\/api.w.org\/{rel}","templated":true}]}}