{"id":4543,"date":"2012-12-25T07:06:08","date_gmt":"2012-12-25T06:06:08","guid":{"rendered":"http:\/\/klubmamgdynia.pl\/index.php\/produkt\/jabadabado-zestaw-obiadowy-drewniane-naczynia-zabawka\/"},"modified":"2026-04-30T14:28:04","modified_gmt":"2026-04-30T12:28:04","slug":"jabadabado-zestaw-obiadowy-drewniane-naczynia-zabawka","status":"publish","type":"product","link":"http:\/\/klubmamgdynia.pl\/index.php\/produkt\/jabadabado-zestaw-obiadowy-drewniane-naczynia-zabawka\/","title":{"rendered":"Jabadabado Zestaw Obiadowy Drewniane Naczynia &#8211; Zabawka"},"content":{"rendered":"<p>Drewniany zestaw obiadowy, serwis obiadowy skandynawskiej marki Jabdabado do idealne uzupe\u0142nienie kuchni dzieci\u0119cej. Najlepsz\u0105 form\u0105 rozwoju i nauki u dzieci jest zabawa, dlatego bawi\u0105ce si\u0119 dzieci najlepiej ch\u0142on\u0105 wiedz\u0119 z radosnej zabawy. Skandynawskie akcesoria kuchenne marki Jabadabado spe\u0142niaj\u0105 nie tylko funkcj\u0119 fajnej zabawki ale tak\u017ce ucz\u0105, rozwijaj\u0105 zdolno\u015bci manualne, a tak\u017ce kreuj\u0105 wyobra\u017anie od najm\u0142odszych lat. Ten \u015bliczny zestaw obiadowy w pastelowej kolorystyce, idealnie b\u0119dzie pasowa\u0142 na stole i pi\u0119knie zaprezentuje posi\u0142\u0119k m\u0142odego kucharza. W zestawie: dwa talerze w kolorystyce naturalnego drewna, po\u0142aczonej z klasyczn\u0105 biel\u0105 i delikatnymi kropeczkami, zestaw sztu\u0107c\u00f3w -dwie \u0142yzki, dwa noze i dwa widelce, oraz dwa kubeczki niebieski i r\u00f3zowy z srebnymi gwiazdkami. Wiek: 2+ Wymiary opakowania: 27 x 10 x 21 cm Jabadabado to szwedzka firma istniej\u0105ca na rynku od 1993 roku specjalizuj\u0105ca si\u0119 w projektowaniu i produkcji zabawek drewnianych, element\u00f3w wyposa\u017cenia pokoi dzieci\u0119cych. Wszystkie produkty Jabadabado cechuje oryginalny design, pi\u0119kna kolorystyka i niezwykle staranne wykonanie. Wszystkie zabawki marki Jabadabado stworzone s\u0105 z my\u015bl\u0105 o dzieciach i pobudzaj\u0105 do kreatywnej zabawy.<\/p>\n<h2>Jabadabado Zestaw Obiadowy Drewniane Naczynia &#8211; Zabawka Jabadabado<\/h2>\n<p>maski karnawa\u0142owe do druku, bajki na dobranoc, ozdoby \u015bwi\u0105teczne z rolek po papierze toaletowym, gad\u017cety dla nastolatki, stare wiersze dla dzieci, zabawka na roczek dla ch\u0142opca, quizy za darmo<\/p>\n<p>yyyyy<\/p>\n<p>&nbsp;<\/p>\n","protected":false},"excerpt":{"rendered":"<p>Drewniany zestaw obiadowy, serwis obiadowy skandynawskiej marki Jabdabado do idealne uzupe\u0142nienie kuchni dzieci\u0119cej. Najlepsz\u0105 form\u0105 rozwoju i nauki u dzieci jest zabawa, dlatego bawi\u0105ce si\u0119 dzieci najlepiej ch\u0142on\u0105 wiedz\u0119 z radosnej zabawy. Skandynawskie akcesoria kuchenne marki Jabadabado spe\u0142niaj\u0105 nie tylko funkcj\u0119 fajnej zabawki ale tak\u017ce ucz\u0105, rozwijaj\u0105 zdolno\u015bci manualne, a tak\u017ce kreuj\u0105 wyobra\u017anie od najm\u0142odszych [&hellip;]<\/p>\n","protected":false},"featured_media":4544,"comment_status":"closed","ping_status":"open","template":"","meta":[],"product_cat":[483,53],"product_tag":[839,808,745,627],"class_list":["post-4543","product","type-product","status-publish","has-post-thumbnail","hentry","product_cat-jabadabado","product_cat-kaciki-zabaw","product_tag-bajki-na-dobranoc-do-czytania","product_tag-imie-mia","product_tag-prezent-dla-15-latki","product_tag-quiz-dzieci-z-bullerbyn"],"_links":{"self":[{"href":"http:\/\/klubmamgdynia.pl\/index.php\/wp-json\/wp\/v2\/product\/4543","targetHints":{"allow":["GET"]}}],"collection":[{"href":"http:\/\/klubmamgdynia.pl\/index.php\/wp-json\/wp\/v2\/product"}],"about":[{"href":"http:\/\/klubmamgdynia.pl\/index.php\/wp-json\/wp\/v2\/types\/product"}],"replies":[{"embeddable":true,"href":"http:\/\/klubmamgdynia.pl\/index.php\/wp-json\/wp\/v2\/comments?post=4543"}],"wp:featuredmedia":[{"embeddable":true,"href":"http:\/\/klubmamgdynia.pl\/index.php\/wp-json\/wp\/v2\/media\/4544"}],"wp:attachment":[{"href":"http:\/\/klubmamgdynia.pl\/index.php\/wp-json\/wp\/v2\/media?parent=4543"}],"wp:term":[{"taxonomy":"product_cat","embeddable":true,"href":"http:\/\/klubmamgdynia.pl\/index.php\/wp-json\/wp\/v2\/product_cat?post=4543"},{"taxonomy":"product_tag","embeddable":true,"href":"http:\/\/klubmamgdynia.pl\/index.php\/wp-json\/wp\/v2\/product_tag?post=4543"}],"curies":[{"name":"wp","href":"https:\/\/api.w.org\/{rel}","templated":true}]}}