{"id":4545,"date":"2016-11-19T23:42:00","date_gmt":"2016-11-19T22:42:00","guid":{"rendered":"http:\/\/klubmamgdynia.pl\/index.php\/produkt\/fotelik-samochodowy-hauck-varioguard-plus-0-18-kg\/"},"modified":"2026-05-17T22:20:10","modified_gmt":"2026-05-17T20:20:10","slug":"fotelik-samochodowy-hauck-varioguard-plus-0-18-kg","status":"publish","type":"product","link":"http:\/\/klubmamgdynia.pl\/index.php\/produkt\/fotelik-samochodowy-hauck-varioguard-plus-0-18-kg\/","title":{"rendered":"Fotelik samochodowy Hauck Varioguard Plus 0-18 Kg"},"content":{"rendered":"<p>Fotelik Hauck Varioguard Plus posiada 5-punktowe pasy bezpiecze\u0144stwa, wy\u015bci\u00f3\u0142ki poch\u0142aniaj\u0105 energi\u0119 powsta\u0142\u0105 podczas zderze\u0144 minimalizuj\u0105c obci\u0105\u017cenie szyi dziecka.Baza Isofix znajduj\u0105ca si\u0119 w zestawie z fotelikiem mo\u017ce by\u0107 zamocowana w samochodzie za pomoc\u0105 pas\u00f3w samochodowych lub z\u0142\u0105cz Isofix. Noga podpieraj\u0105ca zapewni stabilno\u015b\u0107 i bezpiecze\u0144stwo.Fotelik mo\u017ce by\u0107 u\u017cywany od urodzenia, a dzi\u0119ki kilku prostym ruchom mo\u017cesz go wypi\u0105\u0107 z bazy. A\u017c do osi\u0105gni\u0119cia 9 kilogram\u00f3w dziecko powinno podr\u00f3\u017cowa\u0107 ty\u0142em do kierunku jazdy.Varioguard Plus jest unikalnym rozwi\u0105zaniem dzi\u0119ki, kt\u00f3remu nie musisz wymienia\u0107 fotelika przez d\u0142ugie lata.W zestawie znajduje si\u0119: Baza, fotelik oraz wk\u0142adka redukcyjnaCechy charakterystyczne:Pi\u0119ciopunktowe pasy bezpiecze\u0144stwaRozszerzona ochrona boczna ESPMonta\u017c za pomoc\u0105 IsofixMonta\u017c za pomoc\u0105 pas\u00f3w bezpiecze\u0144stwaPianka pami\u0119ciowa zapami\u0119tuje kszta\u0142Tkanina oddychaj\u0105caSiedmiokrotna regulacja wysoko\u015bci zag\u0142owkaTrzykrotna regulacja nachylenia fotelika4 gwiazdki w testach bezpiecze\u0144stwa ADAC (w te\u015bcie og\u00f3lnym 3)Zasady monta\u017cu:Dla dzieci do 9 kg: ty\u0142em do kierunku jazdyDla dzieci od 9 do 18 kg: przodem lub ty\u0142em do kierunku jazdy<\/p>\n<h2>Fotelik samochodowy Hauck Varioguard Plus 0-18 Kg Hauck<\/h2>\n<p>kanapki dla dzieci, prezent dla 17 latki, bursztynek, quizy o minecraft, opisy do zdj\u0119\u0107 dziecka, upominek dla nastolatk\u00f3w, cytaty o dzieciach, zaproszenia na urodziny dla dzieci do druku, piosenki dla dzieci o jesieni, kondrad imie, lol kolorowanka, okolice wroc\u0142awia atrakcje, linda, buziak gify na dobranoc smieszne, asiunia &#8211; test z lektury pdf<\/p>\n<p>yyyyy<\/p>\n<p>&nbsp;<\/p>\n","protected":false},"excerpt":{"rendered":"<p>Fotelik Hauck Varioguard Plus posiada 5-punktowe pasy bezpiecze\u0144stwa, wy\u015bci\u00f3\u0142ki poch\u0142aniaj\u0105 energi\u0119 powsta\u0142\u0105 podczas zderze\u0144 minimalizuj\u0105c obci\u0105\u017cenie szyi dziecka.Baza Isofix znajduj\u0105ca si\u0119 w zestawie z fotelikiem mo\u017ce by\u0107 zamocowana w samochodzie za pomoc\u0105 pas\u00f3w samochodowych lub z\u0142\u0105cz Isofix. Noga podpieraj\u0105ca zapewni stabilno\u015b\u0107 i bezpiecze\u0144stwo.Fotelik mo\u017ce by\u0107 u\u017cywany od urodzenia, a dzi\u0119ki kilku prostym ruchom mo\u017cesz go [&hellip;]<\/p>\n","protected":false},"featured_media":4546,"comment_status":"closed","ping_status":"open","template":"","meta":[],"product_cat":[32,108],"product_tag":[839,859,811],"class_list":["post-4545","product","type-product","status-publish","has-post-thumbnail","hentry","product_cat-foteliki-samochodowe","product_cat-hauck","product_tag-bajki-na-dobranoc-do-czytania","product_tag-dobranoc-pchly-na-noc","product_tag-zagadki-logiczne-dla-dzieci"],"_links":{"self":[{"href":"http:\/\/klubmamgdynia.pl\/index.php\/wp-json\/wp\/v2\/product\/4545","targetHints":{"allow":["GET"]}}],"collection":[{"href":"http:\/\/klubmamgdynia.pl\/index.php\/wp-json\/wp\/v2\/product"}],"about":[{"href":"http:\/\/klubmamgdynia.pl\/index.php\/wp-json\/wp\/v2\/types\/product"}],"replies":[{"embeddable":true,"href":"http:\/\/klubmamgdynia.pl\/index.php\/wp-json\/wp\/v2\/comments?post=4545"}],"wp:featuredmedia":[{"embeddable":true,"href":"http:\/\/klubmamgdynia.pl\/index.php\/wp-json\/wp\/v2\/media\/4546"}],"wp:attachment":[{"href":"http:\/\/klubmamgdynia.pl\/index.php\/wp-json\/wp\/v2\/media?parent=4545"}],"wp:term":[{"taxonomy":"product_cat","embeddable":true,"href":"http:\/\/klubmamgdynia.pl\/index.php\/wp-json\/wp\/v2\/product_cat?post=4545"},{"taxonomy":"product_tag","embeddable":true,"href":"http:\/\/klubmamgdynia.pl\/index.php\/wp-json\/wp\/v2\/product_tag?post=4545"}],"curies":[{"name":"wp","href":"https:\/\/api.w.org\/{rel}","templated":true}]}}