{"id":4547,"date":"2016-12-07T04:58:33","date_gmt":"2016-12-07T03:58:33","guid":{"rendered":"http:\/\/klubmamgdynia.pl\/index.php\/produkt\/bioliq-pro-skoncentrowane-serum-z-fotostabilna-witamina-c-i-niacynamidem-20ml\/"},"modified":"2026-04-19T01:31:06","modified_gmt":"2026-04-18T23:31:06","slug":"bioliq-pro-skoncentrowane-serum-z-fotostabilna-witamina-c-i-niacynamidem-20ml","status":"publish","type":"product","link":"http:\/\/klubmamgdynia.pl\/index.php\/produkt\/bioliq-pro-skoncentrowane-serum-z-fotostabilna-witamina-c-i-niacynamidem-20ml\/","title":{"rendered":"Bioliq Pro Skoncentrowane Serum Z Fotostabiln\u0105 Witamin\u0105 C I Niacynamidem 20ml"},"content":{"rendered":"<p>Skoncentrowane serum z fotostabiln\u0105 witamin\u0105 C i niacynamidem integruje witamin\u0119 C [SAP 10%] i niacynamid [5%], gwarantuj\u0105c szerokie spektrum poprawy struktury i wygl\u0105du sk\u00f3ry.Pozostawia sk\u00f3r\u0119 mi\u0119kk\u0105 i g\u0142adka w dotyku. Witamina C dzia\u0142a lekko eksfoliuj\u0105co, bez nadmiernego z\u0142uszczenia nask\u00f3rka. Serum zw\u0119\u017ca pory i zapewnia efekt wyg\u0142adzania sk\u00f3ry widoczny go\u0142ym okiem, przy czym jest odpowiedni nawet dla cery wra\u017cliwej.Redukuje nawet g\u0142\u0119bokie zmarszczki, nadaje efekt liftingu i uelastycznia sk\u00f3r\u0119, dzia\u0142aj\u0105c na wszystkie oznaki starzenia. Obecna w serum witamina C przenika w g\u0142\u0105b sk\u00f3ry i pobudza syntez\u0119 kolagenu i ceramid\u00f3w. Ekstrakt z zielonych owoc\u00f3w neutralizuje wolne rodniki odpowiedzialne za proces starzenia si\u0119 sk\u00f3ry.Redukuje przebarwienia ro\u017cnego typu, pozostawiaj\u0105c sk\u00f3r\u0119 promienn\u0105 o zdrowym wygl\u0105dzie i wyr\u00f3wnanym kolorycie. Niacynamid dzia\u0142a rozja\u015bniaj\u0105co i \u0142agodz\u0105co, wspomaga piel\u0119gnacj\u0119 nawet problematycznej cery, w st\u0119\u017ceniu 5% jest bardzo dobrze tolerowany przez sk\u00f3r\u0119 zachowuj\u0105c silne w\u0142a\u015bciwo\u015bci.Zastosowany rodzaj witaminy C w g\u00f3rnych warstwach sk\u00f3ry ulega przekszta\u0142ceniu w kwas askorbinowy dzi\u0119ki czemu przenika dalej w jej g\u0142\u0105b, oddzia\u0142uj\u0105c poni\u017cej nask\u00f3rka. Fotostabilna witamina C u\u017cyta w serum jest jedn\u0105 z najbardziej stabilnych form, nie ulega rozk\u0142adowi pod wp\u0142ywem \u015bwiat\u0142a, lecz pozostaje w produkcie na wysokim poziomie.SPOS\u00d3B U\u017bYCIA:Aplikowa\u0107 za pomoc\u0105 pipetki na opuszek palca, delikatnie wmasowa\u0107 w oczyszczon\u0105 sk\u00f3r\u0119 twarzy, szyi i dekoltu. Stosowa\u0107 rano i\/lub wieczorem. Podczas stosowania piel\u0119gnacji zawieraj\u0105cej wysokie st\u0119\u017cenie witaminy C zaleca si\u0119 stosowanie na dzie\u0144 kremu z filtrem UV.Pojemno\u015b\u0107: 20 mlPRODUCENT:Aflofarm Farmacja Polska Sp. z o.o.ul. Partyzancka 133\/151, 95-200 Pabianice<\/p>\n<h2>Bioliq Pro Skoncentrowane Serum Z Fotostabiln\u0105 Witamin\u0105 C I Niacynamidem 20ml Bioliq<\/h2>\n<p>liwia, ma\u0142o nas do pieczenia chleba, prezent dla 7 latka, zaproszenie do druku, rodzina cytaty, cukierku ty \u0142obuzie test, maski do wydruku, sporty po francusku, kolorowanki dla dziewczynek lol, stare wierszyki dla dzieci, wakacyjne kolorowanki, \u015bmieszne zagadki logiczne, zak\u0142adka do ksi\u0105\u017cki szablon, prezent dla nastolatka<\/p>\n<p>yyyyy<\/p>\n<p>&nbsp;<\/p>\n","protected":false},"excerpt":{"rendered":"<p>Skoncentrowane serum z fotostabiln\u0105 witamin\u0105 C i niacynamidem integruje witamin\u0119 C [SAP 10%] i niacynamid [5%], gwarantuj\u0105c szerokie spektrum poprawy struktury i wygl\u0105du sk\u00f3ry.Pozostawia sk\u00f3r\u0119 mi\u0119kk\u0105 i g\u0142adka w dotyku. Witamina C dzia\u0142a lekko eksfoliuj\u0105co, bez nadmiernego z\u0142uszczenia nask\u00f3rka. Serum zw\u0119\u017ca pory i zapewnia efekt wyg\u0142adzania sk\u00f3ry widoczny go\u0142ym okiem, przy czym jest odpowiedni nawet [&hellip;]<\/p>\n","protected":false},"featured_media":4548,"comment_status":"closed","ping_status":"open","template":"","meta":[],"product_cat":[1237,134],"product_tag":[664,728,629,708],"class_list":["post-4547","product","type-product","status-publish","has-post-thumbnail","hentry","product_cat-bioliq","product_cat-dermokosmetyki","product_tag-atrakcje-dla-dzieci-trojmiasto","product_tag-bezwarunkowa-milosc-do-dziecka-cytaty","product_tag-smieszne-zagadki-z-odpowiedziami","product_tag-zabawy-ruchowe-dla-dzieci"],"_links":{"self":[{"href":"http:\/\/klubmamgdynia.pl\/index.php\/wp-json\/wp\/v2\/product\/4547","targetHints":{"allow":["GET"]}}],"collection":[{"href":"http:\/\/klubmamgdynia.pl\/index.php\/wp-json\/wp\/v2\/product"}],"about":[{"href":"http:\/\/klubmamgdynia.pl\/index.php\/wp-json\/wp\/v2\/types\/product"}],"replies":[{"embeddable":true,"href":"http:\/\/klubmamgdynia.pl\/index.php\/wp-json\/wp\/v2\/comments?post=4547"}],"wp:featuredmedia":[{"embeddable":true,"href":"http:\/\/klubmamgdynia.pl\/index.php\/wp-json\/wp\/v2\/media\/4548"}],"wp:attachment":[{"href":"http:\/\/klubmamgdynia.pl\/index.php\/wp-json\/wp\/v2\/media?parent=4547"}],"wp:term":[{"taxonomy":"product_cat","embeddable":true,"href":"http:\/\/klubmamgdynia.pl\/index.php\/wp-json\/wp\/v2\/product_cat?post=4547"},{"taxonomy":"product_tag","embeddable":true,"href":"http:\/\/klubmamgdynia.pl\/index.php\/wp-json\/wp\/v2\/product_tag?post=4547"}],"curies":[{"name":"wp","href":"https:\/\/api.w.org\/{rel}","templated":true}]}}