{"id":4549,"date":"2014-08-30T02:18:06","date_gmt":"2014-08-30T00:18:06","guid":{"rendered":"http:\/\/klubmamgdynia.pl\/index.php\/produkt\/starpak-kredki-swiecowe-12kol-hot-wheels-p12\/"},"modified":"2026-04-29T12:29:43","modified_gmt":"2026-04-29T10:29:43","slug":"starpak-kredki-swiecowe-12kol-hot-wheels-p12","status":"publish","type":"product","link":"http:\/\/klubmamgdynia.pl\/index.php\/produkt\/starpak-kredki-swiecowe-12kol-hot-wheels-p12\/","title":{"rendered":"Starpak Kredki \u015bwiecowe 12kol Hot Wheels p12."},"content":{"rendered":"<p>Zestaw 12 kredek woskowych z kolekcji Starpak z licencj\u0105 Hot Wheels. Kredki w \u017cywych barwach, idealnych dla najm\u0142odszych artyst\u00f3w, kt\u00f3rzy dopiero zaczynaj\u0105 malowa\u0107. Nie \u0142ami\u0105 si\u0119 podczas rysowania ani strugania. Dobrze kryj\u0105 malowan\u0105 powierzchni\u0119. Zapakowane w kartonowe pude\u0142ko, kt\u00f3re u\u0142atwia przechowywanie. Zapoznaj si\u0119 r\u00f3wnie\u017c z innymi produktami Starpak z serii Hot Wheels! Produkt przeznaczony dla dzieci w wieku: 3+. NAZWA KREDKI WOSKOWE 12 KOLOR\u00d3W HOT WHEELS PRODUCENT STARPAK WIEK 3+ EAN 5902012741887 Znajd\u017a podobne wed\u0142ug klucza: STARPAK (232590)<\/p>\n<h2>Starpak Kredki \u015bwiecowe 12kol Hot Wheels p12. Starpak<\/h2>\n<p>gry planszowe dla m\u0142odzie\u017cy, quizy miko\u0142ajek, prezent dla jedenastolatka, trudne \u0142amig\u0142\u00f3wki, kolorowanki \u015bwinka peppa, bajki dla dzieci za darmo, pomys\u0142 na prezent dla 15 latki, zagadki dla dzieci 7-8 lat online, imi\u0119 kuba, wierszyki na dobranoc dla dzieci, jak namalowa\u0107 psa, literki dla dzieci, kolorowanka \u015bwinka peppa, najpi\u0119kniejsze cytaty o przyja\u017ani<\/p>\n<p>yyyyy<\/p>\n<p>&nbsp;<\/p>\n","protected":false},"excerpt":{"rendered":"<p>Zestaw 12 kredek woskowych z kolekcji Starpak z licencj\u0105 Hot Wheels. Kredki w \u017cywych barwach, idealnych dla najm\u0142odszych artyst\u00f3w, kt\u00f3rzy dopiero zaczynaj\u0105 malowa\u0107. Nie \u0142ami\u0105 si\u0119 podczas rysowania ani strugania. Dobrze kryj\u0105 malowan\u0105 powierzchni\u0119. Zapakowane w kartonowe pude\u0142ko, kt\u00f3re u\u0142atwia przechowywanie. Zapoznaj si\u0119 r\u00f3wnie\u017c z innymi produktami Starpak z serii Hot Wheels! Produkt przeznaczony dla [&hellip;]<\/p>\n","protected":false},"featured_media":4550,"comment_status":"closed","ping_status":"open","template":"","meta":[],"product_cat":[269,297],"product_tag":[722,629,803,595,800],"class_list":["post-4549","product","type-product","status-publish","has-post-thumbnail","hentry","product_cat-starpak","product_cat-szkolne-artykuly-plastyczne","product_tag-cytaty-o-przyjazni","product_tag-smieszne-zagadki-z-odpowiedziami","product_tag-szlaczki-do-druku","product_tag-zagadki-dla-6-latka","product_tag-zagadki-smieszne"],"_links":{"self":[{"href":"http:\/\/klubmamgdynia.pl\/index.php\/wp-json\/wp\/v2\/product\/4549","targetHints":{"allow":["GET"]}}],"collection":[{"href":"http:\/\/klubmamgdynia.pl\/index.php\/wp-json\/wp\/v2\/product"}],"about":[{"href":"http:\/\/klubmamgdynia.pl\/index.php\/wp-json\/wp\/v2\/types\/product"}],"replies":[{"embeddable":true,"href":"http:\/\/klubmamgdynia.pl\/index.php\/wp-json\/wp\/v2\/comments?post=4549"}],"wp:featuredmedia":[{"embeddable":true,"href":"http:\/\/klubmamgdynia.pl\/index.php\/wp-json\/wp\/v2\/media\/4550"}],"wp:attachment":[{"href":"http:\/\/klubmamgdynia.pl\/index.php\/wp-json\/wp\/v2\/media?parent=4549"}],"wp:term":[{"taxonomy":"product_cat","embeddable":true,"href":"http:\/\/klubmamgdynia.pl\/index.php\/wp-json\/wp\/v2\/product_cat?post=4549"},{"taxonomy":"product_tag","embeddable":true,"href":"http:\/\/klubmamgdynia.pl\/index.php\/wp-json\/wp\/v2\/product_tag?post=4549"}],"curies":[{"name":"wp","href":"https:\/\/api.w.org\/{rel}","templated":true}]}}