{"id":455,"date":"2025-02-07T15:59:41","date_gmt":"2025-02-07T14:59:41","guid":{"rendered":"http:\/\/klubmamgdynia.pl\/?post_type=product&#038;p=455"},"modified":"2026-04-22T13:54:23","modified_gmt":"2026-04-22T11:54:23","slug":"baby-tiger-kiki-krzeselko-do-karmienia-gray","status":"publish","type":"product","link":"http:\/\/klubmamgdynia.pl\/index.php\/produkt\/baby-tiger-kiki-krzeselko-do-karmienia-gray\/","title":{"rendered":"Baby Tiger Kiki Krzese\u0142ko do karmienia Gray"},"content":{"rendered":"<p>Baby Tiger Kiki &#8211; Krzese\u0142ko do karmieniaBaby Tiger to nowa, wkraczaj\u0105ca na rynek marka, kt\u00f3ra zapewnia produkty ze \u015bwie\u017cym, nowoczesnym spojrzeniem, dbaj\u0105ca o detale i estetyk\u0119, ale przede wszystkim oczywi\u015bcie o komfort i bezpiecze\u0144stwo malucha.Baby Tiger Kiki to trwa\u0142e i praktyczne krzese\u0142ko do karmienia, kt\u00f3re dzi\u0119ki systemowi regulacji sprawi, \u017ce b\u0119dzie funkcjonalne przez d\u0142ugi czas &#8211; od momentu, a\u017c dziecko zacznie siada\u0107, do 36 miesi\u0105ca!System regulacjiDzi\u0119ki niemu, Baby Tiger Kiki dostosujesz zawsze do w\u0142asnych potrzeb &#8211; do wzrostu i rozwoju dziecka, czy wysoko\u015bci sto\u0142u. Wszystko w prosty i intuicyjny spos\u00f3b.Bezpiecze\u0144stwoBaby Tiger Kiki przeszed\u0142 najnowsze europejskie normy bezpiecze\u0144stwa EN 14988. Mamy zatem gwarancj\u0119 najwy\u017cszych standard\u00f3w jako\u015bci. Jednak aby zapewni\u0107 pe\u0142ne bezpiecze\u0144stwo podczas wsp\u00f3lnych posi\u0142k\u00f3w, nie zapomnij zapi\u0105\u0107 5-punktowych pas\u00f3w bezpiecze\u0144stwa, dzi\u0119ki kt\u00f3rym nie b\u0119dziesz musia\u0142a co chwil\u0119 ogl\u0105da\u0107 si\u0119 przez rami\u0119 i pilnowa\u0107 czy z dzieckiem wszystko w porz\u0105dku &#8211; o to zadba za Ciebie Baby Tiger Kiki.Przystosowane do drzemki :)Oparcie w krzese\u0142ku do karmienia Baby Tiger Kiki posiada 3-stopniow\u0105 regulacj\u0119, do pozycji le\u017c\u0105cej. Wszystko to odbywa si\u0119 w \u0142atwy i szybki spos\u00f3b, przy pomocy jednego przycisku.Oszcz\u0119dno\u015b\u0107 miejsca w domuKrzese\u0142ka Baby Tiger Kiki nie musisz zostawia\u0107 zawsze roz\u0142o\u017conego. Po bardzo prostym z\u0142o\u017ceniu, roz\u0142o\u017cysz go w zaledwie kilka sekund bez konieczno\u015bci u\u017cywania innych narz\u0119dzi. Zatem gdy go nie u\u017cywasz, z\u0142\u00f3\u017c go do pozycji stoj\u0105cej, \u017ceby nie zajmowa\u0142 miejsca :)Mobilno\u015b\u0107Dzi\u0119ki zastosowaniu z ty\u0142u k\u00f3\u0142ek, w prosty spos\u00f3b przetransportujesz krzese\u0142ko w inne miejsce. Natomiast kiedy chcesz postawi\u0107 je przy stole, u\u017cyj hamulca no\u017cnego, kt\u00f3ry uniemo\u017cliwi przesuwanie.Wygodne w czyszczeniuNie martw si\u0119, je\u015bli cokolwiek spadnie Ci na tack\u0119. Pokryta jest specjalnym \u015bci\u0105ganym pokrowcem, kt\u00f3ry \u0142atwo wyczy\u015bcisz, natomiast tack\u0119 umyjesz w zmywarce.<\/p>\n<h2>Baby Tiger Kiki Krzese\u0142ko do karmienia Gray BabyTiger<\/h2>\n<p>\u017carty prima aprilis, dzie\u0144 pluszowego misia napis, kolorowanka dla dzieci, z\u0142ote my\u015bli cytaty o szkole i nauce, quiz spos\u00f3b na alcybiadesa, kolorowanki psi patrol, cytaty korczaka, eksperyment dla dzieci wulkan, kotek kolorowanka do druku, bajka terapeutyczna o dokuczaniu, pomys\u0142 na prezent na roczek, wr\u00f3\u017cby andrzejkowe online dla dzieci, kolorowe listki tekst, niech \u017cyj\u0105 wakacje, michalina, prezent dla 17 latka, film rodzinny o \u015bwi\u0119tach, nauczyciel cytaty, aniela znaczenie imienia<\/p>\n<p>yyyyy<\/p>\n<p>&nbsp;<\/p>\n","protected":false},"excerpt":{"rendered":"<p>Baby Tiger Kiki &#8211; Krzese\u0142ko do karmieniaBaby Tiger to nowa, wkraczaj\u0105ca na rynek marka, kt\u00f3ra zapewnia produkty ze \u015bwie\u017cym, nowoczesnym spojrzeniem, dbaj\u0105ca o detale i estetyk\u0119, ale przede wszystkim oczywi\u015bcie o komfort i bezpiecze\u0144stwo malucha.Baby Tiger Kiki to trwa\u0142e i praktyczne krzese\u0142ko do karmienia, kt\u00f3re dzi\u0119ki systemowi regulacji sprawi, \u017ce b\u0119dzie funkcjonalne przez d\u0142ugi czas [&hellip;]<\/p>\n","protected":false},"featured_media":456,"comment_status":"closed","ping_status":"open","template":"","meta":[],"product_cat":[178,158],"product_tag":[867,584,677,628,597,701],"class_list":["post-455","product","type-product","status-publish","has-post-thumbnail","hentry","product_cat-babytiger","product_cat-krzeselka-do-karmienia","product_tag-kolorowanki-dla-dziewczynek","product_tag-liwia","product_tag-milosz-imie","product_tag-zagadka","product_tag-zagadki-o-zimie","product_tag-zgadywanki-dla-dzieci"],"_links":{"self":[{"href":"http:\/\/klubmamgdynia.pl\/index.php\/wp-json\/wp\/v2\/product\/455","targetHints":{"allow":["GET"]}}],"collection":[{"href":"http:\/\/klubmamgdynia.pl\/index.php\/wp-json\/wp\/v2\/product"}],"about":[{"href":"http:\/\/klubmamgdynia.pl\/index.php\/wp-json\/wp\/v2\/types\/product"}],"replies":[{"embeddable":true,"href":"http:\/\/klubmamgdynia.pl\/index.php\/wp-json\/wp\/v2\/comments?post=455"}],"wp:featuredmedia":[{"embeddable":true,"href":"http:\/\/klubmamgdynia.pl\/index.php\/wp-json\/wp\/v2\/media\/456"}],"wp:attachment":[{"href":"http:\/\/klubmamgdynia.pl\/index.php\/wp-json\/wp\/v2\/media?parent=455"}],"wp:term":[{"taxonomy":"product_cat","embeddable":true,"href":"http:\/\/klubmamgdynia.pl\/index.php\/wp-json\/wp\/v2\/product_cat?post=455"},{"taxonomy":"product_tag","embeddable":true,"href":"http:\/\/klubmamgdynia.pl\/index.php\/wp-json\/wp\/v2\/product_tag?post=455"}],"curies":[{"name":"wp","href":"https:\/\/api.w.org\/{rel}","templated":true}]}}