{"id":4551,"date":"2023-04-19T19:57:10","date_gmt":"2023-04-19T17:57:10","guid":{"rendered":"http:\/\/klubmamgdynia.pl\/?post_type=product&#038;p=4551"},"modified":"2026-04-23T09:38:39","modified_gmt":"2026-04-23T07:38:39","slug":"undofen-lakier-5-ml-akcesoria","status":"publish","type":"product","link":"http:\/\/klubmamgdynia.pl\/index.php\/produkt\/undofen-lakier-5-ml-akcesoria\/","title":{"rendered":"Undofen Lakier 5 Ml + Akcesoria"},"content":{"rendered":"<p>Undofen &#8211; nr 1 w zwalczaniu grzybicy!<\/p>\n<p>UNDOFEN LAKIER + AKCESORIA mo\u017ce wyeliminowa\u0107 grzybic\u0119 paznokci w szybki i skuteczny spos\u00f3b. Lakier tworzy na powierzchni paznokcia trwa\u0142\u0105 wodoodporn\u0105 pow\u0142ok\u0119, kt\u00f3ra tworzy mechaniczn\u0105 barier\u0119 i ochron\u0119 przed dost\u0119pem tlenu. Tym samym UNDOFEN LAKIER zmienia \u015brodowisko na powierzchni p\u0142ytki oraz wewn\u0105trz paznokcia, zapobiegaj\u0105c rozwojowi grzyb\u00f3w i bakterii.                            <\/p>\n<p>            Cechy i zalety:<\/p>\n<p>Dzia\u0142anie grzybob\u00f3jcze i hamuj\u0105ce wzrost grzyb\u00f3w.Zmienia poziom pH na powierzchni p\u0142ytki i wewn\u0105trz paznokcia na silnie kwasowe, dzi\u0119ki czemu zapobiega rozwojowi i rozprzestrzenianiu si\u0119 patogen\u00f3w wywo\u0142uj\u0105cych grzybice paznokci.Zawiera substancje od\u017cywcze, kt\u00f3re stymuluj\u0105 regenracj\u0119 i chroni\u0105 paznokcie.Jednorazowe akcesoria pozwalaj\u0105 na odpowiednie przygotowanie p\u0142ytki paznokcia do na\u0142o\u017cenie warstwy lakieru.                            <\/p>\n<p>            Jak stosowa\u0107?<\/p>\n<p>Stosuj UNDOFEN LAKIER + AKCESORIA na chore paznokcie jeden raz na trzy dni. Okres leczenia zale\u017cy od stadium choroby oraz tempa wzrostu paznokci. Leczenie powinno trwa\u0107 a\u017c do czasu ca\u0142kowitego wyleczenia chorych paznokci i zast\u0105pienia ich nowymi, zdrowymi paznokciami.Aby zmaksymalizowa\u0107 efekt terapii, produkt nale\u017cy stosowa\u0107 zgodnie z poni\u017cszym schematem:                            <\/p>\n<p>Dok\u0142adnie wypoleruj powierzchni\u0119 chorego paznokcia, stosuj\u0105c jeden z pilniczk\u00f3w. Nie stosuj pilniczk\u00f3w na zdrowe paznokcie. Wyrzu\u0107 pilniczek po u\u017cyciu. Zestaw zawiera 30 jednorazowych pilniczk\u00f3w jednorazowych.                            <\/p>\n<p>Wyczy\u015b\u0107 powierzchni\u0119 paznokcia i usu\u0144 t\u0142uszcz, stosuj\u0105c jednorazow\u0105 chusteczk\u0119. Zestaw zawiera 20 chusteczek ze \u015brodkiem dezynfekuj\u0105cym.                            <\/p>\n<p>Na\u0142\u00f3\u017c pierwsz\u0105 warstw\u0119 lakieru za pomoc\u0105 p\u0119dzelka na ca\u0142\u0105 powierzchni\u0119 chorego paznokcia. Poczekaj do ca\u0142kowitego wyschni\u0119cia. Nast\u0119pnie na\u0142\u00f3\u017c drug\u0105 warstw\u0119 lakieru. Pozostaw lakier do wyschni\u0119cia i utwardzenia przez dwie minuty.                            <\/p>\n<p>Przed ka\u017cdym na\u0142o\u017ceniem lakieru ponownie wypoleruj paznokcie, aby usun\u0105\u0107 wszelkie pozosta\u0142o\u015bci starego lakieru. Wyczy\u015b\u0107 powierzchni\u0119 paznokcia przy u\u017cyciu jednej z nawil\u017caj\u0105cych chusteczek.                            <\/p>\n<p>            Efekty leczenia:<\/p>\n<p>W wyniku kuracji zdecydowanej poprawie ulega stan p\u0142ytki paznokcia. Paznokcie staj\u0105 si\u0119 bardziej g\u0142adkie, mniej suche, kruche i \u0142amliwe. Ust\u0119puje r\u00f3wnie\u017c dokuczliwe sw\u0119dzenie sk\u00f3ry. Pierwsze rezultaty mo\u017cna zauwa\u017cy\u0107 ju\u017c po 4 tygodniach.                             <\/p>\n<p>            Grzybica paznokci &#8211; czym jest?<\/p>\n<p>Grzybica paznokci dotyczy zar\u00f3wno paznokci u st\u00f3p, jak i u d\u0142oni. Niestety jej objawy s\u0105 lekcewa\u017cone, maskowane pod warstw\u0105 lakieru do paznokcilub ukrywane w butach. Grzybica paznokci wymaga odpowiedniego leczenia, kt\u00f3re ustrze\u017ce paznokcie przed ich ca\u0142kowitym zniszczeniem.                            <\/p>\n<p>            Jak rozpozna\u0107 grzybic\u0119 paznokci?<\/p>\n<p>Twoje paznokcie straci\u0142y sw\u00f3j kolor i kszta\u0142t?                            <\/p>\n<p>Zmiany dotycz\u0105 g\u0142\u00f3wnie du\u017cego i pi\u0105tego palca stopy?                            <\/p>\n<p>Sta\u0142y si\u0119 matowe, bruzdowate i bardzo kruche?                            <\/p>\n<p>            Nie bagatelizuj tych objaw\u00f3w.<\/p>\n<h2>Undofen Lakier 5 Ml + Akcesoria Omega Pharma<\/h2>\n<p>sentencje o przyja\u017ani, kolorowanka lol surprise, pozna\u0144 atrakcje dla dzieci, zagadki do rozwi\u0105zania, quiz o flagach, znaczenie imienia julian<\/p>\n<p>yyyyy<\/p>\n<p>&nbsp;<\/p>\n","protected":false},"excerpt":{"rendered":"<p>Undofen &#8211; nr 1 w zwalczaniu grzybicy! UNDOFEN LAKIER + AKCESORIA mo\u017ce wyeliminowa\u0107 grzybic\u0119 paznokci w szybki i skuteczny spos\u00f3b. Lakier tworzy na powierzchni paznokcia trwa\u0142\u0105 wodoodporn\u0105 pow\u0142ok\u0119, kt\u00f3ra tworzy mechaniczn\u0105 barier\u0119 i ochron\u0119 przed dost\u0119pem tlenu. Tym samym UNDOFEN LAKIER zmienia \u015brodowisko na powierzchni p\u0142ytki oraz wewn\u0105trz paznokcia, zapobiegaj\u0105c rozwojowi grzyb\u00f3w i bakterii. Cechy [&hellip;]<\/p>\n","protected":false},"featured_media":4552,"comment_status":"closed","ping_status":"open","template":"","meta":[],"product_cat":[200,1205],"product_tag":[653,741,860,607],"class_list":["post-4551","product","type-product","status-publish","has-post-thumbnail","hentry","product_cat-nutrikosmetyki-i-leki-dermatologiczne","product_cat-omega-pharma","product_tag-warszawa-dla-dzieci","product_tag-wlochy","product_tag-zagadki-logiczne-dla-doroslych","product_tag-zarty-na-prima-aprilis-dla-rodzicow"],"_links":{"self":[{"href":"http:\/\/klubmamgdynia.pl\/index.php\/wp-json\/wp\/v2\/product\/4551","targetHints":{"allow":["GET"]}}],"collection":[{"href":"http:\/\/klubmamgdynia.pl\/index.php\/wp-json\/wp\/v2\/product"}],"about":[{"href":"http:\/\/klubmamgdynia.pl\/index.php\/wp-json\/wp\/v2\/types\/product"}],"replies":[{"embeddable":true,"href":"http:\/\/klubmamgdynia.pl\/index.php\/wp-json\/wp\/v2\/comments?post=4551"}],"wp:featuredmedia":[{"embeddable":true,"href":"http:\/\/klubmamgdynia.pl\/index.php\/wp-json\/wp\/v2\/media\/4552"}],"wp:attachment":[{"href":"http:\/\/klubmamgdynia.pl\/index.php\/wp-json\/wp\/v2\/media?parent=4551"}],"wp:term":[{"taxonomy":"product_cat","embeddable":true,"href":"http:\/\/klubmamgdynia.pl\/index.php\/wp-json\/wp\/v2\/product_cat?post=4551"},{"taxonomy":"product_tag","embeddable":true,"href":"http:\/\/klubmamgdynia.pl\/index.php\/wp-json\/wp\/v2\/product_tag?post=4551"}],"curies":[{"name":"wp","href":"https:\/\/api.w.org\/{rel}","templated":true}]}}