{"id":4557,"date":"2012-01-11T05:49:49","date_gmt":"2012-01-11T04:49:49","guid":{"rendered":"http:\/\/klubmamgdynia.pl\/index.php\/produkt\/mega-creative-pistolet-na-strzal-akc-42x28x5-mc-wb-48\/"},"modified":"2026-04-06T11:33:12","modified_gmt":"2026-04-06T09:33:12","slug":"mega-creative-pistolet-na-strzal-akc-42x28x5-mc-wb-48","status":"publish","type":"product","link":"http:\/\/klubmamgdynia.pl\/index.php\/produkt\/mega-creative-pistolet-na-strzal-akc-42x28x5-mc-wb-48\/","title":{"rendered":"Mega Creative Pistolet Na Strzal Akc 42X28X5 Mc Wb 48"},"content":{"rendered":"<p>Zalety produktu: pistolet lekki i wygodny w trzymaniu, mi\u0119kkie i nie szkodliwe pociski piankowe, rozwijanie zdolno\u015bci motorycznych i koncentracji, uczy zasad gry fair-play.Pistolet MEGA CREATIVE zapewni niezwykle emocjonuj\u0105c\u0105 zabaw\u0119 ka\u017cdemu dziecku, zar\u00f3wno du\u017cemu jak i ma\u0142emu.Zawarto\u015b\u0107 zestawu \u00a0 pistolet, 14 zupe\u0142nie bezpiecznych piankowych pocisk\u00f3w, 3x tarcza beczka, magazynek na pociski. Strza\u0142ki trzeba umie\u015bci\u0107 w magazynku &#8211; po naci\u015bni\u0119ciu spustu, nast\u0105pi wystrza\u0142 z pistol&#8230;<\/p>\n<h2>Mega Creative Pistolet Na Strzal Akc 42X28X5 Mc Wb 48 Mega Creative<\/h2>\n<p>prezent na urodziny dla nastolatk\u00f3w, szlaczki dla dzieci, z\u0142ote my\u015bli o rodzinie, \u0142amig\u0142\u00f3wki dla dzieci do druku, quiz o bo\u017cym narodzeniu, zabawy na dzie\u0144 dziecka w szkole, jaki prezent na roczek, kiedy dzieci chodz\u0105 na halloween, zimowe zagadki, zagadka matematyczna, literki, kolorowe kredki tekst<\/p>\n<p>yyyyy<\/p>\n<p>&nbsp;<\/p>\n","protected":false},"excerpt":{"rendered":"<p>Zalety produktu: pistolet lekki i wygodny w trzymaniu, mi\u0119kkie i nie szkodliwe pociski piankowe, rozwijanie zdolno\u015bci motorycznych i koncentracji, uczy zasad gry fair-play.Pistolet MEGA CREATIVE zapewni niezwykle emocjonuj\u0105c\u0105 zabaw\u0119 ka\u017cdemu dziecku, zar\u00f3wno du\u017cemu jak i ma\u0142emu.Zawarto\u015b\u0107 zestawu \u00a0 pistolet, 14 zupe\u0142nie bezpiecznych piankowych pocisk\u00f3w, 3x tarcza beczka, magazynek na pociski. Strza\u0142ki trzeba umie\u015bci\u0107 w magazynku [&hellip;]<\/p>\n","protected":false},"featured_media":4558,"comment_status":"closed","ping_status":"open","template":"","meta":[],"product_cat":[64,40],"product_tag":[666,628,592],"class_list":["post-4557","product","type-product","status-publish","has-post-thumbnail","hentry","product_cat-mega-creative","product_cat-zabawki-militarne","product_tag-afrykanskie-imiona","product_tag-zagadka","product_tag-zagadki-dla-dzieci"],"_links":{"self":[{"href":"http:\/\/klubmamgdynia.pl\/index.php\/wp-json\/wp\/v2\/product\/4557","targetHints":{"allow":["GET"]}}],"collection":[{"href":"http:\/\/klubmamgdynia.pl\/index.php\/wp-json\/wp\/v2\/product"}],"about":[{"href":"http:\/\/klubmamgdynia.pl\/index.php\/wp-json\/wp\/v2\/types\/product"}],"replies":[{"embeddable":true,"href":"http:\/\/klubmamgdynia.pl\/index.php\/wp-json\/wp\/v2\/comments?post=4557"}],"wp:featuredmedia":[{"embeddable":true,"href":"http:\/\/klubmamgdynia.pl\/index.php\/wp-json\/wp\/v2\/media\/4558"}],"wp:attachment":[{"href":"http:\/\/klubmamgdynia.pl\/index.php\/wp-json\/wp\/v2\/media?parent=4557"}],"wp:term":[{"taxonomy":"product_cat","embeddable":true,"href":"http:\/\/klubmamgdynia.pl\/index.php\/wp-json\/wp\/v2\/product_cat?post=4557"},{"taxonomy":"product_tag","embeddable":true,"href":"http:\/\/klubmamgdynia.pl\/index.php\/wp-json\/wp\/v2\/product_tag?post=4557"}],"curies":[{"name":"wp","href":"https:\/\/api.w.org\/{rel}","templated":true}]}}