{"id":4559,"date":"2024-04-29T01:15:36","date_gmt":"2024-04-28T23:15:36","guid":{"rendered":"http:\/\/klubmamgdynia.pl\/?post_type=product&#038;p=4559"},"modified":"2026-04-29T19:40:03","modified_gmt":"2026-04-29T17:40:03","slug":"leantoys-maszynka-do-baniek-mydlanych-czerwona-kaczka-z-raczka-muzyczka-swiatla","status":"publish","type":"product","link":"http:\/\/klubmamgdynia.pl\/index.php\/produkt\/leantoys-maszynka-do-baniek-mydlanych-czerwona-kaczka-z-raczka-muzyczka-swiatla\/","title":{"rendered":"LeanToys Maszynka Do Baniek Mydlanych Czerwona Kaczka Z R\u0105czka Muzyczka \u015awiat\u0142a"},"content":{"rendered":"<p>Maszynka Do Baniek Mydlanych Czerwona Kaczka z R\u0105czka Muzyczka \u015awiat\u0142aDlaczego warto wybra\u0107 tak\u0105 maszyn\u0119? Poniewa\u017c w czasie, w kt\u00f3rym cz\u0142owiek przy u\u017cyciu klasycznego zestawu jest w stanie zrobi\u0107 tylko jedn\u0105 ba\u0144k\u0119, maszyna mo\u017ce zrobi\u0107 ich setki.Robienie baniek mydlanych z u\u017cyciem prezentowanej maszyny jest bardzo prostym zaj\u0119ciem. Po naci\u015bni\u0119ciu na r\u0105czce przycisku Tw\u00f3j maluch us\u0142yszy muzyczk\u0119 i odg\u0142osy puszczania baniek. Zielona r\u0105czka ma d\u0142ugo\u015b\u0107 40 cm, dzi\u0119ki czemu maluch b\u0119dzie m\u00f3g\u0142 swobodnie prowadzi\u0107 kaczuszk\u0119. Urozmaici ka\u017cdy spacer i zabaw\u0119 w ogrodzie. Pomo\u017ce dobrze rozwija\u0107 si\u0119 Twojemu dziecku poprzez dotyk i s\u0142uch.Elementy zestawu:- kaczka z r\u0105czk\u0105- 2x p\u0142yn do baniek mydlanychWymiary kaczuszki:23 cm x 17 cm x 22 cmWysoko\u015b\u0107 r\u0105czki:40 cmWymiary pude\u0142ka:44 cm x 23,5 cm x 18 cmKaczka zasilana jest trzema bateriami AA 1.5V (brak w zestawie). Zabawka przeznaczona jest dla dzieci powy\u017cej 3. roku \u017cycia. Zestaw posiada certyfikat CE i jest zgodny z norm\u0105 EN 71. Zestaw zapakowany jest w kartonowe pude\u0142ko, dzi\u0119ki czemu nadaje si\u0119 idealnie na prezent.<\/p>\n<h2>LeanToys Maszynka Do Baniek Mydlanych Czerwona Kaczka Z R\u0105czka Muzyczka \u015awiat\u0142a Lean Toys<\/h2>\n<p>kolorowanka pokemon, asiunia test z lektury, maska kota, wierszyki na dobranoc dla dzieci, gwiazda do wydruku, prezent dla 15 latki, bajka o dinozaurach do czytania, mandale do druku, quiz dla dzieci, wiosna zagadki, malowanka do druku, mi\u0142osz imi\u0119<\/p>\n<p>yyyyy<\/p>\n<p>&nbsp;<\/p>\n","protected":false},"excerpt":{"rendered":"<p>Maszynka Do Baniek Mydlanych Czerwona Kaczka z R\u0105czka Muzyczka \u015awiat\u0142aDlaczego warto wybra\u0107 tak\u0105 maszyn\u0119? Poniewa\u017c w czasie, w kt\u00f3rym cz\u0142owiek przy u\u017cyciu klasycznego zestawu jest w stanie zrobi\u0107 tylko jedn\u0105 ba\u0144k\u0119, maszyna mo\u017ce zrobi\u0107 ich setki.Robienie baniek mydlanych z u\u017cyciem prezentowanej maszyny jest bardzo prostym zaj\u0119ciem. Po naci\u015bni\u0119ciu na r\u0105czce przycisku Tw\u00f3j maluch us\u0142yszy muzyczk\u0119 [&hellip;]<\/p>\n","protected":false},"featured_media":4560,"comment_status":"closed","ping_status":"open","template":"","meta":[],"product_cat":[472,73],"product_tag":[686,638,613,862,849],"class_list":["post-4559","product","type-product","status-publish","has-post-thumbnail","hentry","product_cat-banki-mydlane","product_cat-lean-toys","product_tag-co-na-roczek-dla-chlopca","product_tag-miastodzieci","product_tag-na-wyspach-bergamutach","product_tag-nasza-zima-zla-tekst","product_tag-zagadki-matematyczne-dla-dzieci"],"_links":{"self":[{"href":"http:\/\/klubmamgdynia.pl\/index.php\/wp-json\/wp\/v2\/product\/4559","targetHints":{"allow":["GET"]}}],"collection":[{"href":"http:\/\/klubmamgdynia.pl\/index.php\/wp-json\/wp\/v2\/product"}],"about":[{"href":"http:\/\/klubmamgdynia.pl\/index.php\/wp-json\/wp\/v2\/types\/product"}],"replies":[{"embeddable":true,"href":"http:\/\/klubmamgdynia.pl\/index.php\/wp-json\/wp\/v2\/comments?post=4559"}],"wp:featuredmedia":[{"embeddable":true,"href":"http:\/\/klubmamgdynia.pl\/index.php\/wp-json\/wp\/v2\/media\/4560"}],"wp:attachment":[{"href":"http:\/\/klubmamgdynia.pl\/index.php\/wp-json\/wp\/v2\/media?parent=4559"}],"wp:term":[{"taxonomy":"product_cat","embeddable":true,"href":"http:\/\/klubmamgdynia.pl\/index.php\/wp-json\/wp\/v2\/product_cat?post=4559"},{"taxonomy":"product_tag","embeddable":true,"href":"http:\/\/klubmamgdynia.pl\/index.php\/wp-json\/wp\/v2\/product_tag?post=4559"}],"curies":[{"name":"wp","href":"https:\/\/api.w.org\/{rel}","templated":true}]}}