{"id":4561,"date":"2021-05-25T23:52:31","date_gmt":"2021-05-25T21:52:31","guid":{"rendered":"http:\/\/klubmamgdynia.pl\/index.php\/produkt\/barbie-fashionistas-stylowy-ken-dwk44-ghw66\/"},"modified":"2026-04-21T00:45:57","modified_gmt":"2026-04-20T22:45:57","slug":"barbie-fashionistas-stylowy-ken-dwk44-ghw66","status":"publish","type":"product","link":"http:\/\/klubmamgdynia.pl\/index.php\/produkt\/barbie-fashionistas-stylowy-ken-dwk44-ghw66\/","title":{"rendered":"Barbie Fashionistas Stylowy Ken DWK44 GHW66"},"content":{"rendered":"<p>Ka\u017cda lalka Barbie Fashionistas ma sw\u00f3j wyj\u0105tkowy wygl\u0105d i styl, pocz\u0105wszy od lu\u017anego stylu casual a na oryginalnym boho-chic sko\u0144czywszy, wszystkie stylizacje inspirowane s\u0105 najnowszymi trendami!\u00a0R\u00f3\u017cnorodno\u015b\u0107 nowych styl\u00f3w, kostium\u00f3w, bucik\u00f3w i akcesori\u00f3w, aby m\u0142ode specjalistki od mody mia\u0142y wi\u0119cej mo\u017cliwo\u015bci wykorzystania wyobra\u017ani i odgrywania swoich historyjek                            <\/p>\n<p>Topy w r\u00f3\u017cnych kolorach podkre\u015blaj\u0105 smuk\u0142\u0105 sylwetk\u0119, a spodnie maj\u0105 \u015bwietny, modny kr\u00f3j. Ca\u0142o\u015b\u0107 dope\u0142niaj\u0105 dobrze dobrane buty.                            <\/p>\n<p>Znajd\u017a w\u0142asny styl i odgrywaj swoje historyjki!                            <\/p>\n<p>Du\u017ca r\u00f3\u017cnorodno\u015b\u0107 powoduje, \u017ce kolekcjonowanie lalek Barbie Fashionistas sprawia jeszcze wi\u0119cej rado\u015bci. Zbierz wszystkie lalki (Sprzedawane oddzielnie w zale\u017cno\u015bci od dost\u0119pno\u015bci).<\/p>\n<h2>Barbie Fashionistas Stylowy Ken DWK44 GHW66 Barbie<\/h2>\n<p>wzory dyplom\u00f3w do pobrania, ma\u0142y ksi\u0105\u017c\u0119 cytaty o przyja\u017ani, zagadki zimowe dla dzieci, podchwytliwe zagadki dla doros\u0142ych, atrakcje dla dzieci tr\u00f3jmiasto, test dynastia mizio\u0142k\u00f3w, wakacyjne kolorowanki, kolorowanka wakacje, krotkie zagadki, zabawka na roczek dla ch\u0142opca, \u017carty na prima aprilis w domu, \u0142amig\u0142\u00f3wki dla dzieci, prezenty na urodziny dla nastolatk\u00f3w, dla dzieci warszawa, kolorowanki do druku super zings<\/p>\n<p>yyyyy<\/p>\n<p>&nbsp;<\/p>\n","protected":false},"excerpt":{"rendered":"<p>Ka\u017cda lalka Barbie Fashionistas ma sw\u00f3j wyj\u0105tkowy wygl\u0105d i styl, pocz\u0105wszy od lu\u017anego stylu casual a na oryginalnym boho-chic sko\u0144czywszy, wszystkie stylizacje inspirowane s\u0105 najnowszymi trendami!\u00a0R\u00f3\u017cnorodno\u015b\u0107 nowych styl\u00f3w, kostium\u00f3w, bucik\u00f3w i akcesori\u00f3w, aby m\u0142ode specjalistki od mody mia\u0142y wi\u0119cej mo\u017cliwo\u015bci wykorzystania wyobra\u017ani i odgrywania swoich historyjek Topy w r\u00f3\u017cnych kolorach podkre\u015blaj\u0105 smuk\u0142\u0105 sylwetk\u0119, a spodnie [&hellip;]<\/p>\n","protected":false},"featured_media":4562,"comment_status":"closed","ping_status":"open","template":"","meta":[],"product_cat":[173,65],"product_tag":[798,739,769,586],"class_list":["post-4561","product","type-product","status-publish","has-post-thumbnail","hentry","product_cat-barbie","product_cat-lalki","product_tag-prezenty-dla-nastolatki","product_tag-prima-aprilis-w-szkole","product_tag-psi-patrol-do-czytania","product_tag-smieszne-zagadki"],"_links":{"self":[{"href":"http:\/\/klubmamgdynia.pl\/index.php\/wp-json\/wp\/v2\/product\/4561","targetHints":{"allow":["GET"]}}],"collection":[{"href":"http:\/\/klubmamgdynia.pl\/index.php\/wp-json\/wp\/v2\/product"}],"about":[{"href":"http:\/\/klubmamgdynia.pl\/index.php\/wp-json\/wp\/v2\/types\/product"}],"replies":[{"embeddable":true,"href":"http:\/\/klubmamgdynia.pl\/index.php\/wp-json\/wp\/v2\/comments?post=4561"}],"wp:featuredmedia":[{"embeddable":true,"href":"http:\/\/klubmamgdynia.pl\/index.php\/wp-json\/wp\/v2\/media\/4562"}],"wp:attachment":[{"href":"http:\/\/klubmamgdynia.pl\/index.php\/wp-json\/wp\/v2\/media?parent=4561"}],"wp:term":[{"taxonomy":"product_cat","embeddable":true,"href":"http:\/\/klubmamgdynia.pl\/index.php\/wp-json\/wp\/v2\/product_cat?post=4561"},{"taxonomy":"product_tag","embeddable":true,"href":"http:\/\/klubmamgdynia.pl\/index.php\/wp-json\/wp\/v2\/product_tag?post=4561"}],"curies":[{"name":"wp","href":"https:\/\/api.w.org\/{rel}","templated":true}]}}