{"id":4563,"date":"2024-08-16T03:08:03","date_gmt":"2024-08-16T01:08:03","guid":{"rendered":"http:\/\/klubmamgdynia.pl\/?post_type=product&#038;p=4563"},"modified":"2026-04-30T12:52:45","modified_gmt":"2026-04-30T10:52:45","slug":"ramiz-blaze-storm-pistolet-karabin-niebieski","status":"publish","type":"product","link":"http:\/\/klubmamgdynia.pl\/index.php\/produkt\/ramiz-blaze-storm-pistolet-karabin-niebieski\/","title":{"rendered":"Ramiz Blaze Storm Pistolet Karabin Niebieski"},"content":{"rendered":"<p>Opis KARABIN pistolet p\u00f3\u0142automat + 20 naboj\u00f3w (7033)- typ: b\u0119benkowy, p\u00f3\u0142automat elektryczny,- typ \u0142adowania: magazynek,- mechanizm spustowy: pojedyncze strza\u0142y (naci\u015bni\u0119cie spustu -wyrzut 1 pocisku lub wyrzut serii pocisk\u00f3w)- pojemno\u015b\u0107 magazynku: 10 pocisk\u00f3w,- blokada j\u0119zyka spustu: prze\u0142\u0105cznik ON-OFF,- elektroniczna blokada wystrza\u0142u w momencie zaklinowania pocisku w lufie,- pociski: piankowe strza\u0142y (w pe\u0142ni bezpieczne),- zasi\u0119g: ok 10 metr\u00f3w.WymiaryWymiary pistoletu ok. 39 cm x 17,5 cm.Wymiary opakowania ok. 39,5 cm x 20 cm x 8,5 cm.<\/p>\n<h2>Ramiz Blaze Storm Pistolet Karabin Niebieski Ramiz<\/h2>\n<p>kolorowanki pokemon do druku, bardzo trudne zagadki, test miko\u0142ajek 25 pyta\u0144, test ch\u0142opcy z placu broni klasa 5, zagadki dla starszych dzieci, irma, kr\u00f3tkie cytaty o mamie, tymoteusz znaczenie imienia, rzadkie imiona \u017ce\u0144skie polskie, kolorowanka lol do druku, kolorowanki na andrzejki do wydruku<\/p>\n<p>yyyyy<\/p>\n<p>&nbsp;<\/p>\n","protected":false},"excerpt":{"rendered":"<p>Opis KARABIN pistolet p\u00f3\u0142automat + 20 naboj\u00f3w (7033)- typ: b\u0119benkowy, p\u00f3\u0142automat elektryczny,- typ \u0142adowania: magazynek,- mechanizm spustowy: pojedyncze strza\u0142y (naci\u015bni\u0119cie spustu -wyrzut 1 pocisku lub wyrzut serii pocisk\u00f3w)- pojemno\u015b\u0107 magazynku: 10 pocisk\u00f3w,- blokada j\u0119zyka spustu: prze\u0142\u0105cznik ON-OFF,- elektroniczna blokada wystrza\u0142u w momencie zaklinowania pocisku w lufie,- pociski: piankowe strza\u0142y (w pe\u0142ni bezpieczne),- zasi\u0119g: ok 10 [&hellip;]<\/p>\n","protected":false},"featured_media":4564,"comment_status":"closed","ping_status":"open","template":"","meta":[],"product_cat":[36,40],"product_tag":[685,670,813,736],"class_list":["post-4563","product","type-product","status-publish","has-post-thumbnail","hentry","product_cat-ramiz","product_cat-zabawki-militarne","product_tag-cytaty-o-rodzinie","product_tag-irma","product_tag-krotkie-zagadki-matematyczne-z-odpowiedziami","product_tag-zabawki-na-roczek"],"_links":{"self":[{"href":"http:\/\/klubmamgdynia.pl\/index.php\/wp-json\/wp\/v2\/product\/4563","targetHints":{"allow":["GET"]}}],"collection":[{"href":"http:\/\/klubmamgdynia.pl\/index.php\/wp-json\/wp\/v2\/product"}],"about":[{"href":"http:\/\/klubmamgdynia.pl\/index.php\/wp-json\/wp\/v2\/types\/product"}],"replies":[{"embeddable":true,"href":"http:\/\/klubmamgdynia.pl\/index.php\/wp-json\/wp\/v2\/comments?post=4563"}],"wp:featuredmedia":[{"embeddable":true,"href":"http:\/\/klubmamgdynia.pl\/index.php\/wp-json\/wp\/v2\/media\/4564"}],"wp:attachment":[{"href":"http:\/\/klubmamgdynia.pl\/index.php\/wp-json\/wp\/v2\/media?parent=4563"}],"wp:term":[{"taxonomy":"product_cat","embeddable":true,"href":"http:\/\/klubmamgdynia.pl\/index.php\/wp-json\/wp\/v2\/product_cat?post=4563"},{"taxonomy":"product_tag","embeddable":true,"href":"http:\/\/klubmamgdynia.pl\/index.php\/wp-json\/wp\/v2\/product_tag?post=4563"}],"curies":[{"name":"wp","href":"https:\/\/api.w.org\/{rel}","templated":true}]}}