{"id":457,"date":"2023-09-13T06:47:39","date_gmt":"2023-09-13T04:47:39","guid":{"rendered":"http:\/\/klubmamgdynia.pl\/index.php\/produkt\/zoocchini-plecak-dla-dziecka-pies-zoo28103\/"},"modified":"2026-04-04T01:28:50","modified_gmt":"2026-04-03T23:28:50","slug":"zoocchini-plecak-dla-dziecka-pies-zoo28103","status":"publish","type":"product","link":"http:\/\/klubmamgdynia.pl\/index.php\/produkt\/zoocchini-plecak-dla-dziecka-pies-zoo28103\/","title":{"rendered":"Zoocchini Plecak Dla Dziecka Pies (ZOO28103)"},"content":{"rendered":"<p>Nowy plecak dla dzieci Zoocchini ma nowoczesny i praktyczny kwadratowy kszta\u0142t. To minimalistyczny, a zarazem funkcjonalny projekt. Wybierz dla swojego dziecka 1 z 5 sympatycznych wzor\u00f3w (mi\u015b, kr\u00f3lik, pies, jelonek lub koala) i pozw\u00f3l maluchowi popu\u015bci\u0107 wodze wyobra\u017ani!<\/p>\n<h2>Zoocchini Plecak Dla Dziecka Pies (ZOO28103) Zoocchini<\/h2>\n<p>znaki drogowe test, cytat na dzie\u0144 mamy, pytania do lektury asiunia, wierszyk o wakacjach, z\u0142ote my\u015bli kr\u00f3tkie, asiunia &#8211; test z lektury pdf, lilianna, na roczek, bajki do czytania na dobranoc, nadia imie, zagadki \u015bmieszne dla dzieci, stare bajki, zagadki \u015bmieszne podchwytliwe, psi patrol kolorowanki, wierszyki na dobranoc dla dzieci, pomys\u0142y na prezent dla nastolatki, prezent dla 7 latki, quiz zemsta, co kupi\u0107 ch\u0142opcu na roczek<\/p>\n<p>yyyyy<\/p>\n<p>&nbsp;<\/p>\n","protected":false},"excerpt":{"rendered":"<p>Nowy plecak dla dzieci Zoocchini ma nowoczesny i praktyczny kwadratowy kszta\u0142t. To minimalistyczny, a zarazem funkcjonalny projekt. Wybierz dla swojego dziecka 1 z 5 sympatycznych wzor\u00f3w (mi\u015b, kr\u00f3lik, pies, jelonek lub koala) i pozw\u00f3l maluchowi popu\u015bci\u0107 wodze wyobra\u017ani! Zoocchini Plecak Dla Dziecka Pies (ZOO28103) Zoocchini znaki drogowe test, cytat na dzie\u0144 mamy, pytania do lektury [&hellip;]<\/p>\n","protected":false},"featured_media":458,"comment_status":"closed","ping_status":"open","template":"","meta":[],"product_cat":[180,179],"product_tag":[728,730,759,631,798],"class_list":["post-457","product","type-product","status-publish","has-post-thumbnail","hentry","product_cat-plecaki-przedszkolne","product_cat-zoocchini","product_tag-bezwarunkowa-milosc-do-dziecka-cytaty","product_tag-karyna","product_tag-pomysly-na-prezent-dla-nastolatkow","product_tag-prezent-na-roczek","product_tag-prezenty-dla-nastolatki"],"_links":{"self":[{"href":"http:\/\/klubmamgdynia.pl\/index.php\/wp-json\/wp\/v2\/product\/457","targetHints":{"allow":["GET"]}}],"collection":[{"href":"http:\/\/klubmamgdynia.pl\/index.php\/wp-json\/wp\/v2\/product"}],"about":[{"href":"http:\/\/klubmamgdynia.pl\/index.php\/wp-json\/wp\/v2\/types\/product"}],"replies":[{"embeddable":true,"href":"http:\/\/klubmamgdynia.pl\/index.php\/wp-json\/wp\/v2\/comments?post=457"}],"wp:featuredmedia":[{"embeddable":true,"href":"http:\/\/klubmamgdynia.pl\/index.php\/wp-json\/wp\/v2\/media\/458"}],"wp:attachment":[{"href":"http:\/\/klubmamgdynia.pl\/index.php\/wp-json\/wp\/v2\/media?parent=457"}],"wp:term":[{"taxonomy":"product_cat","embeddable":true,"href":"http:\/\/klubmamgdynia.pl\/index.php\/wp-json\/wp\/v2\/product_cat?post=457"},{"taxonomy":"product_tag","embeddable":true,"href":"http:\/\/klubmamgdynia.pl\/index.php\/wp-json\/wp\/v2\/product_tag?post=457"}],"curies":[{"name":"wp","href":"https:\/\/api.w.org\/{rel}","templated":true}]}}