{"id":4571,"date":"2017-01-12T00:59:05","date_gmt":"2017-01-11T23:59:05","guid":{"rendered":"http:\/\/klubmamgdynia.pl\/index.php\/produkt\/swede-suszarka-na-baterie-zabawka\/"},"modified":"2026-04-29T19:29:58","modified_gmt":"2026-04-29T17:29:58","slug":"swede-suszarka-na-baterie-zabawka","status":"publish","type":"product","link":"http:\/\/klubmamgdynia.pl\/index.php\/produkt\/swede-suszarka-na-baterie-zabawka\/","title":{"rendered":"Swede Suszarka na baterie &#8211; Zabawka"},"content":{"rendered":"<p>Zabawka suszarka na baterie w zestawie wraz z grzebieniem pozwoli stworzy\u0107 dziewczynkom niezwyk\u0142e fryzury na g\u0142owach ich lalek. Produkt dzia\u0142a na baterie typu AA. Baterie nie s\u0105 za\u0142\u0105czone do zabawki. Produkt zapakowany w kartonow\u0105 podtawk\u0119 z przezroczystym kloszem. Zabawka przeznaczona dla dzieci od 3 lat. Podane wymiary s\u0105 wymiarami opakowania.<\/p>\n<h2>Swede Suszarka na baterie &#8211; Zabawka Swede<\/h2>\n<p>minionki do druku, dyplomy do druku pdf, upominek dla nastolatk\u00f3w, menu urodzinowe dla dzieci w wieku 8 10 lat, prezent dla nastolatek, znaczenie imiona dawid, quiz online, zagadki na logik\u0119, co kupi\u0107 na roczek dla ch\u0142opca, wiosna zagadki, quiz o polsce dla dzieci, wierszyki na smigus dyngus, farma dyni poznan, \u0142\u0105czenie kropek<\/p>\n<p>yyyyy<\/p>\n<p>&nbsp;<\/p>\n","protected":false},"excerpt":{"rendered":"<p>Zabawka suszarka na baterie w zestawie wraz z grzebieniem pozwoli stworzy\u0107 dziewczynkom niezwyk\u0142e fryzury na g\u0142owach ich lalek. Produkt dzia\u0142a na baterie typu AA. Baterie nie s\u0105 za\u0142\u0105czone do zabawki. Produkt zapakowany w kartonow\u0105 podtawk\u0119 z przezroczystym kloszem. Zabawka przeznaczona dla dzieci od 3 lat. Podane wymiary s\u0105 wymiarami opakowania. Swede Suszarka na baterie &#8211; [&hellip;]<\/p>\n","protected":false},"featured_media":4572,"comment_status":"closed","ping_status":"open","template":"","meta":[],"product_cat":[53,171],"product_tag":[863,580,847,810,774,694],"class_list":["post-4571","product","type-product","status-publish","has-post-thumbnail","hentry","product_cat-kaciki-zabaw","product_cat-swede","product_tag-bajki-dla-dziewczynek","product_tag-janusz","product_tag-kolorowanki-pokemon","product_tag-nauka-zegara-do-druku","product_tag-prezent-na-roczek-nie-zabawka","product_tag-zagadki-swiateczne-dla-dzieci"],"_links":{"self":[{"href":"http:\/\/klubmamgdynia.pl\/index.php\/wp-json\/wp\/v2\/product\/4571","targetHints":{"allow":["GET"]}}],"collection":[{"href":"http:\/\/klubmamgdynia.pl\/index.php\/wp-json\/wp\/v2\/product"}],"about":[{"href":"http:\/\/klubmamgdynia.pl\/index.php\/wp-json\/wp\/v2\/types\/product"}],"replies":[{"embeddable":true,"href":"http:\/\/klubmamgdynia.pl\/index.php\/wp-json\/wp\/v2\/comments?post=4571"}],"wp:featuredmedia":[{"embeddable":true,"href":"http:\/\/klubmamgdynia.pl\/index.php\/wp-json\/wp\/v2\/media\/4572"}],"wp:attachment":[{"href":"http:\/\/klubmamgdynia.pl\/index.php\/wp-json\/wp\/v2\/media?parent=4571"}],"wp:term":[{"taxonomy":"product_cat","embeddable":true,"href":"http:\/\/klubmamgdynia.pl\/index.php\/wp-json\/wp\/v2\/product_cat?post=4571"},{"taxonomy":"product_tag","embeddable":true,"href":"http:\/\/klubmamgdynia.pl\/index.php\/wp-json\/wp\/v2\/product_tag?post=4571"}],"curies":[{"name":"wp","href":"https:\/\/api.w.org\/{rel}","templated":true}]}}