{"id":4573,"date":"2010-12-22T19:39:19","date_gmt":"2010-12-22T18:39:19","guid":{"rendered":"http:\/\/klubmamgdynia.pl\/index.php\/produkt\/fotelik-samochodowy-britax-romer-dualfix-isense-size-0-18-kg-fossil-grey-baza\/"},"modified":"2026-05-17T20:53:20","modified_gmt":"2026-05-17T18:53:20","slug":"fotelik-samochodowy-britax-romer-dualfix-isense-size-0-18-kg-fossil-grey-baza","status":"publish","type":"product","link":"http:\/\/klubmamgdynia.pl\/index.php\/produkt\/fotelik-samochodowy-britax-romer-dualfix-isense-size-0-18-kg-fossil-grey-baza\/","title":{"rendered":"Fotelik samochodowy Britax Romer Dualfix Isense Size 0 18 Kg Fossil Grey + Baza"},"content":{"rendered":"<h2>Fotelik samochodowy Britax Romer Dualfix Isense Size 0 18 Kg Fossil Grey + Baza Britax &amp; Romer<\/h2>\n<p>miasto dzieci pl, quiz o \u015bwi\u0119tach bo\u017cego narodzenia, tezeusz, \u015bmigus dyngus lany poniedzia\u0142ek zyczenia, kolorowanki ninjago, sandra imie, piosenka na dzie\u0144 nauczyciela przedszkole, quizy dla dzieci z bajek, mini zoo mazowieckie, otto, zaj\u0119cia dla nastolatk\u00f3w, zabawy z pi\u0142k\u0105, dalia imi\u0119, bajki do czytania, audiobooki dla dzieci za darmo, kolorowanka super zings<\/p>\n<p>yyyyy<\/p>\n<p>&nbsp;<\/p>\n","protected":false},"excerpt":{"rendered":"<p>Fotelik samochodowy Britax Romer Dualfix Isense Size 0 18 Kg Fossil Grey + Baza Britax &amp; Romer miasto dzieci pl, quiz o \u015bwi\u0119tach bo\u017cego narodzenia, tezeusz, \u015bmigus dyngus lany poniedzia\u0142ek zyczenia, kolorowanki ninjago, sandra imie, piosenka na dzie\u0144 nauczyciela przedszkole, quizy dla dzieci z bajek, mini zoo mazowieckie, otto, zaj\u0119cia dla nastolatk\u00f3w, zabawy z pi\u0142k\u0105, [&hellip;]<\/p>\n","protected":false},"featured_media":4574,"comment_status":"closed","ping_status":"open","template":"","meta":[],"product_cat":[116,32],"product_tag":[834,768,731,677,717,822],"class_list":["post-4573","product","type-product","status-publish","has-post-thumbnail","hentry","product_cat-britax-romer","product_cat-foteliki-samochodowe","product_tag-bajka-do-czytania-na-dobranoc","product_tag-krotkie-zagadki-logiczne","product_tag-maly-ksiaze-cytaty","product_tag-milosz-imie","product_tag-prezent-roczek","product_tag-wierszyki-o-wakacjach-krotkie"],"_links":{"self":[{"href":"http:\/\/klubmamgdynia.pl\/index.php\/wp-json\/wp\/v2\/product\/4573","targetHints":{"allow":["GET"]}}],"collection":[{"href":"http:\/\/klubmamgdynia.pl\/index.php\/wp-json\/wp\/v2\/product"}],"about":[{"href":"http:\/\/klubmamgdynia.pl\/index.php\/wp-json\/wp\/v2\/types\/product"}],"replies":[{"embeddable":true,"href":"http:\/\/klubmamgdynia.pl\/index.php\/wp-json\/wp\/v2\/comments?post=4573"}],"wp:featuredmedia":[{"embeddable":true,"href":"http:\/\/klubmamgdynia.pl\/index.php\/wp-json\/wp\/v2\/media\/4574"}],"wp:attachment":[{"href":"http:\/\/klubmamgdynia.pl\/index.php\/wp-json\/wp\/v2\/media?parent=4573"}],"wp:term":[{"taxonomy":"product_cat","embeddable":true,"href":"http:\/\/klubmamgdynia.pl\/index.php\/wp-json\/wp\/v2\/product_cat?post=4573"},{"taxonomy":"product_tag","embeddable":true,"href":"http:\/\/klubmamgdynia.pl\/index.php\/wp-json\/wp\/v2\/product_tag?post=4573"}],"curies":[{"name":"wp","href":"https:\/\/api.w.org\/{rel}","templated":true}]}}