{"id":4575,"date":"2020-09-04T13:03:31","date_gmt":"2020-09-04T11:03:31","guid":{"rendered":"http:\/\/klubmamgdynia.pl\/index.php\/produkt\/fotelik-samochodowy-nania-r-way-fotelik-samochodowy-15-36-kg-denim-grey\/"},"modified":"2026-04-05T17:58:47","modified_gmt":"2026-04-05T15:58:47","slug":"fotelik-samochodowy-nania-r-way-fotelik-samochodowy-15-36-kg-denim-grey","status":"publish","type":"product","link":"http:\/\/klubmamgdynia.pl\/index.php\/produkt\/fotelik-samochodowy-nania-r-way-fotelik-samochodowy-15-36-kg-denim-grey\/","title":{"rendered":"Fotelik samochodowy Nania R-Way Fotelik Samochodowy 15-36 kg Denim Grey"},"content":{"rendered":"<p>Nania R-Way Fotelik Samochodowy 15-36 kg Denim Grey Fotelik Samochodowy 15-36 kg<\/p>\n<h2>Fotelik samochodowy Nania R-Way Fotelik Samochodowy 15-36 kg Denim Grey Nania<\/h2>\n<p>milan imie, zak\u0142adka do ksi\u0105\u017cki szablon do druku, zagadki na inteligencj\u0119, zagadki dla 6 latka, podchwytliwe zagadki i odpowiedzi, prezent dla 1 latka, po\u0142\u0105cz kropki do druku, calineczka test z odpowiedziami, zgadywanki dla dzieci, test z lektury spos\u00f3b na alcybiadesa, wr\u00f3\u017cby andrzejkowe online dla dzieci, zagadki wielkanocne dla doros\u0142ych, 1 listopada dzie\u0144 wszystkich \u015bwi\u0119tych kolorowanki, zagadka, kolorowanki psi patrol, flagi \u015bwiata quiz, quizy online, m\u0105dre prezenty dla 7 latki, z\u0142ote my\u015bli o przyja\u017ani<\/p>\n<p>yyyyy<\/p>\n<p>&nbsp;<\/p>\n","protected":false},"excerpt":{"rendered":"<p>Nania R-Way Fotelik Samochodowy 15-36 kg Denim Grey Fotelik Samochodowy 15-36 kg Fotelik samochodowy Nania R-Way Fotelik Samochodowy 15-36 kg Denim Grey Nania milan imie, zak\u0142adka do ksi\u0105\u017cki szablon do druku, zagadki na inteligencj\u0119, zagadki dla 6 latka, podchwytliwe zagadki i odpowiedzi, prezent dla 1 latka, po\u0142\u0105cz kropki do druku, calineczka test z odpowiedziami, zgadywanki [&hellip;]<\/p>\n","protected":false},"featured_media":4576,"comment_status":"closed","ping_status":"open","template":"","meta":[],"product_cat":[32,1240],"product_tag":[871,836,677,620,651,577],"class_list":["post-4575","product","type-product","status-publish","has-post-thumbnail","hentry","product_cat-foteliki-samochodowe","product_cat-nania","product_tag-bajka-o-smoku-wawelskim","product_tag-co-kupic-dziecku-na-roczek","product_tag-milosz-imie","product_tag-quiz-opowiesci-z-narnii","product_tag-quizy-online","product_tag-znaki-drogowe-test"],"_links":{"self":[{"href":"http:\/\/klubmamgdynia.pl\/index.php\/wp-json\/wp\/v2\/product\/4575","targetHints":{"allow":["GET"]}}],"collection":[{"href":"http:\/\/klubmamgdynia.pl\/index.php\/wp-json\/wp\/v2\/product"}],"about":[{"href":"http:\/\/klubmamgdynia.pl\/index.php\/wp-json\/wp\/v2\/types\/product"}],"replies":[{"embeddable":true,"href":"http:\/\/klubmamgdynia.pl\/index.php\/wp-json\/wp\/v2\/comments?post=4575"}],"wp:featuredmedia":[{"embeddable":true,"href":"http:\/\/klubmamgdynia.pl\/index.php\/wp-json\/wp\/v2\/media\/4576"}],"wp:attachment":[{"href":"http:\/\/klubmamgdynia.pl\/index.php\/wp-json\/wp\/v2\/media?parent=4575"}],"wp:term":[{"taxonomy":"product_cat","embeddable":true,"href":"http:\/\/klubmamgdynia.pl\/index.php\/wp-json\/wp\/v2\/product_cat?post=4575"},{"taxonomy":"product_tag","embeddable":true,"href":"http:\/\/klubmamgdynia.pl\/index.php\/wp-json\/wp\/v2\/product_tag?post=4575"}],"curies":[{"name":"wp","href":"https:\/\/api.w.org\/{rel}","templated":true}]}}