{"id":4577,"date":"2012-01-18T14:33:22","date_gmt":"2012-01-18T13:33:22","guid":{"rendered":"http:\/\/klubmamgdynia.pl\/index.php\/produkt\/movino-dla-dzieci-tyro-czarny\/"},"modified":"2026-04-03T17:06:44","modified_gmt":"2026-04-03T15:06:44","slug":"movino-dla-dzieci-tyro-czarny","status":"publish","type":"product","link":"http:\/\/klubmamgdynia.pl\/index.php\/produkt\/movino-dla-dzieci-tyro-czarny\/","title":{"rendered":"Movino Dla Dzieci Tyro Czarny"},"content":{"rendered":"<p>Movino Tyro to lekka hulajnoga wyczynowa przeznaczona dla pocz\u0105tkuj\u0105cych rider\u00f3w. Wa\u017cy jedynie 2.90 kg przy optymalnym rozmiarze decku: 460 x 100 mm.<\/p>\n<h2>Movino Dla Dzieci Tyro Czarny Movino<\/h2>\n<p>kolorowanka kotek do druku, ferie zimowe 2022 warszawa, zaj\u0105czek z jajka ugotowanego, warszawa dla dzieci, opisy do zdj\u0119\u0107 z dzieckiem, \u017carty na prima aprilis w domu, macierzy\u0144stwo cytaty, zagadki wiosenne dla dzieci, spongebob kolorowanka, znaczenie imiona justyna, pi\u0119kne kr\u00f3tkie wiersze, ptak b\u0105k, zings kolorowanka, bajki terapeutyczne o emocjach, prezent dla dziecka 1 rok, znaczenie imienia paula, miko\u0142ajkowe zabawy<\/p>\n<p>yyyyy<\/p>\n<p>&nbsp;<\/p>\n","protected":false},"excerpt":{"rendered":"<p>Movino Tyro to lekka hulajnoga wyczynowa przeznaczona dla pocz\u0105tkuj\u0105cych rider\u00f3w. Wa\u017cy jedynie 2.90 kg przy optymalnym rozmiarze decku: 460 x 100 mm. Movino Dla Dzieci Tyro Czarny Movino kolorowanka kotek do druku, ferie zimowe 2022 warszawa, zaj\u0105czek z jajka ugotowanego, warszawa dla dzieci, opisy do zdj\u0119\u0107 z dzieckiem, \u017carty na prima aprilis w domu, macierzy\u0144stwo [&hellip;]<\/p>\n","protected":false},"featured_media":4578,"comment_status":"closed","ping_status":"open","template":"","meta":[],"product_cat":[315,1241],"product_tag":[603,612,644,726],"class_list":["post-4577","product","type-product","status-publish","has-post-thumbnail","hentry","product_cat-hulajnogi-dla-dzieci","product_cat-movino","product_tag-bajki-do-czytania","product_tag-kolorowanki-do-druku","product_tag-mia","product_tag-quiz-zemsta"],"_links":{"self":[{"href":"http:\/\/klubmamgdynia.pl\/index.php\/wp-json\/wp\/v2\/product\/4577","targetHints":{"allow":["GET"]}}],"collection":[{"href":"http:\/\/klubmamgdynia.pl\/index.php\/wp-json\/wp\/v2\/product"}],"about":[{"href":"http:\/\/klubmamgdynia.pl\/index.php\/wp-json\/wp\/v2\/types\/product"}],"replies":[{"embeddable":true,"href":"http:\/\/klubmamgdynia.pl\/index.php\/wp-json\/wp\/v2\/comments?post=4577"}],"wp:featuredmedia":[{"embeddable":true,"href":"http:\/\/klubmamgdynia.pl\/index.php\/wp-json\/wp\/v2\/media\/4578"}],"wp:attachment":[{"href":"http:\/\/klubmamgdynia.pl\/index.php\/wp-json\/wp\/v2\/media?parent=4577"}],"wp:term":[{"taxonomy":"product_cat","embeddable":true,"href":"http:\/\/klubmamgdynia.pl\/index.php\/wp-json\/wp\/v2\/product_cat?post=4577"},{"taxonomy":"product_tag","embeddable":true,"href":"http:\/\/klubmamgdynia.pl\/index.php\/wp-json\/wp\/v2\/product_tag?post=4577"}],"curies":[{"name":"wp","href":"https:\/\/api.w.org\/{rel}","templated":true}]}}