{"id":4581,"date":"2014-08-02T07:27:45","date_gmt":"2014-08-02T05:27:45","guid":{"rendered":"http:\/\/klubmamgdynia.pl\/index.php\/produkt\/pulio-gonher-101-0-metalowy-rewolwer-kowbojski-100-strzalek\/"},"modified":"2026-04-04T09:39:20","modified_gmt":"2026-04-04T07:39:20","slug":"pulio-gonher-101-0-metalowy-rewolwer-kowbojski-100-strzalek","status":"publish","type":"product","link":"http:\/\/klubmamgdynia.pl\/index.php\/produkt\/pulio-gonher-101-0-metalowy-rewolwer-kowbojski-100-strzalek\/","title":{"rendered":"Pulio Gonher 101\/0 Metalowy Rewolwer Kowbojski 100 Strza\u0142ek"},"content":{"rendered":"<p>COWBOY DU\u017bY REWOLWER METALOWY nbsp; 100 strza\u0142owy na ta\u015bmie Marka: nbsp;Gonher Numer ref nbsp; 101 0 Wiek: nbsp;3 Materia\u0142: metal : korpus lufa b\u0119benkowy magazynek rdze\u0144 r\u0119koje\u015bci odlew plastik : ok\u0142adzina r\u0119koje\u015bci Wymiary: pistolet: 9 5 x 18 5 cm opakowanie: nbsp;20 5 x 8 x 3 cm Produkt hiszpa\u0144ski Marka GONHER zajmuje si\u0119 produkcj\u0105 wysokiej jako\u015bci zabawek od ponad 50 lat Zestaw nie zawiera naboi Teraz ka\u017cdy ma\u0142y ch\u0142opiec mo\u017ce poczu\u0107 si\u0119 jak prawdziwy kowboj \u017co\u0142nierz czy komandos do zada\u0144 specjalnych Pistolet hiszpa\u0144skiej marki Gonher jest wykonany z bardzo dobrej jako\u015bci materia\u0142\u00f3w z dba\u0142o\u015bci\u0105 o szczeg\u00f3\u0142y dzi\u0119ki czemu do z\u0142udzenia przypomina prawdziwy Do pistoletu mo\u017cna u\u017cywa\u0107 naboje hukowe na ta\u015bmie kt\u00f3re nie stanowi\u0105 niebezpiecze\u0144stwa podczas zabawy nbsp;Magazynek jest nbsp; 100 strza\u0142owy U\u017cywanie naboi nie jest konieczne do zabawy<\/p>\n<h2>Pulio Gonher 101\/0 Metalowy Rewolwer Kowbojski 100 Strza\u0142ek Pulio<\/h2>\n<p>zagadki o zimie, kolorowanki miasto dzieci, alina, jak zrobi\u0107 laurk\u0119 dla babci, zagadki kr\u00f3tkie, nauka polskiego dla dzieci z ukrainy, z\u0142ote my\u015bli cytaty o szkole i nauce, wroc\u0142aw i okolice atrakcje, sta\u0142a pod \u015bniegiem, wr\u00f3\u017cby andrzejkowe dla dzieci online, piosenka dla mamy tekst, zagadki dla ma\u0142ych dzieci, zabawy dla 7 latki, pierwsze urodziny prezent na roczek dla ch\u0142opca, pa\u0144stwa europy i ich stolice quiz, myszka minnie kolorowanka, pomys\u0142y na prezent na roczek<\/p>\n<p>yyyyy<\/p>\n<p>&nbsp;<\/p>\n","protected":false},"excerpt":{"rendered":"<p>COWBOY DU\u017bY REWOLWER METALOWY nbsp; 100 strza\u0142owy na ta\u015bmie Marka: nbsp;Gonher Numer ref nbsp; 101 0 Wiek: nbsp;3 Materia\u0142: metal : korpus lufa b\u0119benkowy magazynek rdze\u0144 r\u0119koje\u015bci odlew plastik : ok\u0142adzina r\u0119koje\u015bci Wymiary: pistolet: 9 5 x 18 5 cm opakowanie: nbsp;20 5 x 8 x 3 cm Produkt hiszpa\u0144ski Marka GONHER zajmuje si\u0119 produkcj\u0105 [&hellip;]<\/p>\n","protected":false},"featured_media":4582,"comment_status":"closed","ping_status":"open","template":"","meta":[],"product_cat":[1242,40],"product_tag":[666,837,750,624],"class_list":["post-4581","product","type-product","status-publish","has-post-thumbnail","hentry","product_cat-pulio","product_cat-zabawki-militarne","product_tag-afrykanskie-imiona","product_tag-cicha-noc-po-angielsku","product_tag-imie-kostek","product_tag-krotkie-zagadki"],"_links":{"self":[{"href":"http:\/\/klubmamgdynia.pl\/index.php\/wp-json\/wp\/v2\/product\/4581","targetHints":{"allow":["GET"]}}],"collection":[{"href":"http:\/\/klubmamgdynia.pl\/index.php\/wp-json\/wp\/v2\/product"}],"about":[{"href":"http:\/\/klubmamgdynia.pl\/index.php\/wp-json\/wp\/v2\/types\/product"}],"replies":[{"embeddable":true,"href":"http:\/\/klubmamgdynia.pl\/index.php\/wp-json\/wp\/v2\/comments?post=4581"}],"wp:featuredmedia":[{"embeddable":true,"href":"http:\/\/klubmamgdynia.pl\/index.php\/wp-json\/wp\/v2\/media\/4582"}],"wp:attachment":[{"href":"http:\/\/klubmamgdynia.pl\/index.php\/wp-json\/wp\/v2\/media?parent=4581"}],"wp:term":[{"taxonomy":"product_cat","embeddable":true,"href":"http:\/\/klubmamgdynia.pl\/index.php\/wp-json\/wp\/v2\/product_cat?post=4581"},{"taxonomy":"product_tag","embeddable":true,"href":"http:\/\/klubmamgdynia.pl\/index.php\/wp-json\/wp\/v2\/product_tag?post=4581"}],"curies":[{"name":"wp","href":"https:\/\/api.w.org\/{rel}","templated":true}]}}