{"id":4583,"date":"2025-09-08T05:44:10","date_gmt":"2025-09-08T03:44:10","guid":{"rendered":"http:\/\/klubmamgdynia.pl\/?post_type=product&#038;p=4583"},"modified":"2026-04-07T10:39:12","modified_gmt":"2026-04-07T08:39:12","slug":"pisarek-pistolet-na-splonki-plastikowy-11cm-tkp-007bb-05001","status":"publish","type":"product","link":"http:\/\/klubmamgdynia.pl\/index.php\/produkt\/pisarek-pistolet-na-splonki-plastikowy-11cm-tkp-007bb-05001\/","title":{"rendered":"Pisarek Pistolet Na Sp\u0142onki Plastikowy 11Cm Tkp 007Bb 05001"},"content":{"rendered":"<h2>Pisarek Pistolet Na Sp\u0142onki Plastikowy 11Cm Tkp 007Bb 05001 Pisarek<\/h2>\n<p>kr\u00f3tkie bajki do czytania pdf, kolorowanka anio\u0142ek, sa\u0142atki dla dzieci, co kupi\u0107 na roczek, quizy i zagadki wielkanocne, niech \u017cyj\u0105 wakacje, anio\u0142ki w niebie pisz\u0105, rysowanki, quizy znaki drogowe, wroc\u0142aw dla dzieci, zagadki \u015bmieszne, kolorowanka kotka, imie iwo, niech \u017cyj\u0105 wakacje, kolorowanka sky, quizy znaki drogowe, kolorowanki do druku dla dziewczyn, szopka do druku, samolot kolorowanka, weso\u0142e pisanki tekst<\/p>\n<p>yyyyy<\/p>\n<p>&nbsp;<\/p>\n","protected":false},"excerpt":{"rendered":"<p>Pisarek Pistolet Na Sp\u0142onki Plastikowy 11Cm Tkp 007Bb 05001 Pisarek kr\u00f3tkie bajki do czytania pdf, kolorowanka anio\u0142ek, sa\u0142atki dla dzieci, co kupi\u0107 na roczek, quizy i zagadki wielkanocne, niech \u017cyj\u0105 wakacje, anio\u0142ki w niebie pisz\u0105, rysowanki, quizy znaki drogowe, wroc\u0142aw dla dzieci, zagadki \u015bmieszne, kolorowanka kotka, imie iwo, niech \u017cyj\u0105 wakacje, kolorowanka sky, quizy znaki [&hellip;]<\/p>\n","protected":false},"featured_media":4584,"comment_status":"closed","ping_status":"open","template":"","meta":[],"product_cat":[1236,40],"product_tag":[669,583,821,733],"class_list":["post-4583","product","type-product","status-publish","has-post-thumbnail","hentry","product_cat-pisarek","product_cat-zabawki-militarne","product_tag-kolorowanki","product_tag-kolysanki-dla-dzieci-tekst","product_tag-marianna","product_tag-zarty-na-prima-aprilis"],"_links":{"self":[{"href":"http:\/\/klubmamgdynia.pl\/index.php\/wp-json\/wp\/v2\/product\/4583","targetHints":{"allow":["GET"]}}],"collection":[{"href":"http:\/\/klubmamgdynia.pl\/index.php\/wp-json\/wp\/v2\/product"}],"about":[{"href":"http:\/\/klubmamgdynia.pl\/index.php\/wp-json\/wp\/v2\/types\/product"}],"replies":[{"embeddable":true,"href":"http:\/\/klubmamgdynia.pl\/index.php\/wp-json\/wp\/v2\/comments?post=4583"}],"wp:featuredmedia":[{"embeddable":true,"href":"http:\/\/klubmamgdynia.pl\/index.php\/wp-json\/wp\/v2\/media\/4584"}],"wp:attachment":[{"href":"http:\/\/klubmamgdynia.pl\/index.php\/wp-json\/wp\/v2\/media?parent=4583"}],"wp:term":[{"taxonomy":"product_cat","embeddable":true,"href":"http:\/\/klubmamgdynia.pl\/index.php\/wp-json\/wp\/v2\/product_cat?post=4583"},{"taxonomy":"product_tag","embeddable":true,"href":"http:\/\/klubmamgdynia.pl\/index.php\/wp-json\/wp\/v2\/product_tag?post=4583"}],"curies":[{"name":"wp","href":"https:\/\/api.w.org\/{rel}","templated":true}]}}