{"id":4585,"date":"2015-08-22T19:10:00","date_gmt":"2015-08-22T17:10:00","guid":{"rendered":"http:\/\/klubmamgdynia.pl\/index.php\/produkt\/fotelik-samochodowy-nania-dream-15-36kg-capitan-america\/"},"modified":"2026-04-04T01:28:19","modified_gmt":"2026-04-03T23:28:19","slug":"fotelik-samochodowy-nania-dream-15-36kg-capitan-america","status":"publish","type":"product","link":"http:\/\/klubmamgdynia.pl\/index.php\/produkt\/fotelik-samochodowy-nania-dream-15-36kg-capitan-america\/","title":{"rendered":"Fotelik samochodowy Nania Dream 15-36kg Capitan America"},"content":{"rendered":"<p>3507460215274<\/p>\n<h2>Fotelik samochodowy Nania Dream 15-36kg Capitan America Nania<\/h2>\n<p>laurka kolorowanki na dzie\u0144 mamy, halloween warszawa 2021 dzieci, quiz o koniach, quiz o usa, imi\u0119 r\u00f3\u017ca, mia imi\u0119, rozrywka dla dzieci, prezent na roczek dla chrze\u015bniaka<\/p>\n<p>yyyyy<\/p>\n<p>&nbsp;<\/p>\n","protected":false},"excerpt":{"rendered":"<p>3507460215274 Fotelik samochodowy Nania Dream 15-36kg Capitan America Nania laurka kolorowanki na dzie\u0144 mamy, halloween warszawa 2021 dzieci, quiz o koniach, quiz o usa, imi\u0119 r\u00f3\u017ca, mia imi\u0119, rozrywka dla dzieci, prezent na roczek dla chrze\u015bniaka yyyyy &nbsp;<\/p>\n","protected":false},"featured_media":4586,"comment_status":"closed","ping_status":"open","template":"","meta":[],"product_cat":[32,1240],"product_tag":[673,720,614,628],"class_list":["post-4585","product","type-product","status-publish","has-post-thumbnail","hentry","product_cat-foteliki-samochodowe","product_cat-nania","product_tag-juz-blisko-koleda-tekst","product_tag-malowanki","product_tag-pia","product_tag-zagadka"],"_links":{"self":[{"href":"http:\/\/klubmamgdynia.pl\/index.php\/wp-json\/wp\/v2\/product\/4585","targetHints":{"allow":["GET"]}}],"collection":[{"href":"http:\/\/klubmamgdynia.pl\/index.php\/wp-json\/wp\/v2\/product"}],"about":[{"href":"http:\/\/klubmamgdynia.pl\/index.php\/wp-json\/wp\/v2\/types\/product"}],"replies":[{"embeddable":true,"href":"http:\/\/klubmamgdynia.pl\/index.php\/wp-json\/wp\/v2\/comments?post=4585"}],"wp:featuredmedia":[{"embeddable":true,"href":"http:\/\/klubmamgdynia.pl\/index.php\/wp-json\/wp\/v2\/media\/4586"}],"wp:attachment":[{"href":"http:\/\/klubmamgdynia.pl\/index.php\/wp-json\/wp\/v2\/media?parent=4585"}],"wp:term":[{"taxonomy":"product_cat","embeddable":true,"href":"http:\/\/klubmamgdynia.pl\/index.php\/wp-json\/wp\/v2\/product_cat?post=4585"},{"taxonomy":"product_tag","embeddable":true,"href":"http:\/\/klubmamgdynia.pl\/index.php\/wp-json\/wp\/v2\/product_tag?post=4585"}],"curies":[{"name":"wp","href":"https:\/\/api.w.org\/{rel}","templated":true}]}}