{"id":4587,"date":"2023-04-12T17:31:24","date_gmt":"2023-04-12T15:31:24","guid":{"rendered":"http:\/\/klubmamgdynia.pl\/?post_type=product&#038;p=4587"},"modified":"2026-04-30T16:10:27","modified_gmt":"2026-04-30T14:10:27","slug":"fotelik-samochodowy-nania-beline-sp-paw-patrol-pink-9-36kg","status":"publish","type":"product","link":"http:\/\/klubmamgdynia.pl\/index.php\/produkt\/fotelik-samochodowy-nania-beline-sp-paw-patrol-pink-9-36kg\/","title":{"rendered":"Fotelik samochodowy Nania Beline Sp Paw Patrol Pink 9-36Kg"},"content":{"rendered":"<p>Fotelik samochodowy marki Nania, nale\u017c\u0105cej do francuskiego producenta artyku\u0142\u00f3w dzieci\u0119cych &#8211; Groupe TeamTex, kt\u00f3ry oferuje swoje produkty na 5 kontynentach \u015bwiata. Model z licencjonowanej kolekcji Disney.Przeznaczony jest dla dzieci o wadze od 9 do 36 kilogram\u00f3w (grupa 1, 2 i 3) &#8211; od ok. 9 miesi\u0105ca do ok. 12 roku \u017cycia.Najwa\u017cniejsze cechy produktu:Wykonany z wytrzyma\u0142ego tworzywa PEHD.Posiada wewn\u0119trzny, 5-punktowy pas bezpiecze\u0144stwa z regulacj\u0105 wysoko\u015bci i d\u0142ugo\u015bci oraz os\u0142onkami przeciwdzia\u0142aj\u0105cymi ocieraniu.Wyposa\u017cony w zag\u0142\u00f3wek z regulacj\u0105 wysoko\u015bci, zapewniaj\u0105cy prawid\u0142owe podparcie g\u0142owy w ca\u0142ym przedziale wagowym.Posiada demontowane oparcie, po jego \u015bci\u0105gni\u0119ciu zostaje siedzisko typu booster.Pokryty wysokiej jako\u015bci, mi\u0119kk\u0105 tapicerk\u0105, kt\u00f3r\u0105 mo\u017cna zdj\u0105\u0107 i wypra\u0107.Wyposa\u017cony w system chroni\u0105cy przed zderzeniami bocznymi &#8211; Side Impact Protection System.Uzyska\u0142 ocen\u0119 3 punkt\u00f3w w testach bezpiecze\u0144stwa ADAC.Posiada certyfikat zgodno\u015bci z europejsk\u0105 norm\u0105 ECE R44\/04.\u0141atwy monta\u017c w ka\u017cdym samochodzie, wyposa\u017conym w 3-punktowe pasy bezpiecze\u0144stwa, przodem do kierunku jazdy.Wyprodukowany we Francji.Pochodzi z oficjalnej polskiej dystrybucji.Nowy produkt, obj\u0119ty gwarancj\u0105.Wymiary produktu:Szeroko\u015b\u0107 siedziska ca\u0142kowita: 47 cm.Szeroko\u015b\u0107 siedziska pomi\u0119dzy pod\u0142okietnikami: 29 cm.G\u0142\u0119boko\u015b\u0107 siedziska ca\u0142kowita: 45 cm.G\u0142\u0119boko\u015b\u0107 siedziska wewn\u0105trz: 36 cm.Wysoko\u015b\u0107 ca\u0142kowita (zakres regulacji): 70-82 cm.Wysoko\u015b\u0107 oparcia (zakres regulacji): 61-73 cm.Waga: 5,3 kg.<\/p>\n<h2>Fotelik samochodowy Nania Beline Sp Paw Patrol Pink 9-36Kg Nania<\/h2>\n<p>m.i.a., zabawki dla dziewczynki na roczek, quiz zemsta, zagadki s\u0142owne, zagadki logiczne z odpowiedziami, zgadywanki, malowanki dla dzieci do druku, w uk\u0142adzie s\u0142onecznym tekst, aaa kotki dwa tekst, straszne filmy dla dzieci, bajka o kreciku, iwo imie, kolorowanki uk\u0142ad s\u0142oneczny, quizy o koniach, atrakcje dla dzieci we wroc\u0142awiu, jad\u0105 jad\u0105 misie tekst, bruno, delfinarium polska<\/p>\n<p>yyyyy<\/p>\n<p>&nbsp;<\/p>\n","protected":false},"excerpt":{"rendered":"<p>Fotelik samochodowy marki Nania, nale\u017c\u0105cej do francuskiego producenta artyku\u0142\u00f3w dzieci\u0119cych &#8211; Groupe TeamTex, kt\u00f3ry oferuje swoje produkty na 5 kontynentach \u015bwiata. Model z licencjonowanej kolekcji Disney.Przeznaczony jest dla dzieci o wadze od 9 do 36 kilogram\u00f3w (grupa 1, 2 i 3) &#8211; od ok. 9 miesi\u0105ca do ok. 12 roku \u017cycia.Najwa\u017cniejsze cechy produktu:Wykonany z wytrzyma\u0142ego [&hellip;]<\/p>\n","protected":false},"featured_media":4588,"comment_status":"closed","ping_status":"open","template":"","meta":[],"product_cat":[32,1240],"product_tag":[777,686,865,638,647],"class_list":["post-4587","product","type-product","status-publish","has-post-thumbnail","hentry","product_cat-foteliki-samochodowe","product_cat-nania","product_tag-co-na-roczek","product_tag-co-na-roczek-dla-chlopca","product_tag-cytaty-o-dzieciach","product_tag-miastodzieci","product_tag-warszawa-z-dzieckiem"],"_links":{"self":[{"href":"http:\/\/klubmamgdynia.pl\/index.php\/wp-json\/wp\/v2\/product\/4587","targetHints":{"allow":["GET"]}}],"collection":[{"href":"http:\/\/klubmamgdynia.pl\/index.php\/wp-json\/wp\/v2\/product"}],"about":[{"href":"http:\/\/klubmamgdynia.pl\/index.php\/wp-json\/wp\/v2\/types\/product"}],"replies":[{"embeddable":true,"href":"http:\/\/klubmamgdynia.pl\/index.php\/wp-json\/wp\/v2\/comments?post=4587"}],"wp:featuredmedia":[{"embeddable":true,"href":"http:\/\/klubmamgdynia.pl\/index.php\/wp-json\/wp\/v2\/media\/4588"}],"wp:attachment":[{"href":"http:\/\/klubmamgdynia.pl\/index.php\/wp-json\/wp\/v2\/media?parent=4587"}],"wp:term":[{"taxonomy":"product_cat","embeddable":true,"href":"http:\/\/klubmamgdynia.pl\/index.php\/wp-json\/wp\/v2\/product_cat?post=4587"},{"taxonomy":"product_tag","embeddable":true,"href":"http:\/\/klubmamgdynia.pl\/index.php\/wp-json\/wp\/v2\/product_tag?post=4587"}],"curies":[{"name":"wp","href":"https:\/\/api.w.org\/{rel}","templated":true}]}}