{"id":4589,"date":"2022-10-24T12:20:31","date_gmt":"2022-10-24T10:20:31","guid":{"rendered":"http:\/\/klubmamgdynia.pl\/?post_type=product&#038;p=4589"},"modified":"2026-04-27T17:18:44","modified_gmt":"2026-04-27T15:18:44","slug":"mega-creative-parking-miasto-482718-zabawka","status":"publish","type":"product","link":"http:\/\/klubmamgdynia.pl\/index.php\/produkt\/mega-creative-parking-miasto-482718-zabawka\/","title":{"rendered":"Mega Creative Parking Miasto 482718 &#8211; Zabawka"},"content":{"rendered":"<p>Zalety produktu: rozwija kreatywno\u015b\u0107 dziecka, parking posiada efekty d\u017cwi\u0119kowe oraz \u015bwietlne. Aby utrzyma\u0107 \u0142ad i porz\u0105dek w mie\u015bcie Miasto musi posiada\u0107 du\u017co miejsca na kt\u00f3rym mog\u0105 parkowa\u0107 samochody. Gdzie je trzyma\u0107 Na specjalnym, dwupoziomowym parkingu od MEGA CREATIVE Parking posiada ruchom\u0105 platform\u0119 oraz tunel kt\u00f3rym samochody mog\u0105 swobodniej przemiesza\u0107 si\u0119 po parkingu posiada d\u017cwig kt\u00f3rym przydro\u017cni robotnicy wykonuj\u0105 prace na terenie parkingu. Zawarto\u015b\u0107 zestawu: dwupoziomowy parking, 8x ma\u0142y sacmohodzik,akcesoria drogowe u\u0142atwiaj\u0105ce poruszanie si\u0119 samochodom po parkingu . Wymiary\/waga\/baterie wymiary produktu d\u0142. x wys. x g\u0142. cm : 90x45x63 cm, wymiary opakowania d\u0142. x wys. x g\u0142. cm : 59x38x9, waga produktu bez opakowania kg : 1,08 kg, waga produktu z opakowaniem kg : 1,64 kg, wymaga zasilania bateriami 3 x 1,5V AA R6- nie za\u0142\u0105czono do zestawu. Przeznaczony dla dzieci w wieku: 3 . Pakowany w kartonik z okienkiem. W kartonie zbiorczym po 10 szt&#8230;.<\/p>\n<h2>Mega Creative Parking Miasto 482718 &#8211; Zabawka Mega Creative<\/h2>\n<p>opis na dzie\u0144 mamy, kolorowanka flamingi, bajki do czytania online, kolorowanki antystresowe do druku<\/p>\n<p>yyyyy<\/p>\n<p>&nbsp;<\/p>\n","protected":false},"excerpt":{"rendered":"<p>Zalety produktu: rozwija kreatywno\u015b\u0107 dziecka, parking posiada efekty d\u017cwi\u0119kowe oraz \u015bwietlne. Aby utrzyma\u0107 \u0142ad i porz\u0105dek w mie\u015bcie Miasto musi posiada\u0107 du\u017co miejsca na kt\u00f3rym mog\u0105 parkowa\u0107 samochody. Gdzie je trzyma\u0107 Na specjalnym, dwupoziomowym parkingu od MEGA CREATIVE Parking posiada ruchom\u0105 platform\u0119 oraz tunel kt\u00f3rym samochody mog\u0105 swobodniej przemiesza\u0107 si\u0119 po parkingu posiada d\u017cwig kt\u00f3rym [&hellip;]<\/p>\n","protected":false},"featured_media":4590,"comment_status":"closed","ping_status":"open","template":"","meta":[],"product_cat":[53,64],"product_tag":[668,720,805],"class_list":["post-4589","product","type-product","status-publish","has-post-thumbnail","hentry","product_cat-kaciki-zabaw","product_cat-mega-creative","product_tag-atrakcje-dla-dzieci-wroclaw","product_tag-malowanki","product_tag-znaczenie-imienia-alan"],"_links":{"self":[{"href":"http:\/\/klubmamgdynia.pl\/index.php\/wp-json\/wp\/v2\/product\/4589","targetHints":{"allow":["GET"]}}],"collection":[{"href":"http:\/\/klubmamgdynia.pl\/index.php\/wp-json\/wp\/v2\/product"}],"about":[{"href":"http:\/\/klubmamgdynia.pl\/index.php\/wp-json\/wp\/v2\/types\/product"}],"replies":[{"embeddable":true,"href":"http:\/\/klubmamgdynia.pl\/index.php\/wp-json\/wp\/v2\/comments?post=4589"}],"wp:featuredmedia":[{"embeddable":true,"href":"http:\/\/klubmamgdynia.pl\/index.php\/wp-json\/wp\/v2\/media\/4590"}],"wp:attachment":[{"href":"http:\/\/klubmamgdynia.pl\/index.php\/wp-json\/wp\/v2\/media?parent=4589"}],"wp:term":[{"taxonomy":"product_cat","embeddable":true,"href":"http:\/\/klubmamgdynia.pl\/index.php\/wp-json\/wp\/v2\/product_cat?post=4589"},{"taxonomy":"product_tag","embeddable":true,"href":"http:\/\/klubmamgdynia.pl\/index.php\/wp-json\/wp\/v2\/product_tag?post=4589"}],"curies":[{"name":"wp","href":"https:\/\/api.w.org\/{rel}","templated":true}]}}