{"id":459,"date":"2024-01-01T12:40:05","date_gmt":"2024-01-01T11:40:05","guid":{"rendered":"http:\/\/klubmamgdynia.pl\/?post_type=product&#038;p=459"},"modified":"2026-04-29T18:24:02","modified_gmt":"2026-04-29T16:24:02","slug":"razbaby-gryzak-silikonowy-soczysta-malina-plus-blekitny","status":"publish","type":"product","link":"http:\/\/klubmamgdynia.pl\/index.php\/produkt\/razbaby-gryzak-silikonowy-soczysta-malina-plus-blekitny\/","title":{"rendered":"Razbaby Gryzak Silikonowy Soczysta Malina Plus B\u0142\u0119kitny"},"content":{"rendered":"<p>Silikonowy gryzak przypominaj\u0105cy kszta\u0142tem malin\u0119. Posiada zr\u00f3\u017cnicowane faktury, kt\u00f3re przynosz\u0105 ulg\u0119 z\u0105bkuj\u0105cemu maluchowi.Co wyr\u00f3\u017cnia Soczyst\u0105 Malin\u0119 spo\u015br\u00f3d innych gryzak\u00f3w?Ma oryginalny, otwarty kszta\u0142t i kolory, kt\u00f3re zaciekawi\u0105 maluszka i zach\u0119c\u0105 do wypr\u00f3bowania.Posiada opatentowane wypustki, kt\u00f3re \u0142agodz\u0105 opuchni\u0119te dzi\u0105s\u0142a dziecka i wyrzynaj\u0105ce si\u0119 z\u0105bki. To tak\u017ce doskona\u0142a tekstura do \u017cucia, idealna zar\u00f3wno dla przednich, jak i tylnych z\u0119b\u00f3w.Jest bezpieczna, gdy\u017c zosta\u0142a wykonana z nietoksycznego silikonu spo\u017cywczego, bez BPA, PVC, ftalan\u00f3w, o\u0142owiu i kadmu.Ma idealny rozmiar, dopasowany do ma\u0142ych r\u0105czek i u\u0142atwiaj\u0105cy chwytanie. Parametry techniczne:Materia\u0142 wykonania: silikon w 100%, wolny od BPA, PVC, ftalan\u00f3w, o\u0142owiu i kadmuWiek dziecka: od uko\u0144czenia 3. miesi\u0105ca \u017cycia  Ostrze\u017cenia (!)Przed pierwszym u\u017cyciem zamoczy\u0107 (nie gotowa\u0107) w gor\u0105cej wodzie na 5 minut, potem przela\u0107 zimn\u0105 wod\u0105 i wytrze\u0107 do sucha.Nie zaleca si\u0119 moczy\u0107 gryzaka w s\u0142odkich substancjach ze wzgl\u0119du na zagro\u017cenie pr\u00f3chnic\u0105.Kolory przedstawione na zdj\u0119ciach ze wzgl\u0119du na przekaz elektroniczny mog\u0105 nieznacznie r\u00f3\u017cni\u0107 si\u0119 od orygina\u0142u. Gryzak nie jest smoczkiem.<\/p>\n<h2>Razbaby Gryzak Silikonowy Soczysta Malina Plus B\u0142\u0119kitny Razbaby<\/h2>\n<p>znane misie z bajek, piosenka dla taty przedszkole, anio\u0142ki do druku, zagadki logiczne na inteligencj\u0119, prezent na roczek dziewczynka, hobbit, okolice wroc\u0142awia, kira imi\u0119, fajne zagadki, proste dekoracje bo\u017conarodzeniowe dla dzieci, dzie\u0144 pluszowego misia, zagadki o zwierz\u0119tach, gabriel, kolorowanki samochody, domki z rolek po papierze toaletowym, \u015bmieszne zagadki dla dzieci, kwiaty polne nazwy, tabliczka mno\u017cenia kolorowanki do wydruku, zaproszenia na urodziny do wydruku czarno bia\u0142e, cytaty o przyjazni<\/p>\n<p>yyyyy<\/p>\n<p>&nbsp;<\/p>\n","protected":false},"excerpt":{"rendered":"<p>Silikonowy gryzak przypominaj\u0105cy kszta\u0142tem malin\u0119. Posiada zr\u00f3\u017cnicowane faktury, kt\u00f3re przynosz\u0105 ulg\u0119 z\u0105bkuj\u0105cemu maluchowi.Co wyr\u00f3\u017cnia Soczyst\u0105 Malin\u0119 spo\u015br\u00f3d innych gryzak\u00f3w?Ma oryginalny, otwarty kszta\u0142t i kolory, kt\u00f3re zaciekawi\u0105 maluszka i zach\u0119c\u0105 do wypr\u00f3bowania.Posiada opatentowane wypustki, kt\u00f3re \u0142agodz\u0105 opuchni\u0119te dzi\u0105s\u0142a dziecka i wyrzynaj\u0105ce si\u0119 z\u0105bki. To tak\u017ce doskona\u0142a tekstura do \u017cucia, idealna zar\u00f3wno dla przednich, jak i tylnych [&hellip;]<\/p>\n","protected":false},"featured_media":460,"comment_status":"closed","ping_status":"open","template":"","meta":[],"product_cat":[63,181],"product_tag":[666,834,660,832,769,602,636],"class_list":["post-459","product","type-product","status-publish","has-post-thumbnail","hentry","product_cat-grzechotki-i-gryzaki","product_cat-razbaby","product_tag-afrykanskie-imiona","product_tag-bajka-do-czytania-na-dobranoc","product_tag-bianka","product_tag-desery-dla-dzieci","product_tag-psi-patrol-do-czytania","product_tag-quiz-o-zwierzetach-domowych","product_tag-teksty-kolysanek"],"_links":{"self":[{"href":"http:\/\/klubmamgdynia.pl\/index.php\/wp-json\/wp\/v2\/product\/459","targetHints":{"allow":["GET"]}}],"collection":[{"href":"http:\/\/klubmamgdynia.pl\/index.php\/wp-json\/wp\/v2\/product"}],"about":[{"href":"http:\/\/klubmamgdynia.pl\/index.php\/wp-json\/wp\/v2\/types\/product"}],"replies":[{"embeddable":true,"href":"http:\/\/klubmamgdynia.pl\/index.php\/wp-json\/wp\/v2\/comments?post=459"}],"wp:featuredmedia":[{"embeddable":true,"href":"http:\/\/klubmamgdynia.pl\/index.php\/wp-json\/wp\/v2\/media\/460"}],"wp:attachment":[{"href":"http:\/\/klubmamgdynia.pl\/index.php\/wp-json\/wp\/v2\/media?parent=459"}],"wp:term":[{"taxonomy":"product_cat","embeddable":true,"href":"http:\/\/klubmamgdynia.pl\/index.php\/wp-json\/wp\/v2\/product_cat?post=459"},{"taxonomy":"product_tag","embeddable":true,"href":"http:\/\/klubmamgdynia.pl\/index.php\/wp-json\/wp\/v2\/product_tag?post=459"}],"curies":[{"name":"wp","href":"https:\/\/api.w.org\/{rel}","templated":true}]}}