{"id":4591,"date":"2014-04-01T17:57:13","date_gmt":"2014-04-01T15:57:13","guid":{"rendered":"http:\/\/klubmamgdynia.pl\/index.php\/produkt\/ziololek-witamina-c-1000-mg-60-tabl\/"},"modified":"2026-05-01T00:36:29","modified_gmt":"2026-04-30T22:36:29","slug":"ziololek-witamina-c-1000-mg-60-tabl","status":"publish","type":"product","link":"http:\/\/klubmamgdynia.pl\/index.php\/produkt\/ziololek-witamina-c-1000-mg-60-tabl\/","title":{"rendered":"Zio\u0142olek Witamina C 1000 mg, 60 tabl."},"content":{"rendered":"<p>Witamina C 1000 mg \u2013 60 sztukWitamina C to suplement diety zawieraj\u0105cy dobrze przyswajaln\u0105 witamin\u0119 C. Wspiera uk\u0142ad odporno\u015bciowy i odpowiada za utrzymanie prawid\u0142owego metabolizmu energetycznego.Cechy produktu:Wspiera uk\u0142ad odporno\u015bciowyChroni kom\u00f3rki przed stresem oksydacyjnymUmo\u017cliwia produkcj\u0119 kolagenuWspiera utrzymanie prawid\u0142owego metabolizmu energetycznegoZmniejsza uczucie zm\u0119czenia1 tabletka to zalecana dzienna porcja<\/p>\n<h2>Zio\u0142olek Witamina C 1000 mg, 60 tabl. Zio\u0142olek<\/h2>\n<p>miasto dzieci, m\u0105dra my\u015bl na dobranoc, trudne zagadki na inteligencj\u0119, znaczenie imiona justyna, pieski ma\u0142e dwa tekst, piesek do kolorowania, kiedy dzieci chodza na halloween, zagadki s\u0142owne, prezenty roczek, kanapki dla dzieci<\/p>\n<p>yyyyy<\/p>\n<p>&nbsp;<\/p>\n","protected":false},"excerpt":{"rendered":"<p>Witamina C 1000 mg \u2013 60 sztukWitamina C to suplement diety zawieraj\u0105cy dobrze przyswajaln\u0105 witamin\u0119 C. Wspiera uk\u0142ad odporno\u015bciowy i odpowiada za utrzymanie prawid\u0142owego metabolizmu energetycznego.Cechy produktu:Wspiera uk\u0142ad odporno\u015bciowyChroni kom\u00f3rki przed stresem oksydacyjnymUmo\u017cliwia produkcj\u0119 kolagenuWspiera utrzymanie prawid\u0142owego metabolizmu energetycznegoZmniejsza uczucie zm\u0119czenia1 tabletka to zalecana dzienna porcja Zio\u0142olek Witamina C 1000 mg, 60 tabl. Zio\u0142olek miasto [&hellip;]<\/p>\n","protected":false},"featured_media":4592,"comment_status":"closed","ping_status":"open","template":"","meta":[],"product_cat":[187,1243],"product_tag":[829,865,788,615],"class_list":["post-4591","product","type-product","status-publish","has-post-thumbnail","hentry","product_cat-mineraly-i-witaminy","product_cat-ziololek","product_tag-bajki-do-czytania-na-dobranoc","product_tag-cytaty-o-dzieciach","product_tag-zagadki-krotkie","product_tag-znane-misie-z-filmow-animowanych"],"_links":{"self":[{"href":"http:\/\/klubmamgdynia.pl\/index.php\/wp-json\/wp\/v2\/product\/4591","targetHints":{"allow":["GET"]}}],"collection":[{"href":"http:\/\/klubmamgdynia.pl\/index.php\/wp-json\/wp\/v2\/product"}],"about":[{"href":"http:\/\/klubmamgdynia.pl\/index.php\/wp-json\/wp\/v2\/types\/product"}],"replies":[{"embeddable":true,"href":"http:\/\/klubmamgdynia.pl\/index.php\/wp-json\/wp\/v2\/comments?post=4591"}],"wp:featuredmedia":[{"embeddable":true,"href":"http:\/\/klubmamgdynia.pl\/index.php\/wp-json\/wp\/v2\/media\/4592"}],"wp:attachment":[{"href":"http:\/\/klubmamgdynia.pl\/index.php\/wp-json\/wp\/v2\/media?parent=4591"}],"wp:term":[{"taxonomy":"product_cat","embeddable":true,"href":"http:\/\/klubmamgdynia.pl\/index.php\/wp-json\/wp\/v2\/product_cat?post=4591"},{"taxonomy":"product_tag","embeddable":true,"href":"http:\/\/klubmamgdynia.pl\/index.php\/wp-json\/wp\/v2\/product_tag?post=4591"}],"curies":[{"name":"wp","href":"https:\/\/api.w.org\/{rel}","templated":true}]}}