{"id":4593,"date":"2016-07-03T08:02:09","date_gmt":"2016-07-03T06:02:09","guid":{"rendered":"http:\/\/klubmamgdynia.pl\/index.php\/produkt\/pulio-pamietnik-z-akcesoriami-w-walizce-pecoware-przyjaciolki\/"},"modified":"2026-04-06T08:25:03","modified_gmt":"2026-04-06T06:25:03","slug":"pulio-pamietnik-z-akcesoriami-w-walizce-pecoware-przyjaciolki","status":"publish","type":"product","link":"http:\/\/klubmamgdynia.pl\/index.php\/produkt\/pulio-pamietnik-z-akcesoriami-w-walizce-pecoware-przyjaciolki\/","title":{"rendered":"Pulio Pami\u0119tnik Z Akcesoriami W Walizce Pecoware Przyjaci\u00f3\u0142ki"},"content":{"rendered":"<p>Pami\u0119tnik z akcesoriami \u2013 przyjaci\u00f3\u0142kiPecoware 542BFFNZestaw zawiera:ma\u0142y pami\u0119tnik na spirali z kolorowymi kartkami,d\u0142ugopis w 4 kolorach,naklejki 3D,kolorowe, papierowe spinacze,naklejki z literami alfabetu,naklejki z obrazkami.Ok\u0142adka pami\u0119tnika i naklejki 3D ozdobione s\u0105 brokatem.Zestaw zapakowany jest w przezroczyste opakowanie z uchwytem.Wiek: 3+.Wymiary pami\u0119tnika 10,5 x 13,5 cmWymiary opakowania: 24,5 x 23 cm<\/p>\n<h2>Pulio Pami\u0119tnik Z Akcesoriami W Walizce Pecoware Przyjaci\u00f3\u0142ki Pulio<\/h2>\n<p>zagadki o wiosnie, pomysly na prima aprilis, znaczenie imiona dawid, \u017cyczenia wielkanocne dla dzieci kr\u00f3tkie, dyplomy do druku, postacie z bajek kolorowanki, imi\u0119 alan, literki do druku, t\u0119cza kolorowanka, znaczenie imienia paula, karty pracy dla dzieci z ukrainy pdf, jesienne zagadki, dyplomy do druku, atrakcje dla dzieci warszawa i okolice<\/p>\n<p>yyyyy<\/p>\n<p>&nbsp;<\/p>\n","protected":false},"excerpt":{"rendered":"<p>Pami\u0119tnik z akcesoriami \u2013 przyjaci\u00f3\u0142kiPecoware 542BFFNZestaw zawiera:ma\u0142y pami\u0119tnik na spirali z kolorowymi kartkami,d\u0142ugopis w 4 kolorach,naklejki 3D,kolorowe, papierowe spinacze,naklejki z literami alfabetu,naklejki z obrazkami.Ok\u0142adka pami\u0119tnika i naklejki 3D ozdobione s\u0105 brokatem.Zestaw zapakowany jest w przezroczyste opakowanie z uchwytem.Wiek: 3+.Wymiary pami\u0119tnika 10,5 x 13,5 cmWymiary opakowania: 24,5 x 23 cm Pulio Pami\u0119tnik Z Akcesoriami W Walizce [&hellip;]<\/p>\n","protected":false},"featured_media":4594,"comment_status":"closed","ping_status":"open","template":"","meta":[],"product_cat":[1242,325],"product_tag":[673,806,692,661],"class_list":["post-4593","product","type-product","status-publish","has-post-thumbnail","hentry","product_cat-pulio","product_cat-szkolne-artykuly-papiernicze","product_tag-juz-blisko-koleda-tekst","product_tag-prezent-dla-dziecka-na-roczek","product_tag-prezenty-na-roczek","product_tag-swinka-peppa-kolorowanka"],"_links":{"self":[{"href":"http:\/\/klubmamgdynia.pl\/index.php\/wp-json\/wp\/v2\/product\/4593","targetHints":{"allow":["GET"]}}],"collection":[{"href":"http:\/\/klubmamgdynia.pl\/index.php\/wp-json\/wp\/v2\/product"}],"about":[{"href":"http:\/\/klubmamgdynia.pl\/index.php\/wp-json\/wp\/v2\/types\/product"}],"replies":[{"embeddable":true,"href":"http:\/\/klubmamgdynia.pl\/index.php\/wp-json\/wp\/v2\/comments?post=4593"}],"wp:featuredmedia":[{"embeddable":true,"href":"http:\/\/klubmamgdynia.pl\/index.php\/wp-json\/wp\/v2\/media\/4594"}],"wp:attachment":[{"href":"http:\/\/klubmamgdynia.pl\/index.php\/wp-json\/wp\/v2\/media?parent=4593"}],"wp:term":[{"taxonomy":"product_cat","embeddable":true,"href":"http:\/\/klubmamgdynia.pl\/index.php\/wp-json\/wp\/v2\/product_cat?post=4593"},{"taxonomy":"product_tag","embeddable":true,"href":"http:\/\/klubmamgdynia.pl\/index.php\/wp-json\/wp\/v2\/product_tag?post=4593"}],"curies":[{"name":"wp","href":"https:\/\/api.w.org\/{rel}","templated":true}]}}