{"id":4595,"date":"2020-07-13T16:06:45","date_gmt":"2020-07-13T14:06:45","guid":{"rendered":"http:\/\/klubmamgdynia.pl\/index.php\/produkt\/neno-vera\/"},"modified":"2026-04-06T12:37:55","modified_gmt":"2026-04-06T10:37:55","slug":"neno-vera","status":"publish","type":"product","link":"http:\/\/klubmamgdynia.pl\/index.php\/produkt\/neno-vera\/","title":{"rendered":"NENO VERA"},"content":{"rendered":"<p>Neno Vera to bezprzewodowa niania elektroniczna, sk\u0142adaj\u0105ca si\u0119 z kamerki i odbiornika. Kamer\u0119 wystarczy umie\u015bci\u0107 w pomieszczeniu, kt\u00f3re chcesz monitorowa\u0107, za\u015b odbiornik dzia\u0142aj\u0105cy w zasi\u0119gu pracy urz\u0105dzenia, mo\u017cesz mie\u0107 zawsze przy sobie.<\/p>\n<h2>NENO VERA Neno<\/h2>\n<p>podzi\u0119kowania dla nauczyciela cytaty, jazda konna dla dzieci, wy\u015bcig but\u00f3w, karaluchy pod poduchy, nauka zegara<\/p>\n<p>yyyyy<\/p>\n<p>&nbsp;<\/p>\n","protected":false},"excerpt":{"rendered":"<p>Neno Vera to bezprzewodowa niania elektroniczna, sk\u0142adaj\u0105ca si\u0119 z kamerki i odbiornika. Kamer\u0119 wystarczy umie\u015bci\u0107 w pomieszczeniu, kt\u00f3re chcesz monitorowa\u0107, za\u015b odbiornik dzia\u0142aj\u0105cy w zasi\u0119gu pracy urz\u0105dzenia, mo\u017cesz mie\u0107 zawsze przy sobie. NENO VERA Neno podzi\u0119kowania dla nauczyciela cytaty, jazda konna dla dzieci, wy\u015bcig but\u00f3w, karaluchy pod poduchy, nauka zegara yyyyy &nbsp;<\/p>\n","protected":false},"featured_media":4596,"comment_status":"closed","ping_status":"open","template":"","meta":[],"product_cat":[1244,899],"product_tag":[716,723,855,735,799],"class_list":["post-4595","product","type-product","status-publish","has-post-thumbnail","hentry","product_cat-neno","product_cat-nianie-elektroniczne-i-monitory-oddechu","product_tag-filmy-animowane-o-swietach","product_tag-krotkie-bajki-do-czytania-na-dobranoc","product_tag-nietypowe-imiona-zenskie","product_tag-prezent-na-roczek-dziewczynka","product_tag-zagadka-logiczna"],"_links":{"self":[{"href":"http:\/\/klubmamgdynia.pl\/index.php\/wp-json\/wp\/v2\/product\/4595","targetHints":{"allow":["GET"]}}],"collection":[{"href":"http:\/\/klubmamgdynia.pl\/index.php\/wp-json\/wp\/v2\/product"}],"about":[{"href":"http:\/\/klubmamgdynia.pl\/index.php\/wp-json\/wp\/v2\/types\/product"}],"replies":[{"embeddable":true,"href":"http:\/\/klubmamgdynia.pl\/index.php\/wp-json\/wp\/v2\/comments?post=4595"}],"wp:featuredmedia":[{"embeddable":true,"href":"http:\/\/klubmamgdynia.pl\/index.php\/wp-json\/wp\/v2\/media\/4596"}],"wp:attachment":[{"href":"http:\/\/klubmamgdynia.pl\/index.php\/wp-json\/wp\/v2\/media?parent=4595"}],"wp:term":[{"taxonomy":"product_cat","embeddable":true,"href":"http:\/\/klubmamgdynia.pl\/index.php\/wp-json\/wp\/v2\/product_cat?post=4595"},{"taxonomy":"product_tag","embeddable":true,"href":"http:\/\/klubmamgdynia.pl\/index.php\/wp-json\/wp\/v2\/product_tag?post=4595"}],"curies":[{"name":"wp","href":"https:\/\/api.w.org\/{rel}","templated":true}]}}