{"id":4597,"date":"2014-06-28T05:37:41","date_gmt":"2014-06-28T03:37:41","guid":{"rendered":"http:\/\/klubmamgdynia.pl\/index.php\/produkt\/fotelik-samochodowy-britax-romer-dualfix-m-size-space-black-obrotowy-fotelik-61-105cm\/"},"modified":"2026-04-05T23:43:54","modified_gmt":"2026-04-05T21:43:54","slug":"fotelik-samochodowy-britax-romer-dualfix-m-size-space-black-obrotowy-fotelik-61-105cm","status":"publish","type":"product","link":"http:\/\/klubmamgdynia.pl\/index.php\/produkt\/fotelik-samochodowy-britax-romer-dualfix-m-size-space-black-obrotowy-fotelik-61-105cm\/","title":{"rendered":"Fotelik samochodowy Britax Romer Dualfix M Size Space Black Obrotowy Fotelik 61 105Cm"},"content":{"rendered":"<p>Britax Dualfix M I-Size to bezpieczny i komfortowy fotelik obrotowy dla dzieci w kategorii wagowej 0-18 kg (od oko\u0142o 9 m-c do 4 lat). Mo\u017cliwo\u015b\u0107 obrotu o 360 stopni, kt\u00f3ra pozwala na \u0142atwe posadzenie i zapi\u0119cie dziecka w foteliku to niesamowita sprawa.<\/p>\n<h2>Fotelik samochodowy Britax Romer Dualfix M Size Space Black Obrotowy Fotelik 61 105Cm Britax &amp; Romer<\/h2>\n<p>\u015bwi\u0119ta wielkanocne piosenka tekst, piosenka na dzie\u0144 mamy tekst, akademia pana kleksa &#8211; test z odpowiedziami do druku, zagadki wielkanocne przedszkole, dyplomy dla przedszkolak\u00f3w do wydrukowania, menu na urodziny dziecka, drzewo genealogiczne do druku, opis do zdj\u0119cia z dzieckiem, kreatywne zabawy dla 10 latka, literki do druku, alfons, quiz bo\u017ce narodzenie, \u0142\u00f3d\u017a atrakcje dla dzieci, filmy animowane o \u015bwi\u0119tach, mini zoo warszawa, gwiazdka do druku, 20 pytania do lektury ma\u0142y ksi\u0105\u017c\u0119<\/p>\n<p>yyyyy<\/p>\n<p>&nbsp;<\/p>\n","protected":false},"excerpt":{"rendered":"<p>Britax Dualfix M I-Size to bezpieczny i komfortowy fotelik obrotowy dla dzieci w kategorii wagowej 0-18 kg (od oko\u0142o 9 m-c do 4 lat). Mo\u017cliwo\u015b\u0107 obrotu o 360 stopni, kt\u00f3ra pozwala na \u0142atwe posadzenie i zapi\u0119cie dziecka w foteliku to niesamowita sprawa. Fotelik samochodowy Britax Romer Dualfix M Size Space Black Obrotowy Fotelik 61 105Cm [&hellip;]<\/p>\n","protected":false},"featured_media":4598,"comment_status":"closed","ping_status":"open","template":"","meta":[],"product_cat":[116,32],"product_tag":[666,594,806],"class_list":["post-4597","product","type-product","status-publish","has-post-thumbnail","hentry","product_cat-britax-romer","product_cat-foteliki-samochodowe","product_tag-afrykanskie-imiona","product_tag-podchwytliwe-zagadki-dla-dzieci","product_tag-prezent-dla-dziecka-na-roczek"],"_links":{"self":[{"href":"http:\/\/klubmamgdynia.pl\/index.php\/wp-json\/wp\/v2\/product\/4597","targetHints":{"allow":["GET"]}}],"collection":[{"href":"http:\/\/klubmamgdynia.pl\/index.php\/wp-json\/wp\/v2\/product"}],"about":[{"href":"http:\/\/klubmamgdynia.pl\/index.php\/wp-json\/wp\/v2\/types\/product"}],"replies":[{"embeddable":true,"href":"http:\/\/klubmamgdynia.pl\/index.php\/wp-json\/wp\/v2\/comments?post=4597"}],"wp:featuredmedia":[{"embeddable":true,"href":"http:\/\/klubmamgdynia.pl\/index.php\/wp-json\/wp\/v2\/media\/4598"}],"wp:attachment":[{"href":"http:\/\/klubmamgdynia.pl\/index.php\/wp-json\/wp\/v2\/media?parent=4597"}],"wp:term":[{"taxonomy":"product_cat","embeddable":true,"href":"http:\/\/klubmamgdynia.pl\/index.php\/wp-json\/wp\/v2\/product_cat?post=4597"},{"taxonomy":"product_tag","embeddable":true,"href":"http:\/\/klubmamgdynia.pl\/index.php\/wp-json\/wp\/v2\/product_tag?post=4597"}],"curies":[{"name":"wp","href":"https:\/\/api.w.org\/{rel}","templated":true}]}}