{"id":4599,"date":"2014-12-05T13:31:26","date_gmt":"2014-12-05T12:31:26","guid":{"rendered":"http:\/\/klubmamgdynia.pl\/index.php\/produkt\/fotelik-samochodowy-peg-perego-primo-viaggio-lounge-moon-stone-fotelik-z-baza-i-size-black\/"},"modified":"2026-04-20T12:03:13","modified_gmt":"2026-04-20T10:03:13","slug":"fotelik-samochodowy-peg-perego-primo-viaggio-lounge-moon-stone-fotelik-z-baza-i-size-black","status":"publish","type":"product","link":"http:\/\/klubmamgdynia.pl\/index.php\/produkt\/fotelik-samochodowy-peg-perego-primo-viaggio-lounge-moon-stone-fotelik-z-baza-i-size-black\/","title":{"rendered":"Fotelik samochodowy Peg Perego Primo Viaggio Lounge Moon Stone Fotelik Z Baz\u0105 I-Size Black"},"content":{"rendered":"<p>Fotelik dla niemowl\u0105t Primo Viaggio Lounge z funkcj\u0105 odchylania jest odpowiedni dla dzieci o wzro\u015bcie do 87 cm lub do 15 miesi\u0105ca \u017cycia i wraz z baz\u0105 i-Size spe\u0142nia now\u0105 norm\u0119 i-Size . Wygodne siedzisko z reduktorem mo\u017cna indywidualnie dopasowa\u0107 do dziecka. Dzi\u0119ki regulowanemu oparciu, dziecko mo\u017ce by\u0107 przewo\u017cone w samochodzie w pozycji le\u017c\u0105cej. Chroni to plecy i sprzyja ergonomicznej pozycji le\u017c\u0105cej dziecka. Regulowana ochrona przed uderzeniami bocznymi zapewnia maksymalne bezpiecze\u0144stwo podczas jazdy. Fotelik mo\u017ce by\u0107 u\u017cywany z baz\u0105 Isofix lub z 3-punktowym pasem bezpiecze\u0144stwa pojazdu, dzi\u0119ki czemu jest elastyczny. Noside\u0142ko dla niemowl\u0105t mo\u017cna wygodnie umie\u015bci\u0107 na obecnych stela\u017cach Peg Perego bez adaptera. Szczeg\u00f3\u0142y produktu: Fotelik dla dziecka Mo\u017ce by\u0107 u\u017cywany od urodzenia do 87 cm wzrostu dziecka lub do 15 miesi\u0105ca \u017cycia. Z baz\u0105 i-Size (sprzedawan\u0105 oddzielnie), fotelik samochodowy jest zgodny z norm\u0105 i-Size i jest przymocowany do urz\u0105dze\u0144 Isofix samochodu. ty\u0142em do kierunku jazdy Oparcie mo\u017cna opu\u015bci\u0107 do trzech r\u00f3\u017cnych pozycji, aby dziecko mog\u0142o przyj\u0105\u0107 wygodn\u0105 pozycj\u0119 le\u017c\u0105c\u0105 (tylko w po\u0142\u0105czeniu z baz\u0105 i-Size ) Obszerne i mi\u0119kko wy\u015bcie\u0142ane siedzisko\/le\u017canka, ergonomicznie zaprojektowane Rozk\u0142adany daszek przeciws\u0142oneczny o wsp\u00f3\u0142czynniku ochrony przeciws\u0142onecznej UPF 50+, kt\u00f3ry ca\u0142kowicie chroni dziecko przed s\u0142o\u0144cem i wiatrem 6-stopniowa regulacja ochrony przed uderzeniami bocznymi, kt\u00f3r\u0105 mo\u017cna indywidualnie dopasowa\u0107 do dziecka Ochronny i ergonomiczny reduktor siedziska do stosowania od urodzenia, mo\u017cna go zdj\u0105\u0107, gdy dziecko osi\u0105gnie odpowiedni rozmiar Praktyczny napinacz pasa z przodu noside\u0142ka dla niemowl\u0105t Ochraniacze na ramiona i ochraniacze krocza Noside\u0142ko dla niemowl\u0105t mo\u017ce by\u0107 r\u00f3wnie\u017c u\u017cywane z 3-punktowym pasem bezpiecze\u0144stwa w samochodzie, je\u017celi nie s\u0105 dost\u0119pne urz\u0105dzenia Isofix. Obrotowy uchwyt do przenoszenia Poduszki kinetyczne: chroni\u0105 dziecko i poch\u0142aniaj\u0105 si\u0142y powsta\u0142e w wyniku zderzenia bocznego Klips do pasa utrzymuje go bezpiecznie na miejscu mo\u017cna u\u017cywa\u0107 w samolocie i-Size baza Noga podporowa z regulacj\u0105 wysoko\u015bci Isofix mo\u017cna regulowa\u0107 pod wzgl\u0119dem d\u0142ugo\u015bci i dostosowa\u0107, aby u\u0142atwi\u0107 monta\u017c w samochodzie Lampki kontrolne do sprawdzenia, czy podstawa jest prawid\u0142owo zamontowana baza jest zatwierdzona zar\u00f3wno dla fotelika Primo Viaggio i-Size jak i FF105, wi\u0119c baza mo\u017ce by\u0107 u\u017cywana dla obu fotelik\u00f3w z kolejnych grup. Mo\u017cliwo\u015b\u0107 zamocowania na sta\u0142e w samochodach z urz\u0105dzeniem Isofix bez pasa bezpiecze\u0144stwa Testowane zgodnie z ECE R44\/04 Kompatybilny z: Book (bez adaptera) GT4 (bez adaptera) Ypsi (z adapterem) Veloce (z adapterem ) Adapter nie jest uwzgl\u0119dniony Dane techniczne: Wymiary fotelika (d\u0142ugo\u015b\u0107 x szeroko\u015b\u0107 x wysoko\u015b\u0107): 44 x 62 x 67 cm. I-Size Wymiary bazy(d\u0142ugo\u015b\u0107 x szeroko\u015b\u0107 x wysoko\u015b\u0107): 58 x 35 x 14 cm D\u0142ugo\u015b\u0107 pozycji le\u017c\u0105cej: 74 cm Waga fotelika dzieci\u0119cego: 5,5 kg I-Size Waga fotelika dzieci\u0119cego: 5 kg Pokrowiec zdejmowany, mo\u017cna pra\u0107 r\u0119cznie w temperaturze maksymalnie 30\u00b0C Specyfikacja materia\u0142u: 100 % poliester W zestawie: Fotelik dzieci\u0119cy z funkcj\u0105 le\u017cenia do 87 cm \/ 15 miesi\u0119cy Powi\u0119kszany daszek I-Size baza Regulowany uchwyt do przenoszenia<\/p>\n<h2>Fotelik samochodowy Peg Perego Primo Viaggio Lounge Moon Stone Fotelik Z Baz\u0105 I-Size Black <\/h2>\n<p>karaluchy pod poduchy a szczypawki, impreza halloween 2021 dla dzieci, pomys\u0142y na prima aprilis w szkole, sentencje ma\u0142y ksi\u0105\u017ce cytaty, kolorowanki dla dziewczynek 10 lat, zagadka, cytaty o dziecku, kolorowanka harry potter, irma, zagadki dla dzieci<\/p>\n<p>yyyyy<\/p>\n<p>&nbsp;<\/p>\n","protected":false},"excerpt":{"rendered":"<p>Fotelik dla niemowl\u0105t Primo Viaggio Lounge z funkcj\u0105 odchylania jest odpowiedni dla dzieci o wzro\u015bcie do 87 cm lub do 15 miesi\u0105ca \u017cycia i wraz z baz\u0105 i-Size spe\u0142nia now\u0105 norm\u0119 i-Size . Wygodne siedzisko z reduktorem mo\u017cna indywidualnie dopasowa\u0107 do dziecka. Dzi\u0119ki regulowanemu oparciu, dziecko mo\u017ce by\u0107 przewo\u017cone w samochodzie w pozycji le\u017c\u0105cej. Chroni [&hellip;]<\/p>\n","protected":false},"featured_media":4600,"comment_status":"closed","ping_status":"open","template":"","meta":[],"product_cat":[32],"product_tag":[754,789,677,787,576],"class_list":["post-4599","product","type-product","status-publish","has-post-thumbnail","hentry","product_cat-foteliki-samochodowe","product_tag-dyplomy-do-wydrukowania-a4","product_tag-kaczuszka","product_tag-milosz-imie","product_tag-nauka-pisania-wyrazow-dla-dzieci-do-druku-pdf","product_tag-trudne-zagadki"],"_links":{"self":[{"href":"http:\/\/klubmamgdynia.pl\/index.php\/wp-json\/wp\/v2\/product\/4599","targetHints":{"allow":["GET"]}}],"collection":[{"href":"http:\/\/klubmamgdynia.pl\/index.php\/wp-json\/wp\/v2\/product"}],"about":[{"href":"http:\/\/klubmamgdynia.pl\/index.php\/wp-json\/wp\/v2\/types\/product"}],"replies":[{"embeddable":true,"href":"http:\/\/klubmamgdynia.pl\/index.php\/wp-json\/wp\/v2\/comments?post=4599"}],"wp:featuredmedia":[{"embeddable":true,"href":"http:\/\/klubmamgdynia.pl\/index.php\/wp-json\/wp\/v2\/media\/4600"}],"wp:attachment":[{"href":"http:\/\/klubmamgdynia.pl\/index.php\/wp-json\/wp\/v2\/media?parent=4599"}],"wp:term":[{"taxonomy":"product_cat","embeddable":true,"href":"http:\/\/klubmamgdynia.pl\/index.php\/wp-json\/wp\/v2\/product_cat?post=4599"},{"taxonomy":"product_tag","embeddable":true,"href":"http:\/\/klubmamgdynia.pl\/index.php\/wp-json\/wp\/v2\/product_tag?post=4599"}],"curies":[{"name":"wp","href":"https:\/\/api.w.org\/{rel}","templated":true}]}}