{"id":46,"date":"2018-12-24T02:46:50","date_gmt":"2018-12-24T01:46:50","guid":{"rendered":"http:\/\/klubmamgdynia.pl\/index.php\/produkt\/infantino-elektroniczny-skladany-telefon-komorkowy\/"},"modified":"2026-04-18T22:59:38","modified_gmt":"2026-04-18T20:59:38","slug":"infantino-elektroniczny-skladany-telefon-komorkowy","status":"publish","type":"product","link":"http:\/\/klubmamgdynia.pl\/index.php\/produkt\/infantino-elektroniczny-skladany-telefon-komorkowy\/","title":{"rendered":"Infantino Elektroniczny Sk\u0142adany Telefon Kom\u00f3rkowy"},"content":{"rendered":"<p>Infantino Flip and Peek Fun Phone dzwoni do wszystkich dzieci! Twoje dziecko b\u0119dzie uwielbia\u0142o udawa\u0107, \u017ce rozmawia przez telefon, s\u0142uchaj\u0105c d\u017awi\u0119k\u00f3w lsute. Ma\u0142e r\u0105czki \u0142atwo chwytaj\u0105, a przyciski s\u0105 \u0142atwe do wci\u015bni\u0119cia. Opr\u00f3cz d\u017awi\u0119k\u00f3w i melodii, w flip-teonie znajduje si\u0119 r\u00f3wnie\u017c lusterko do zabawy selfies! Szczeg\u00f3\u0142y produktu: Materia\u0142: Tworzywo sztuczne wolne od BPA D\u017awi\u0119ki i melodie Promuje postrzeganie Wiek: od 3 miesi\u0119cy<\/p>\n<h2>Infantino Elektroniczny Sk\u0142adany Telefon Kom\u00f3rkowy Infantino<\/h2>\n<p>kiedy dzieci chodz\u0105 na halloween, quiz o bo\u017cym narodzeniu, imie paula, bajka dla dzieci do czytania, zagadki co to jest, u\u015bmiech dziecka wiersz, znaki drogowe test, ma\u0142y ksi\u0105\u017c\u0119 cytaty, jacek, ozdoby na choinke przedszkole, karmen imie, co dla rocznego dziecka, opis na dzie\u0144 mamy, atrakcje dla dzieci w warszawie dzi\u015b, listy do \u015bwi\u0119tego miko\u0142aja, smok wawelski kolorowanka, ewelina, lukrecja imie<\/p>\n<p>yyyyy<\/p>\n<p>&nbsp;<\/p>\n","protected":false},"excerpt":{"rendered":"<p>Infantino Flip and Peek Fun Phone dzwoni do wszystkich dzieci! Twoje dziecko b\u0119dzie uwielbia\u0142o udawa\u0107, \u017ce rozmawia przez telefon, s\u0142uchaj\u0105c d\u017awi\u0119k\u00f3w lsute. Ma\u0142e r\u0105czki \u0142atwo chwytaj\u0105, a przyciski s\u0105 \u0142atwe do wci\u015bni\u0119cia. Opr\u00f3cz d\u017awi\u0119k\u00f3w i melodii, w flip-teonie znajduje si\u0119 r\u00f3wnie\u017c lusterko do zabawy selfies! Szczeg\u00f3\u0142y produktu: Materia\u0142: Tworzywo sztuczne wolne od BPA D\u017awi\u0119ki i [&hellip;]<\/p>\n","protected":false},"featured_media":47,"comment_status":"closed","ping_status":"open","template":"","meta":[],"product_cat":[38,39],"product_tag":[680,719,639,606,857],"class_list":["post-46","product","type-product","status-publish","has-post-thumbnail","hentry","product_cat-infantino","product_cat-zabawki-interaktywne","product_tag-cytaty-z-malego-ksiecia","product_tag-dziecko-cytaty-zlote-mysli","product_tag-nela-imie","product_tag-stala-pod-sniegiem","product_tag-zagadki-dla-dzieci-7-8-lat"],"_links":{"self":[{"href":"http:\/\/klubmamgdynia.pl\/index.php\/wp-json\/wp\/v2\/product\/46","targetHints":{"allow":["GET"]}}],"collection":[{"href":"http:\/\/klubmamgdynia.pl\/index.php\/wp-json\/wp\/v2\/product"}],"about":[{"href":"http:\/\/klubmamgdynia.pl\/index.php\/wp-json\/wp\/v2\/types\/product"}],"replies":[{"embeddable":true,"href":"http:\/\/klubmamgdynia.pl\/index.php\/wp-json\/wp\/v2\/comments?post=46"}],"wp:featuredmedia":[{"embeddable":true,"href":"http:\/\/klubmamgdynia.pl\/index.php\/wp-json\/wp\/v2\/media\/47"}],"wp:attachment":[{"href":"http:\/\/klubmamgdynia.pl\/index.php\/wp-json\/wp\/v2\/media?parent=46"}],"wp:term":[{"taxonomy":"product_cat","embeddable":true,"href":"http:\/\/klubmamgdynia.pl\/index.php\/wp-json\/wp\/v2\/product_cat?post=46"},{"taxonomy":"product_tag","embeddable":true,"href":"http:\/\/klubmamgdynia.pl\/index.php\/wp-json\/wp\/v2\/product_tag?post=46"}],"curies":[{"name":"wp","href":"https:\/\/api.w.org\/{rel}","templated":true}]}}