{"id":4601,"date":"2012-12-04T18:30:50","date_gmt":"2012-12-04T17:30:50","guid":{"rendered":"http:\/\/klubmamgdynia.pl\/index.php\/produkt\/swede-czolg-sterowany-pilotem\/"},"modified":"2026-04-29T13:21:06","modified_gmt":"2026-04-29T11:21:06","slug":"swede-czolg-sterowany-pilotem","status":"publish","type":"product","link":"http:\/\/klubmamgdynia.pl\/index.php\/produkt\/swede-czolg-sterowany-pilotem\/","title":{"rendered":"Swede Czo\u0142g Sterowany Pilotem"},"content":{"rendered":"<p>Czo\u0142g sterowany radiowo Pe\u0142en zakres jazdy \u015awiat\u0142o D\u017awi\u0119k Ruchome elementy Zasi\u0119g 10 m R\u00f3\u017cne wzory. Produkt wysy\u0142any losowo, brak mo\u017cliwo\u015bci wyboru konkretnego modelu. Cena dotyczy 1szt.<\/p>\n<h2>Swede Czo\u0142g Sterowany Pilotem Swede<\/h2>\n<p>aurora imi\u0119, nietypowe atrakcje dla dzieci, pomys\u0142y na prezent na roczek, test ze znak\u00f3w drogowych, domki nad morzem z atrakcjami dla dzieci, miko\u0142ajek sprawdzian z lektury z odpowiedziami, test z lektury kajko i kokosz szko\u0142a latania, miriam imi\u0119, trudne zadania matematyczne, koty kolorowanki<\/p>\n<p>yyyyy<\/p>\n<p>&nbsp;<\/p>\n","protected":false},"excerpt":{"rendered":"<p>Czo\u0142g sterowany radiowo Pe\u0142en zakres jazdy \u015awiat\u0142o D\u017awi\u0119k Ruchome elementy Zasi\u0119g 10 m R\u00f3\u017cne wzory. Produkt wysy\u0142any losowo, brak mo\u017cliwo\u015bci wyboru konkretnego modelu. Cena dotyczy 1szt. Swede Czo\u0142g Sterowany Pilotem Swede aurora imi\u0119, nietypowe atrakcje dla dzieci, pomys\u0142y na prezent na roczek, test ze znak\u00f3w drogowych, domki nad morzem z atrakcjami dla dzieci, miko\u0142ajek sprawdzian [&hellip;]<\/p>\n","protected":false},"featured_media":4602,"comment_status":"closed","ping_status":"open","template":"","meta":[],"product_cat":[83,171],"product_tag":[716,855,783,620,587,694],"class_list":["post-4601","product","type-product","status-publish","has-post-thumbnail","hentry","product_cat-auta-i-inne-pojazdy-do-zabawy","product_cat-swede","product_tag-filmy-animowane-o-swietach","product_tag-nietypowe-imiona-zenskie","product_tag-prezenty-na-roczek-dla-chlopca","product_tag-quiz-opowiesci-z-narnii","product_tag-skalne-miasto","product_tag-zagadki-swiateczne-dla-dzieci"],"_links":{"self":[{"href":"http:\/\/klubmamgdynia.pl\/index.php\/wp-json\/wp\/v2\/product\/4601","targetHints":{"allow":["GET"]}}],"collection":[{"href":"http:\/\/klubmamgdynia.pl\/index.php\/wp-json\/wp\/v2\/product"}],"about":[{"href":"http:\/\/klubmamgdynia.pl\/index.php\/wp-json\/wp\/v2\/types\/product"}],"replies":[{"embeddable":true,"href":"http:\/\/klubmamgdynia.pl\/index.php\/wp-json\/wp\/v2\/comments?post=4601"}],"wp:featuredmedia":[{"embeddable":true,"href":"http:\/\/klubmamgdynia.pl\/index.php\/wp-json\/wp\/v2\/media\/4602"}],"wp:attachment":[{"href":"http:\/\/klubmamgdynia.pl\/index.php\/wp-json\/wp\/v2\/media?parent=4601"}],"wp:term":[{"taxonomy":"product_cat","embeddable":true,"href":"http:\/\/klubmamgdynia.pl\/index.php\/wp-json\/wp\/v2\/product_cat?post=4601"},{"taxonomy":"product_tag","embeddable":true,"href":"http:\/\/klubmamgdynia.pl\/index.php\/wp-json\/wp\/v2\/product_tag?post=4601"}],"curies":[{"name":"wp","href":"https:\/\/api.w.org\/{rel}","templated":true}]}}