{"id":4603,"date":"2020-02-22T15:40:57","date_gmt":"2020-02-22T14:40:57","guid":{"rendered":"http:\/\/klubmamgdynia.pl\/index.php\/produkt\/fotelik-samochodowy-chicco-seat3fit-i-size-india-ink-0-25kg\/"},"modified":"2026-05-17T23:07:38","modified_gmt":"2026-05-17T21:07:38","slug":"fotelik-samochodowy-chicco-seat3fit-i-size-india-ink-0-25kg","status":"publish","type":"product","link":"http:\/\/klubmamgdynia.pl\/index.php\/produkt\/fotelik-samochodowy-chicco-seat3fit-i-size-india-ink-0-25kg\/","title":{"rendered":"Fotelik samochodowy Chicco Seat3Fit I-Size India Ink 0-25Kg"},"content":{"rendered":"<p>Fotelik Seat3Fit I-Size Chicco to innowacyjny fotelik samochodowy, kt\u00f3ry dzi\u0119ki zastosowaniu nowoczesnych rozwi\u0105za\u0144 stanie si\u0119 idealnym towarzyszem bezpiecznej podr\u00f3\u017cy. Komfort i wygod\u0119 u\u017cytkowania zapewni system Isofix ze sk\u0142adan\u0105 nog\u0105 wspieraj\u0105c\u0105 oraz mo\u017cliwo\u015b\u0107 wykonania pe\u0142nego obrotu o 360 stopni.FOTELIK 3W1Seat3Fit I-Size Chicco nad\u0105\u017ca za Twoim dzieckiem. Dzi\u0119ki pe\u0142nej regulacji komponent\u00f3w dopasujesz fotelik tak, jak potrzebujesz a\u017c do uko\u0144czenia przez malucha 7. roku \u017cycia.PE\u0141NY OBR\u00d3T O 360 STOPNIFotelik Seat3Fit I-Size posiada funkcj\u0119 obrotu o 360 stopni, co umo\u017cliwi Ci ustawienie dziecka w ergonomicznej pozycji podczas przypinania go lub wyjmowania z pojazdu. Pe\u0142ny 360-stopniowy obr\u00f3t wykonasz niezwykle prosto i szybko przy pomocy zaledwie jednej r\u0119ki.OZNAKOWANIE FIT-KITFotelik Seat3Fit Chicco wyposa\u017cony zosta\u0142 w czytelne oznakowania Fit-Kit, kt\u00f3re informuj\u0105 opiekuna o zakresie u\u017cytkowania fotelika i wk\u0142adki redukcyjnej oraz monta\u017cu w dowolnym kierunku jazdy.SYSTEM ISOFIXZastosowanie systemu Isofix oraz specjalnej nogi wspieraj\u0105cej zapewni Ci b\u0142yskawiczny i bezpieczny monta\u017c fotelika bez obawy o jego przemieszczenie w trakcie podr\u00f3\u017cy.USTAWIENIE TY\u0141EM DO KIERUNKU JAZDYDop\u00f3ki Twoje dziecko nie sko\u0144czy 15. miesi\u0119cy, musi by\u0107 ono zapinane 5-punktowym pasem bezpiecze\u0144stwa i podr\u00f3\u017cowa\u0107 w foteliku ty\u0142em do kierunku jazdy. Wszystkie te normy spe\u0142nisz kupuj\u0105c dla swojego dziecka fotelik Seat3Fit. Dla jeszcze wi\u0119kszego bezpiecze\u0144stwa, mo\u017cesz u\u017cywa\u0107 konfiguracji ty\u0142em do kierunku jazdy a\u017c do 105 cm (ok. 4 lata).MATERACYK REDUKCYJNY DLA NIEMOWLAKAMaksymalne dopasowanie i komfort podr\u00f3\u017cy malucha zapewnispecjalna wk\u0142adka redukcyjna, stosowana dop\u00f3ki wzrost dziecka nie przekroczy 75 cm. Zapewnia ona prawid\u0142owy k\u0105t siedzenia i w\u0142a\u015bciwe u\u0142o\u017cenie g\u0142\u00f3wki, co maksymalnie zwi\u0119ksza bezpiecze\u0144stwo ma\u0142ego podr\u00f3\u017cnika.ETAP 1 (76-105 CM)Od momentu osi\u0105gni\u0119cia przez dziecko 76 cm wzrostu, fotelik mo\u017cna obr\u00f3ci\u0107 przodem do kierunku jazdy, nadal zabezpieczaj\u0105c malucha 5-punktowym pasem bezpiecze\u0144stwa.ETAP 2 (100-125 CM)Dzieciom, kt\u00f3re przekroczy\u0142y 100 cm wzrost fotelik montujemy przy pomocy \u0142\u0105cznik\u00f3w Isofix, kt\u00f3re zapewni\u0105 wi\u0119ksz\u0105 stabilno\u015b\u0107. Je\u015bli pojazd nie zosta\u0142 wyposa\u017cony w \u0142\u0105cznik Isofix, fotelik mo\u017cna zamontowa\u0107 przy pomocy 3-punktowego pasa samochodowego.KOMFORT R\u00d3WNIE\u017b DLA STARSZYCH DZIECINog\u0119 wspieraj\u0105c\u0105 z \u0142atwo\u015bci\u0105 ukryjesz pod fotelikiem. Seat3Fit staje si\u0119 wtedy prawdziwym fotelikiem podwy\u017cszaj\u0105cym z wysokim oparciem.SYSTEM ROZK\u0141ADANIA6 pozycji nachylenia siedziska zapewni pe\u0142en komfort u\u017cytkowania nawet podczas wielogodzinnych podr\u00f3\u017cy.B\u0141YSKAWICZNA REGULACJAZag\u0142\u00f3wek oraz zintegrowane pasy bezpiecze\u0144stwa wyregulujesz w jednym momencie przy pomocy zaledwie jednej r\u0119ki.SYSTEM CYRKULACJI POWIETRZAW skorupie fotelika zastosowano innowacyjny system, kt\u00f3ry zapewni pe\u0142ny przep\u0142yw powietrza o ka\u017cdej porze roku.SYSTEM OCHRONY BOCZNEJFotelik wyposa\u017cony zosta\u0142 w innowacyjny system ochrony bocznej. W przypadku niebezpiecznego bocznego zderzenia, system ten w znacznym stopniu redukuje si\u0142\u0119 uderzenia, zwi\u0119kszaj\u0105c bezpiecze\u0144stwo malucha.ZGODNY Z NORMAMI EUROPEJSKIMIFotelik MySeat i-Size Air Chiccospe\u0142nia najwa\u017cniejsze standardy bezpiecze\u0144stwa dotycz\u0105ce przewo\u017cenia dzieci. Fotelik homologowany jest zgodnie z norm\u0105 ECE R129\/03.Monta\u017c:40-105 cm: ty\u0142em do kierunku jazdy z Isofix i nog\u0105 wspieraj\u0105c\u010576-105 cm: przodem do kierunku jazdy z Isofix i nog\u0105 wspieraj\u0105c\u0105105-125 cm: przodem do kierunku jazdy za pomoc\u0105 Isofix i 3-punktowego pasa samochodowegoWiek dziecka: 0-7Wzrost dziecka: 40-125 cmWaga dziecka: 0-25 kgWymiary fotelika: 44 x 61.5 x 52.2 cmWaga fotelika: 14.6 kgOpakowanie stanowi element produktu.Uwaga! Zdj\u0119cia prezentowane w opisie maj\u0105 charakter pogl\u0105dowy. Rzeczywista kolorystyka i wz\u00f3r oferowanego produktu znajduje si\u0119 na zdj\u0119ciu g\u0142\u00f3wnym karty produktu.<\/p>\n<h2>Fotelik samochodowy Chicco Seat3Fit I-Size India Ink 0-25Kg Chicco<\/h2>\n<p>quiz o samochodach, kuchcikowo przepisy dla dzieci, alan imi\u0119, \u017carty na prima aprilis dla mamy, \u017carty na prima aprilis na rodzic\u00f3w, prezent dla pi\u0119tnastolatka, mapa europy do druku, mateusz imi\u0119, zaproszenie do druku, wycinanki puzzle do druku, pomys\u0142 na prezent dla nastolatki, prezent dla nastolatek, dla nastolatk\u00f3w prezenty, zagadki wielkanocne dla dzieci<\/p>\n<p>yyyyy<\/p>\n<p>&nbsp;<\/p>\n","protected":false},"excerpt":{"rendered":"<p>Fotelik Seat3Fit I-Size Chicco to innowacyjny fotelik samochodowy, kt\u00f3ry dzi\u0119ki zastosowaniu nowoczesnych rozwi\u0105za\u0144 stanie si\u0119 idealnym towarzyszem bezpiecznej podr\u00f3\u017cy. Komfort i wygod\u0119 u\u017cytkowania zapewni system Isofix ze sk\u0142adan\u0105 nog\u0105 wspieraj\u0105c\u0105 oraz mo\u017cliwo\u015b\u0107 wykonania pe\u0142nego obrotu o 360 stopni.FOTELIK 3W1Seat3Fit I-Size Chicco nad\u0105\u017ca za Twoim dzieckiem. Dzi\u0119ki pe\u0142nej regulacji komponent\u00f3w dopasujesz fotelik tak, jak potrzebujesz a\u017c [&hellip;]<\/p>\n","protected":false},"featured_media":4604,"comment_status":"closed","ping_status":"open","template":"","meta":[],"product_cat":[312,32],"product_tag":[777,719,729,627,661,649,811],"class_list":["post-4603","product","type-product","status-publish","has-post-thumbnail","hentry","product_cat-chicco","product_cat-foteliki-samochodowe","product_tag-co-na-roczek","product_tag-dziecko-cytaty-zlote-mysli","product_tag-madre-bajki-dla-dzieci-do-czytania","product_tag-quiz-dzieci-z-bullerbyn","product_tag-swinka-peppa-kolorowanka","product_tag-zagadki-dla-nastolatkow","product_tag-zagadki-logiczne-dla-dzieci"],"_links":{"self":[{"href":"http:\/\/klubmamgdynia.pl\/index.php\/wp-json\/wp\/v2\/product\/4603","targetHints":{"allow":["GET"]}}],"collection":[{"href":"http:\/\/klubmamgdynia.pl\/index.php\/wp-json\/wp\/v2\/product"}],"about":[{"href":"http:\/\/klubmamgdynia.pl\/index.php\/wp-json\/wp\/v2\/types\/product"}],"replies":[{"embeddable":true,"href":"http:\/\/klubmamgdynia.pl\/index.php\/wp-json\/wp\/v2\/comments?post=4603"}],"wp:featuredmedia":[{"embeddable":true,"href":"http:\/\/klubmamgdynia.pl\/index.php\/wp-json\/wp\/v2\/media\/4604"}],"wp:attachment":[{"href":"http:\/\/klubmamgdynia.pl\/index.php\/wp-json\/wp\/v2\/media?parent=4603"}],"wp:term":[{"taxonomy":"product_cat","embeddable":true,"href":"http:\/\/klubmamgdynia.pl\/index.php\/wp-json\/wp\/v2\/product_cat?post=4603"},{"taxonomy":"product_tag","embeddable":true,"href":"http:\/\/klubmamgdynia.pl\/index.php\/wp-json\/wp\/v2\/product_tag?post=4603"}],"curies":[{"name":"wp","href":"https:\/\/api.w.org\/{rel}","templated":true}]}}