{"id":4605,"date":"2011-02-15T01:01:46","date_gmt":"2011-02-15T00:01:46","guid":{"rendered":"http:\/\/klubmamgdynia.pl\/index.php\/produkt\/spin-master-psi-patro-maskotka-marshall\/"},"modified":"2026-05-17T22:46:02","modified_gmt":"2026-05-17T20:46:02","slug":"spin-master-psi-patro-maskotka-marshall","status":"publish","type":"product","link":"http:\/\/klubmamgdynia.pl\/index.php\/produkt\/spin-master-psi-patro-maskotka-marshall\/","title":{"rendered":"Spin Master Psi Patro maskotka Marshall"},"content":{"rendered":"<p>SUPER CENA &#8211; TANIA DOSTAWA ! &#8211; inni PROMO Maskotka PAW PATROL Psi Patrol 28cm 760018652 Spin Master &#8211; PACZKOMAT, POCZTA, KURIER<\/p>\n<h2>Spin Master Psi Patro maskotka Marshall Spin Master<\/h2>\n<p>asiunia &#8211; test z lektury pdf, nietypowe imiona, miko\u0142ajek quiz, kolorowanka pokemon, minecraft quiz, dyplomy szablony pdf, zabawy dla 5 latka, test zaczarowana zagroda, opisy rodzina, psikusy na prima aprilis, test z lektury opowie\u015bci z narnii lew czarownica i stara szafa, j\u0119zyk polski dla dzieci z ukrainy, \u015bwinka peppa kolorowanka do druku, origami kotek, miasto dzieci krak\u00f3w, prezenty dla nastolatek, prezent na roczek nie zabawka, imi\u0119 iwo, psi patrol zadania do druku, rezolutna dziewczynka z wiersza tuwima<\/p>\n<p>yyyyy<\/p>\n<p>&nbsp;<\/p>\n","protected":false},"excerpt":{"rendered":"<p>SUPER CENA &#8211; TANIA DOSTAWA ! &#8211; inni PROMO Maskotka PAW PATROL Psi Patrol 28cm 760018652 Spin Master &#8211; PACZKOMAT, POCZTA, KURIER Spin Master Psi Patro maskotka Marshall Spin Master asiunia &#8211; test z lektury pdf, nietypowe imiona, miko\u0142ajek quiz, kolorowanka pokemon, minecraft quiz, dyplomy szablony pdf, zabawy dla 5 latka, test zaczarowana zagroda, opisy [&hellip;]<\/p>\n","protected":false},"featured_media":4606,"comment_status":"closed","ping_status":"open","template":"","meta":[],"product_cat":[42,94],"product_tag":[622,695,757,628],"class_list":["post-4605","product","type-product","status-publish","has-post-thumbnail","hentry","product_cat-maskotki","product_cat-spin-master","product_tag-fajne-zagadki","product_tag-rzadkie-imiona-zenskie","product_tag-test-z-lektury-ania-z-zielonego-wzgorza-klasa-6-z-odpowiedziami","product_tag-zagadka"],"_links":{"self":[{"href":"http:\/\/klubmamgdynia.pl\/index.php\/wp-json\/wp\/v2\/product\/4605","targetHints":{"allow":["GET"]}}],"collection":[{"href":"http:\/\/klubmamgdynia.pl\/index.php\/wp-json\/wp\/v2\/product"}],"about":[{"href":"http:\/\/klubmamgdynia.pl\/index.php\/wp-json\/wp\/v2\/types\/product"}],"replies":[{"embeddable":true,"href":"http:\/\/klubmamgdynia.pl\/index.php\/wp-json\/wp\/v2\/comments?post=4605"}],"wp:featuredmedia":[{"embeddable":true,"href":"http:\/\/klubmamgdynia.pl\/index.php\/wp-json\/wp\/v2\/media\/4606"}],"wp:attachment":[{"href":"http:\/\/klubmamgdynia.pl\/index.php\/wp-json\/wp\/v2\/media?parent=4605"}],"wp:term":[{"taxonomy":"product_cat","embeddable":true,"href":"http:\/\/klubmamgdynia.pl\/index.php\/wp-json\/wp\/v2\/product_cat?post=4605"},{"taxonomy":"product_tag","embeddable":true,"href":"http:\/\/klubmamgdynia.pl\/index.php\/wp-json\/wp\/v2\/product_tag?post=4605"}],"curies":[{"name":"wp","href":"https:\/\/api.w.org\/{rel}","templated":true}]}}