{"id":4607,"date":"2013-02-03T22:03:21","date_gmt":"2013-02-03T21:03:21","guid":{"rendered":"http:\/\/klubmamgdynia.pl\/index.php\/produkt\/fotelik-samochodowy-babysafe-saluki-szary-15-36kg\/"},"modified":"2026-04-17T07:22:13","modified_gmt":"2026-04-17T05:22:13","slug":"fotelik-samochodowy-babysafe-saluki-szary-15-36kg","status":"publish","type":"product","link":"http:\/\/klubmamgdynia.pl\/index.php\/produkt\/fotelik-samochodowy-babysafe-saluki-szary-15-36kg\/","title":{"rendered":"Fotelik samochodowy Babysafe Saluki Szary 15-36Kg"},"content":{"rendered":"<p>BabySafe Saluki Fotelik Samochodowy 15-36 kg Wygoda w jednym palcu Wygoda to udoskonalona funkcjonalno\u015b\u0107. Projektuj\u0105c Saluki zadbali\u015bmy, aby wiele funkcji niemal automatycznie dostosowywa\u0142o si\u0119 do Twoich potrzeb. Siedzisko fotelika rozpoznaje stopie\u0144 pochylenia fotela samochodowego i dopasowuje si\u0119 do niego zapewniaj\u0105c idealne mocowanie. Aby ustawi\u0107 wysoko\u015b\u0107 zag\u0142\u00f3wka wystarczy jeden przycisk. Gazowy si\u0142ownik bezstopniowo ustawi oparcie g\u0142owy w idealnie dopasowanej do wzrostu dziecka pozycji. Moc wida\u0107 go\u0142ym okiem Jedno spojrzenie wystarczy by doceni\u0107 moc konstrukcji naszego fotelika. Jego skorupa po prostu otula podr\u00f3\u017cuj\u0105ce dziecko. Saluki wyposa\u017cyli\u015bmy w system ochrony bocznej najnowszej oraz g\u0142\u0119boki zag\u0142\u00f3wek. Mocowanie za pomoc\u0105 systemu ISOFIX zapewnia nie tylko \u0142atwo\u015b\u0107 monta\u017cu, ale przede wszystkim to najbezpieczniejsza metoda pewnego po\u0142\u0105czenia fotelika z punktami konstrukcyjnymi auta. INSTRUKCJA OBS\u0141UGI https:\/\/babysafe.eu\/wp-content\/uploads\/2019\/06\/saluki-manual-PL-EN-DE-RU-FR-ES-WWW.pdf<\/p>\n<h2>Fotelik samochodowy Babysafe Saluki Szary 15-36Kg BabySafe<\/h2>\n<p>zagadki dla dzieci 7-8 lat online, przeczytaj mi wiersz, quiz o kosmosie dla dzieci, karolcia test z lektury, prezenty dla 15 latki, pozytywne cytaty mama cytaty, peppa kolorowanka, posz\u0142a ola na spacerek, nadia, zagadki podchwytliwe<\/p>\n<p>yyyyy<\/p>\n<p>&nbsp;<\/p>\n","protected":false},"excerpt":{"rendered":"<p>BabySafe Saluki Fotelik Samochodowy 15-36 kg Wygoda w jednym palcu Wygoda to udoskonalona funkcjonalno\u015b\u0107. Projektuj\u0105c Saluki zadbali\u015bmy, aby wiele funkcji niemal automatycznie dostosowywa\u0142o si\u0119 do Twoich potrzeb. Siedzisko fotelika rozpoznaje stopie\u0144 pochylenia fotela samochodowego i dopasowuje si\u0119 do niego zapewniaj\u0105c idealne mocowanie. Aby ustawi\u0107 wysoko\u015b\u0107 zag\u0142\u00f3wka wystarczy jeden przycisk. Gazowy si\u0142ownik bezstopniowo ustawi oparcie g\u0142owy [&hellip;]<\/p>\n","protected":false},"featured_media":4608,"comment_status":"closed","ping_status":"open","template":"","meta":[],"product_cat":[972,32],"product_tag":[829,674,594],"class_list":["post-4607","product","type-product","status-publish","has-post-thumbnail","hentry","product_cat-babysafe","product_cat-foteliki-samochodowe","product_tag-bajki-do-czytania-na-dobranoc","product_tag-miasto-dzieci","product_tag-podchwytliwe-zagadki-dla-dzieci"],"_links":{"self":[{"href":"http:\/\/klubmamgdynia.pl\/index.php\/wp-json\/wp\/v2\/product\/4607","targetHints":{"allow":["GET"]}}],"collection":[{"href":"http:\/\/klubmamgdynia.pl\/index.php\/wp-json\/wp\/v2\/product"}],"about":[{"href":"http:\/\/klubmamgdynia.pl\/index.php\/wp-json\/wp\/v2\/types\/product"}],"replies":[{"embeddable":true,"href":"http:\/\/klubmamgdynia.pl\/index.php\/wp-json\/wp\/v2\/comments?post=4607"}],"wp:featuredmedia":[{"embeddable":true,"href":"http:\/\/klubmamgdynia.pl\/index.php\/wp-json\/wp\/v2\/media\/4608"}],"wp:attachment":[{"href":"http:\/\/klubmamgdynia.pl\/index.php\/wp-json\/wp\/v2\/media?parent=4607"}],"wp:term":[{"taxonomy":"product_cat","embeddable":true,"href":"http:\/\/klubmamgdynia.pl\/index.php\/wp-json\/wp\/v2\/product_cat?post=4607"},{"taxonomy":"product_tag","embeddable":true,"href":"http:\/\/klubmamgdynia.pl\/index.php\/wp-json\/wp\/v2\/product_tag?post=4607"}],"curies":[{"name":"wp","href":"https:\/\/api.w.org\/{rel}","templated":true}]}}