{"id":461,"date":"2025-05-03T20:48:43","date_gmt":"2025-05-03T18:48:43","guid":{"rendered":"http:\/\/klubmamgdynia.pl\/index.php\/produkt\/baby-born-smoczki-826881\/"},"modified":"2026-05-03T09:55:41","modified_gmt":"2026-05-03T07:55:41","slug":"baby-born-smoczki-826881","status":"publish","type":"product","link":"http:\/\/klubmamgdynia.pl\/index.php\/produkt\/baby-born-smoczki-826881\/","title":{"rendered":"Baby Born Smoczki 826881"},"content":{"rendered":"<p>Interaktywny smoczek dla lalki \u015awiat\u0142o D\u017awi\u0119k                            <\/p>\n<p>Nowy, interaktywny smoczek dla Baby born to fantastyczny dodatek do pe\u0142nej wra\u017ce\u0144 zabawy lalk\u0105. Smoczek posiada przycisk, kt\u00f3ry aktywuje efekty d\u017awi\u0119kowe i \u015bwietlne podczas zabawy. Gdy naci\u015bniesz guziczek, us\u0142yszysz odg\u0142osy ssania. Smoczek posiada ponadto 3 kolorowe nak\u0142adki: niebieski kwiatek, pomara\u0144czowe serduszko i \u017c\u00f3\u0142t\u0105 gwiazdk\u0119, kt\u00f3re dziewczynka mo\u017ce dowolnie wymienia\u0107, nadaj\u0105c zabawce inny wygl\u0105d. Tr\u00f3jwymiarowa zawieszka &#8211; broszka w kszta\u0142cie misia Bruno (jednego z towarzyszy laleczki w kolekcji Baby born) pe\u0142ni rol\u0119 zabaweczki, ozdoby lub praktycznej broszki, dzi\u0119ki kt\u00f3rej smoczek nie zginie.<br \/>\n\u00a0Zawarto\u015b\u0107 i cechy zestawu:<\/p>\n<p>interaktywny smoczek dla lalki Baby born 43 cm<br \/>\nefekty d\u017awi\u0119kowe i \u015bwietlne<br \/>\n3 r\u00f3\u017cnych kszta\u0142t\u00f3w i kolor\u00f3w nak\u0142adki na smoczek &#8211; kwiatek, gwiazdka, serduszko<br \/>\nzawieszka &#8211; broszka w postaci figurki misia, do kt\u00f3rej zaczepiony jest smoczek<br \/>\nzasilany bateriami: 3 x LR44 (AG13)                            <\/p>\n<p>Zapf Creation &#8211; Baby Born<br \/>\nBaby Born to urocza lalka, kt\u00f3ra ro\u015bnie razem z dziewczynk\u0105. Czasami Baby Born jest jak ma\u0142e dziecko, kt\u00f3re potrzebuje troskliwej opieki, a innym razem to towarzysz zabaw i najlepszy przyjaciel, kt\u00f3ry pod\u0105\u017ca za swoj\u0105 &#8222;mam\u0105&#8221;. W tym celu marka Zapf Creation stworzy\u0142a lalki tematyczne takie jak ksi\u0119\u017cniczka, lekarz czy baletnica, a tak\u017ce mn\u00f3stwo interaktywnych akcesori\u00f3w.<\/p>\n<h2>Baby Born Smoczki 826881 BABY BORN<\/h2>\n<p>zabawy ruchowe dla dzieci w przedszkolu, rebusy i krzy\u017c\u00f3wki dla dzieci do druku, kolorowanka lato, cytat o przyja\u017ani<\/p>\n<p>yyyyy<\/p>\n<p>&nbsp;<\/p>\n","protected":false},"excerpt":{"rendered":"<p>Interaktywny smoczek dla lalki \u015awiat\u0142o D\u017awi\u0119k Nowy, interaktywny smoczek dla Baby born to fantastyczny dodatek do pe\u0142nej wra\u017ce\u0144 zabawy lalk\u0105. Smoczek posiada przycisk, kt\u00f3ry aktywuje efekty d\u017awi\u0119kowe i \u015bwietlne podczas zabawy. Gdy naci\u015bniesz guziczek, us\u0142yszysz odg\u0142osy ssania. Smoczek posiada ponadto 3 kolorowe nak\u0142adki: niebieski kwiatek, pomara\u0144czowe serduszko i \u017c\u00f3\u0142t\u0105 gwiazdk\u0119, kt\u00f3re dziewczynka mo\u017ce dowolnie wymienia\u0107, [&hellip;]<\/p>\n","protected":false},"featured_media":462,"comment_status":"closed","ping_status":"open","template":"","meta":[],"product_cat":[172,176],"product_tag":[832,669,629],"class_list":["post-461","product","type-product","status-publish","has-post-thumbnail","hentry","product_cat-akcesoria-dla-lalek","product_cat-baby-born","product_tag-desery-dla-dzieci","product_tag-kolorowanki","product_tag-smieszne-zagadki-z-odpowiedziami"],"_links":{"self":[{"href":"http:\/\/klubmamgdynia.pl\/index.php\/wp-json\/wp\/v2\/product\/461","targetHints":{"allow":["GET"]}}],"collection":[{"href":"http:\/\/klubmamgdynia.pl\/index.php\/wp-json\/wp\/v2\/product"}],"about":[{"href":"http:\/\/klubmamgdynia.pl\/index.php\/wp-json\/wp\/v2\/types\/product"}],"replies":[{"embeddable":true,"href":"http:\/\/klubmamgdynia.pl\/index.php\/wp-json\/wp\/v2\/comments?post=461"}],"wp:featuredmedia":[{"embeddable":true,"href":"http:\/\/klubmamgdynia.pl\/index.php\/wp-json\/wp\/v2\/media\/462"}],"wp:attachment":[{"href":"http:\/\/klubmamgdynia.pl\/index.php\/wp-json\/wp\/v2\/media?parent=461"}],"wp:term":[{"taxonomy":"product_cat","embeddable":true,"href":"http:\/\/klubmamgdynia.pl\/index.php\/wp-json\/wp\/v2\/product_cat?post=461"},{"taxonomy":"product_tag","embeddable":true,"href":"http:\/\/klubmamgdynia.pl\/index.php\/wp-json\/wp\/v2\/product_tag?post=461"}],"curies":[{"name":"wp","href":"https:\/\/api.w.org\/{rel}","templated":true}]}}